{"id":3641,"date":"2018-11-15T13:43:13","date_gmt":"2018-11-15T13:43:13","guid":{"rendered":"http:\/\/nokianprofiilit.fi\/?page_id=3641"},"modified":"2019-05-06T07:22:01","modified_gmt":"2019-05-06T07:22:01","slug":"tuotteet","status":"publish","type":"page","link":"https:\/\/nokianprofiilit.fi\/sv\/tuotteet\/","title":{"rendered":"Tuotteet"},"content":{"rendered":"<\/div><\/div><\/div><!-- close content main div --><\/div><\/div><div id='full_slider_1' class='avia-fullwidth-slider main_color avia-shadow   toimiala-slider container_wrap fullsize'   ><div  data-size='featured'  data-lightbox_size='large'  data-animation='slide'  data-conditional_play=''  data-ids='3661,3662,3663,3664'  data-video_counter='0'  data-autoplay='false'  data-bg_slider='false'  data-slide_height=''  data-handle='av_slideshow_full'  data-interval='5'  data-class=' image_no_stretch'  data-css_id=''  data-scroll_down=''  data-control_layout='av-control-default'  data-custom_markup=''  data-perma_caption=''  data-autoplay_stopper=''  data-image_attachment=''  data-min_height='0px'  data-src=''  data-position='top left'  data-repeat='no-repeat'  data-attach='scroll'  data-stretch='image_no_stretch'  data-default-height='28.666666666667'  class='avia-slideshow avia-slideshow-1  av-control-default av-default-height-applied avia-slideshow-featured av_slideshow_full  image_no_stretch avia-slide-slider'  itemprop=\"ImageObject\" itemscope=\"itemscope\" itemtype=\"https:\/\/schema.org\/ImageObject\" ><ul class='avia-slideshow-inner' style='padding-bottom: 28.666666666667%;' ><li  class='slide-1' ><div data-rel='slideshow-1' class='avia-slide-wrap'   ><div class = \"caption_fullwidth av-slideshow-caption caption_bottom\"><div class = \"container caption_container\"><div class = \"slideshow_caption\"><div class = \"slideshow_inner_caption\"><div class = \"slideshow_align_caption\"><h2  class='avia-caption-title'  itemprop=\"name\" >Tuotteet<\/h2><\/div><\/div><\/div><\/div><\/div><img src='https:\/\/nokianprofiilit.fi\/wp-content\/uploads\/2018\/11\/652-1500x430.jpg' width='1500' height='430' title='julkisivut' alt='julkisivut'  itemprop=\"thumbnailUrl\"   \/><\/div><\/li><\/ul><\/div><\/div>\r\n\r\n<div class=\"flex_column av_one_full  flex_column_div av-zero-column-padding first\" style='border-radius:0px; '><div style='padding-bottom:30px; color:#44aae4;font-size:28px;' class='av-special-heading av-special-heading-h1 custom-color-heading blockquote modern-quote  h1-default-style av-inherit-size'><h1 class='av-special-heading-tag'  itemprop=\"headline\"  >RAKENNUSJ\u00c4RJESTELM\u00c4T JA RATKAISUT ERI TARPEISIIN<\/h1><div class='special-heading-border'><div class='special-heading-inner-border' style='border-color:#44aae4'><\/div><\/div><\/div>\n<section class=\"av_textblock_section\"  itemscope=\"itemscope\" itemtype=\"https:\/\/schema.org\/CreativeWork\" ><div class='avia_textblock'   itemprop=\"text\" ><p>Alumiiniset rakennusj\u00e4rjestelm\u00e4mme ja tarvikkeemme ovat laadukkaita ja monipuolisia. Tuotteemme ovat kehittyneet vuosikymmenten saatossa pohjoisissa olosuhteissa vastaamaan nykyp\u00e4iv\u00e4n haastaviin tarpeisiin. Tutustu lis\u00e4\u00e4 alumiinituotteisiimme ja tarvikkeisiimme alta.<\/p>\n<\/div><\/section><\/div>\r\n\r\n<div class=\"flex_column av_one_full  flex_column_div av-zero-column-padding first\" style='border-radius:0px; '><div id='av-masonry-1' class='av-masonry  noHover av-fixed-size av-large-gap av-hover-overlay-active av-masonry-col-3 av-caption-always av-caption-style-overlay av-masonry-gallery'  ><div class='av-masonry-container isotope av-js-disabled' ><div class='av-masonry-entry isotope-item av-masonry-item-no-image'><\/div><a href=\"https:\/\/nokianprofiilit.fi\/sv\/julkisivut\/\" id='av-masonry-1-item-2549' data-av-masonry-item='2549' class='av-masonry-entry isotope-item post-2549 attachment type-attachment status-inherit hentry  av-masonry-item-with-image' title=\"JULKISIVUT\"  itemprop=\"thumbnailUrl\" ><div class='av-inner-masonry-sizer'><\/div><figure class='av-inner-masonry main_color'><div class=\"av-masonry-outerimage-container\"><div class=\"av-masonry-image-container\" style=\"background-image: url(https:\/\/nokianprofiilit.fi\/wp-content\/uploads\/2018\/10\/kuva7-705x392.png);\"><\/div><\/div><figcaption class='av-inner-masonry-content site-background'><div class='av-inner-masonry-content-pos'><div class='av-inner-masonry-content-pos-content'><div class='avia-arrow'><\/div><div class='av-masonry-entry-content entry-content'  itemprop=\"text\" >JULKISIVUT<\/div><\/div><\/div><\/figcaption><\/figure><\/a><!--end av-masonry entry--><a href=\"https:\/\/nokianprofiilit.fi\/sv\/ovet\/\" id='av-masonry-1-item-2570' data-av-masonry-item='2570' class='av-masonry-entry isotope-item post-2570 attachment type-attachment status-inherit hentry  av-masonry-item-with-image' title=\"OVET\"  itemprop=\"thumbnailUrl\" ><div class='av-inner-masonry-sizer'><\/div><figure class='av-inner-masonry main_color'><div class=\"av-masonry-outerimage-container\"><div class=\"av-masonry-image-container\" style=\"background-image: url(https:\/\/nokianprofiilit.fi\/wp-content\/uploads\/2018\/10\/kuva10-705x392.png);\"><\/div><\/div><figcaption class='av-inner-masonry-content site-background'><div class='av-inner-masonry-content-pos'><div class='av-inner-masonry-content-pos-content'><div class='avia-arrow'><\/div><div class='av-masonry-entry-content entry-content'  itemprop=\"text\" >OVET<\/div><\/div><\/div><\/figcaption><\/figure><\/a><!--end av-masonry entry--><a href=\"https:\/\/nokianprofiilit.fi\/sv\/ikkunat\/\" id='av-masonry-1-item-2672' data-av-masonry-item='2672' class='av-masonry-entry isotope-item post-2672 attachment type-attachment status-inherit hentry  av-masonry-item-with-image' title=\"IKKUNAT\"  itemprop=\"thumbnailUrl\" ><div class='av-inner-masonry-sizer'><\/div><figure class='av-inner-masonry main_color'><div class=\"av-masonry-outerimage-container\"><div class=\"av-masonry-image-container\" style=\"background-image: url(https:\/\/nokianprofiilit.fi\/wp-content\/uploads\/2018\/10\/kuva17.2-705x392.png);\"><\/div><\/div><figcaption class='av-inner-masonry-content site-background'><div class='av-inner-masonry-content-pos'><div class='av-inner-masonry-content-pos-content'><div class='avia-arrow'><\/div><div class='av-masonry-entry-content entry-content'  itemprop=\"text\" >IKKUNAT<\/div><\/div><\/div><\/figcaption><\/figure><\/a><!--end av-masonry entry--><a href=\"https:\/\/nokianprofiilit.fi\/sv\/lasiseinat\/\" id='av-masonry-1-item-2657' data-av-masonry-item='2657' class='av-masonry-entry isotope-item post-2657 attachment type-attachment status-inherit hentry  av-masonry-item-with-image' title=\"LASISEIN\u00c4T\"  itemprop=\"thumbnailUrl\" ><div class='av-inner-masonry-sizer'><\/div><figure class='av-inner-masonry main_color'><div class=\"av-masonry-outerimage-container\"><div class=\"av-masonry-image-container\" style=\"background-image: url(https:\/\/nokianprofiilit.fi\/wp-content\/uploads\/2018\/10\/kuva22.1-705x392.png);\"><\/div><\/div><figcaption class='av-inner-masonry-content site-background'><div class='av-inner-masonry-content-pos'><div class='av-inner-masonry-content-pos-content'><div class='avia-arrow'><\/div><div class='av-masonry-entry-content entry-content'  itemprop=\"text\" >LASISEIN\u00c4T<\/div><\/div><\/div><\/figcaption><\/figure><\/a><!--end av-masonry entry--><a href=\"https:\/\/nokianprofiilit.fi\/sv\/lasikatot\/\" id='av-masonry-1-item-2664' data-av-masonry-item='2664' class='av-masonry-entry isotope-item post-2664 attachment type-attachment status-inherit hentry  av-masonry-item-with-image' title=\"LASIKATOT\"  itemprop=\"thumbnailUrl\" ><div class='av-inner-masonry-sizer'><\/div><figure class='av-inner-masonry main_color'><div class=\"av-masonry-outerimage-container\"><div class=\"av-masonry-image-container\" style=\"background-image: url(https:\/\/nokianprofiilit.fi\/wp-content\/uploads\/2018\/10\/kuva25.1-705x392.png);\"><\/div><\/div><figcaption class='av-inner-masonry-content site-background'><div class='av-inner-masonry-content-pos'><div class='av-inner-masonry-content-pos-content'><div class='avia-arrow'><\/div><div class='av-masonry-entry-content entry-content'  itemprop=\"text\" >LASIKATOT<\/div><\/div><\/div><\/figcaption><\/figure><\/a><!--end av-masonry entry--><a href=\"https:\/\/nokianprofiilit.fi\/sv\/luodinkestavat-jarjestelmat\/\" id='av-masonry-1-item-4179' data-av-masonry-item='4179' class='av-masonry-entry isotope-item post-4179 attachment type-attachment status-inherit hentry  av-masonry-item-with-image' title=\"LUODINKEST\u00c4V\u00c4T J\u00c4RJESTELM\u00c4T\"  itemprop=\"thumbnailUrl\" ><div class='av-inner-masonry-sizer'><\/div><figure class='av-inner-masonry main_color'><div class=\"av-masonry-outerimage-container\"><div class=\"av-masonry-image-container\" style=\"background-image: url(https:\/\/nokianprofiilit.fi\/wp-content\/uploads\/2018\/12\/R65-BP-ikkuna-3d-1-705x392.png);\"><\/div><\/div><figcaption class='av-inner-masonry-content site-background'><div class='av-inner-masonry-content-pos'><div class='av-inner-masonry-content-pos-content'><div class='avia-arrow'><\/div><div class='av-masonry-entry-content entry-content'  itemprop=\"text\" >LUODINKEST\u00c4V\u00c4T J\u00c4RJESTELM\u00c4T<\/div><\/div><\/div><\/figcaption><\/figure><\/a><!--end av-masonry entry--><a href=\"https:\/\/nokianprofiilit.fi\/sv\/helat-vakiotuotteet\/\" id='av-masonry-1-item-3870' data-av-masonry-item='3870' class='av-masonry-entry isotope-item post-3870 attachment type-attachment status-inherit hentry  av-masonry-item-with-image' title=\"HELAT &amp; VAKIOTUOTTEET\"  itemprop=\"thumbnailUrl\" ><div class='av-inner-masonry-sizer'><\/div><figure class='av-inner-masonry main_color'><div class=\"av-masonry-outerimage-container\"><div class=\"av-masonry-image-container\" style=\"background-image: url(https:\/\/nokianprofiilit.fi\/wp-content\/uploads\/2018\/11\/Dr.-Hahn-6-705x392.png);\"><\/div><\/div><figcaption class='av-inner-masonry-content site-background'><div class='av-inner-masonry-content-pos'><div class='av-inner-masonry-content-pos-content'><div class='avia-arrow'><\/div><div class='av-masonry-entry-content entry-content'  itemprop=\"text\" >HELAT & VAKIOTUOTTEET<\/div><\/div><\/div><\/figcaption><\/figure><\/a><!--end av-masonry entry--><a href=\"https:\/\/nokianprofiilit.fi\/sv\/tuotteet-lasitusliikkeille\/\" id='av-masonry-1-item-3675' data-av-masonry-item='3675' class='av-masonry-entry isotope-item post-3675 attachment type-attachment status-inherit hentry  av-masonry-item-with-image' title=\"TUOTTEET LASITUSLIIKKEILLE\"  itemprop=\"thumbnailUrl\" ><div class='av-inner-masonry-sizer'><\/div><figure class='av-inner-masonry main_color'><div class=\"av-masonry-outerimage-container\"><div class=\"av-masonry-image-container\" style=\"background-image: url(https:\/\/nokianprofiilit.fi\/wp-content\/uploads\/2018\/11\/architectural-architectural-design-architecture-1029606-2-705x468.jpg);\"><\/div><\/div><figcaption class='av-inner-masonry-content site-background'><div class='av-inner-masonry-content-pos'><div class='av-inner-masonry-content-pos-content'><div class='avia-arrow'><\/div><div class='av-masonry-entry-content entry-content'  itemprop=\"text\" >TUOTTEET LASITUSLIIKKEILLE<\/div><\/div><\/div><\/figcaption><\/figure><\/a><!--end av-masonry entry--><a href=\"https:\/\/nokianprofiilit.fi\/sv\/paneelit-saleikot\/\" id='av-masonry-1-item-4200' data-av-masonry-item='4200' class='av-masonry-entry isotope-item post-4200 attachment type-attachment status-inherit hentry  av-masonry-item-with-image' title=\"PANEELIT &amp; S\u00c4LEIK\u00d6T\"  itemprop=\"thumbnailUrl\" ><div class='av-inner-masonry-sizer'><\/div><figure class='av-inner-masonry main_color'><div class=\"av-masonry-outerimage-container\"><div class=\"av-masonry-image-container\" style=\"background-image: url(https:\/\/nokianprofiilit.fi\/wp-content\/uploads\/2018\/12\/105-705x529.jpg);\"><\/div><\/div><figcaption class='av-inner-masonry-content site-background'><div class='av-inner-masonry-content-pos'><div class='av-inner-masonry-content-pos-content'><div class='avia-arrow'><\/div><div class='av-masonry-entry-content entry-content'  itemprop=\"text\" >PANEELIT & S\u00c4LEIK\u00d6T<\/div><\/div><\/div><\/figcaption><\/figure><\/a><!--end av-masonry entry--><a href=\"https:\/\/nokianprofiilit.fi\/sv\/lasikaiteet\/\" id='av-masonry-1-item-4986' data-av-masonry-item='4986' class='av-masonry-entry isotope-item post-4986 attachment type-attachment status-inherit hentry  av-masonry-item-with-image' title=\"LASIKAITEET\"  itemprop=\"thumbnailUrl\" ><div class='av-inner-masonry-sizer'><\/div><figure class='av-inner-masonry main_color'><div class=\"av-masonry-outerimage-container\"><div class=\"av-masonry-image-container\" style=\"background-image: url(https:\/\/nokianprofiilit.fi\/wp-content\/uploads\/2019\/04\/lasikaiteet-705x471.jpg);\"><\/div><\/div><figcaption class='av-inner-masonry-content site-background'><div class='av-inner-masonry-content-pos'><div class='av-inner-masonry-content-pos-content'><div class='avia-arrow'><\/div><div class='av-masonry-entry-content entry-content'  itemprop=\"text\" >LASIKAITEET<\/div><\/div><\/div><\/figcaption><\/figure><\/a><!--end av-masonry entry--><a href=\"https:\/\/nokianprofiilit.fi\/sv\/stanssit-poraohjaimet-ja-koneet\/\" id='av-masonry-1-item-5016' data-av-masonry-item='5016' class='av-masonry-entry isotope-item post-5016 attachment type-attachment status-inherit hentry  av-masonry-item-with-image' title=\"STANSSIT, PORAOHJAIMET JA KONEET\"  itemprop=\"thumbnailUrl\" ><div class='av-inner-masonry-sizer'><\/div><figure class='av-inner-masonry main_color'><div class=\"av-masonry-outerimage-container\"><div class=\"av-masonry-image-container\" style=\"background-image: url(https:\/\/nokianprofiilit.fi\/wp-content\/uploads\/2019\/04\/3-705x529.jpg);\"><\/div><\/div><figcaption class='av-inner-masonry-content site-background'><div class='av-inner-masonry-content-pos'><div class='av-inner-masonry-content-pos-content'><div class='avia-arrow'><\/div><div class='av-masonry-entry-content entry-content'  itemprop=\"text\" >STANSSIT, PORAOHJAIMET JA KONEET<\/div><\/div><\/div><\/figcaption><\/figure><\/a><!--end av-masonry entry--><a href=\"http:\/\/nokianprofiilit.fi\/sv\/bruttohinnasto\/\" id='av-masonry-1-item-4998' data-av-masonry-item='4998' class='av-masonry-entry isotope-item post-4998 attachment type-attachment status-inherit hentry  av-masonry-item-with-image' title=\"BRUTTOHINNASTO\"  itemprop=\"thumbnailUrl\" ><div class='av-inner-masonry-sizer'><\/div><figure class='av-inner-masonry main_color'><div class=\"av-masonry-outerimage-container\"><div class=\"av-masonry-image-container\" style=\"background-image: url(https:\/\/nokianprofiilit.fi\/wp-content\/uploads\/2019\/04\/hinnasto-705x470.jpg);\"><\/div><\/div><figcaption class='av-inner-masonry-content site-background'><div class='av-inner-masonry-content-pos'><div class='av-inner-masonry-content-pos-content'><div class='avia-arrow'><\/div><div class='av-masonry-entry-content entry-content'  itemprop=\"text\" >BRUTTOHINNASTO<\/div><\/div><\/div><\/figcaption><\/figure><\/a><!--end av-masonry entry--><\/div><\/div><\/div>","protected":false},"excerpt":{"rendered":"","protected":false},"author":1,"featured_media":0,"parent":0,"menu_order":0,"comment_status":"closed","ping_status":"closed","template":"","meta":{"footnotes":""},"yoast_head":"<!-- This site is optimized with the Yoast SEO plugin v22.1 - https:\/\/yoast.com\/wordpress\/plugins\/seo\/ -->\n<title>Alumiinituotteet ja Rakennusj\u00e4rjestelm\u00e4t | Nokian Profiilit Oy<\/title>\n<meta name=\"description\" content=\"Alumiiniset rakennusj\u00e4rjestelm\u00e4mme ja tarvikkeemme ovat laadukkaita ja monipuolisia. Meid\u00e4n alumiinituotteet ovat kehittyneet vuosikymmenten saatossa.\" \/>\n<meta name=\"robots\" content=\"index, follow, max-snippet:-1, max-image-preview:large, max-video-preview:-1\" \/>\n<link rel=\"canonical\" href=\"https:\/\/nokianprofiilit.fi\/sv\/tuotteet\/\" \/>\n<meta property=\"og:locale\" content=\"sv_SE\" \/>\n<meta property=\"og:type\" content=\"article\" \/>\n<meta property=\"og:title\" content=\"Alumiinituotteet ja Rakennusj\u00e4rjestelm\u00e4t | Nokian Profiilit Oy\" \/>\n<meta property=\"og:description\" content=\"Alumiiniset rakennusj\u00e4rjestelm\u00e4mme ja tarvikkeemme ovat laadukkaita ja monipuolisia. Meid\u00e4n alumiinituotteet ovat kehittyneet vuosikymmenten saatossa.\" \/>\n<meta property=\"og:url\" content=\"https:\/\/nokianprofiilit.fi\/sv\/tuotteet\/\" \/>\n<meta property=\"og:site_name\" content=\"Nokian Profiilit Oy\" \/>\n<meta property=\"article:publisher\" content=\"https:\/\/www.facebook.com\/Nokian-Profiilit-Oy-131383804412730\/\" \/>\n<meta property=\"article:modified_time\" content=\"2019-05-06T07:22:01+00:00\" \/>\n<meta name=\"twitter:card\" content=\"summary_large_image\" \/>\n<meta name=\"twitter:label1\" content=\"Est. reading time\" \/>\n\t<meta name=\"twitter:data1\" content=\"5 minutes\" \/>\n<script type=\"application\/ld+json\" class=\"yoast-schema-graph\">{\"@context\":\"https:\/\/schema.org\",\"@graph\":[{\"@type\":\"WebPage\",\"@id\":\"https:\/\/nokianprofiilit.fi\/tuotteet\/\",\"url\":\"https:\/\/nokianprofiilit.fi\/tuotteet\/\",\"name\":\"Alumiinituotteet ja Rakennusj\u00e4rjestelm\u00e4t | Nokian Profiilit Oy\",\"isPartOf\":{\"@id\":\"https:\/\/nokianprofiilit.fi\/#website\"},\"datePublished\":\"2018-11-15T13:43:13+00:00\",\"dateModified\":\"2019-05-06T07:22:01+00:00\",\"description\":\"Alumiiniset rakennusj\u00e4rjestelm\u00e4mme ja tarvikkeemme ovat laadukkaita ja monipuolisia. Meid\u00e4n alumiinituotteet ovat kehittyneet vuosikymmenten saatossa.\",\"breadcrumb\":{\"@id\":\"https:\/\/nokianprofiilit.fi\/tuotteet\/#breadcrumb\"},\"inLanguage\":\"sv-SE\",\"potentialAction\":[{\"@type\":\"ReadAction\",\"target\":[\"https:\/\/nokianprofiilit.fi\/tuotteet\/\"]}]},{\"@type\":\"BreadcrumbList\",\"@id\":\"https:\/\/nokianprofiilit.fi\/tuotteet\/#breadcrumb\",\"itemListElement\":[{\"@type\":\"ListItem\",\"position\":1,\"name\":\"Home\",\"item\":\"https:\/\/nokianprofiilit.fi\/\"},{\"@type\":\"ListItem\",\"position\":2,\"name\":\"Tuotteet\"}]},{\"@type\":\"WebSite\",\"@id\":\"https:\/\/nokianprofiilit.fi\/#website\",\"url\":\"https:\/\/nokianprofiilit.fi\/\",\"name\":\"Nokian Profiilit Oy\",\"description\":\"Julkisivut ja alumiiniprofiilit teollisuuden eri tarpeisiin\",\"potentialAction\":[{\"@type\":\"SearchAction\",\"target\":{\"@type\":\"EntryPoint\",\"urlTemplate\":\"https:\/\/nokianprofiilit.fi\/?s={search_term_string}\"},\"query-input\":\"required name=search_term_string\"}],\"inLanguage\":\"sv-SE\"}]}<\/script>\n<!-- \/ Yoast SEO plugin. -->","yoast_head_json":{"title":"Alumiinituotteet ja Rakennusj\u00e4rjestelm\u00e4t | Nokian Profiilit Oy","description":"Alumiiniset rakennusj\u00e4rjestelm\u00e4mme ja tarvikkeemme ovat laadukkaita ja monipuolisia. Meid\u00e4n alumiinituotteet ovat kehittyneet vuosikymmenten saatossa.","robots":{"index":"index","follow":"follow","max-snippet":"max-snippet:-1","max-image-preview":"max-image-preview:large","max-video-preview":"max-video-preview:-1"},"canonical":"https:\/\/nokianprofiilit.fi\/sv\/tuotteet\/","og_locale":"sv_SE","og_type":"article","og_title":"Alumiinituotteet ja Rakennusj\u00e4rjestelm\u00e4t | Nokian Profiilit Oy","og_description":"Alumiiniset rakennusj\u00e4rjestelm\u00e4mme ja tarvikkeemme ovat laadukkaita ja monipuolisia. Meid\u00e4n alumiinituotteet ovat kehittyneet vuosikymmenten saatossa.","og_url":"https:\/\/nokianprofiilit.fi\/sv\/tuotteet\/","og_site_name":"Nokian Profiilit Oy","article_publisher":"https:\/\/www.facebook.com\/Nokian-Profiilit-Oy-131383804412730\/","article_modified_time":"2019-05-06T07:22:01+00:00","twitter_card":"summary_large_image","twitter_misc":{"Est. reading time":"5 minutes"},"schema":{"@context":"https:\/\/schema.org","@graph":[{"@type":"WebPage","@id":"https:\/\/nokianprofiilit.fi\/tuotteet\/","url":"https:\/\/nokianprofiilit.fi\/tuotteet\/","name":"Alumiinituotteet ja Rakennusj\u00e4rjestelm\u00e4t | Nokian Profiilit Oy","isPartOf":{"@id":"https:\/\/nokianprofiilit.fi\/#website"},"datePublished":"2018-11-15T13:43:13+00:00","dateModified":"2019-05-06T07:22:01+00:00","description":"Alumiiniset rakennusj\u00e4rjestelm\u00e4mme ja tarvikkeemme ovat laadukkaita ja monipuolisia. Meid\u00e4n alumiinituotteet ovat kehittyneet vuosikymmenten saatossa.","breadcrumb":{"@id":"https:\/\/nokianprofiilit.fi\/tuotteet\/#breadcrumb"},"inLanguage":"sv-SE","potentialAction":[{"@type":"ReadAction","target":["https:\/\/nokianprofiilit.fi\/tuotteet\/"]}]},{"@type":"BreadcrumbList","@id":"https:\/\/nokianprofiilit.fi\/tuotteet\/#breadcrumb","itemListElement":[{"@type":"ListItem","position":1,"name":"Home","item":"https:\/\/nokianprofiilit.fi\/"},{"@type":"ListItem","position":2,"name":"Tuotteet"}]},{"@type":"WebSite","@id":"https:\/\/nokianprofiilit.fi\/#website","url":"https:\/\/nokianprofiilit.fi\/","name":"Nokian Profiilit Oy","description":"Julkisivut ja alumiiniprofiilit teollisuuden eri tarpeisiin","potentialAction":[{"@type":"SearchAction","target":{"@type":"EntryPoint","urlTemplate":"https:\/\/nokianprofiilit.fi\/?s={search_term_string}"},"query-input":"required name=search_term_string"}],"inLanguage":"sv-SE"}]}},"_links":{"self":[{"href":"https:\/\/nokianprofiilit.fi\/sv\/wp-json\/wp\/v2\/pages\/3641"}],"collection":[{"href":"https:\/\/nokianprofiilit.fi\/sv\/wp-json\/wp\/v2\/pages"}],"about":[{"href":"https:\/\/nokianprofiilit.fi\/sv\/wp-json\/wp\/v2\/types\/page"}],"author":[{"embeddable":true,"href":"https:\/\/nokianprofiilit.fi\/sv\/wp-json\/wp\/v2\/users\/1"}],"replies":[{"embeddable":true,"href":"https:\/\/nokianprofiilit.fi\/sv\/wp-json\/wp\/v2\/comments?post=3641"}],"version-history":[{"count":56,"href":"https:\/\/nokianprofiilit.fi\/sv\/wp-json\/wp\/v2\/pages\/3641\/revisions"}],"predecessor-version":[{"id":5507,"href":"https:\/\/nokianprofiilit.fi\/sv\/wp-json\/wp\/v2\/pages\/3641\/revisions\/5507"}],"wp:attachment":[{"href":"https:\/\/nokianprofiilit.fi\/sv\/wp-json\/wp\/v2\/media?parent=3641"}],"curies":[{"name":"wp","href":"https:\/\/api.w.org\/{rel}","templated":true}]}}