{"id":3434,"date":"2018-11-08T13:53:32","date_gmt":"2018-11-08T13:53:32","guid":{"rendered":"http:\/\/nokianprofiilit.fi\/?page_id=3434"},"modified":"2019-04-30T17:10:26","modified_gmt":"2019-04-30T17:10:26","slug":"rakennusjarjestelmat-rakennusliikkeille","status":"publish","type":"page","link":"https:\/\/nokianprofiilit.fi\/sv\/rakennusjarjestelmat-rakennusliikkeille\/","title":{"rendered":"Rakennusliikkeille"},"content":{"rendered":"<\/div><\/div><\/div><!-- close content main div --><\/div><\/div><div id='full_slider_1' class='avia-fullwidth-slider main_color avia-shadow   toimiala-slider container_wrap fullsize'   ><div  data-size='featured'  data-lightbox_size='large'  data-animation='slide'  data-conditional_play=''  data-ids='3413'  data-video_counter='0'  data-autoplay='false'  data-bg_slider='false'  data-slide_height=''  data-handle='av_slideshow_full'  data-interval='5'  data-class=' '  data-css_id=''  data-scroll_down=''  data-control_layout='av-control-default'  data-custom_markup=''  data-perma_caption=''  data-autoplay_stopper=''  data-image_attachment=''  data-min_height='0px'  data-src=''  data-position='top left'  data-repeat='no-repeat'  data-attach='scroll'  data-stretch=''  data-default-height='28.666666666667'  class='avia-slideshow avia-slideshow-1  av-control-default av-default-height-applied avia-slideshow-featured av_slideshow_full   avia-slide-slider'  itemprop=\"ImageObject\" itemscope=\"itemscope\" itemtype=\"https:\/\/schema.org\/ImageObject\" ><ul class='avia-slideshow-inner' style='padding-bottom: 28.666666666667%;' ><li  class='av-single-slide slide-1' ><div data-rel='slideshow-1' class='avia-slide-wrap'   ><div class = \"caption_fullwidth av-slideshow-caption caption_bottom\"><div class = \"container caption_container\"><div class = \"slideshow_caption\"><div class = \"slideshow_inner_caption\"><div class = \"slideshow_align_caption\"><h2  class='avia-caption-title'  itemprop=\"name\" >Rakennusliikkeille<\/h2><\/div><\/div><\/div><\/div><\/div><img src='https:\/\/nokianprofiilit.fi\/wp-content\/uploads\/2018\/11\/192335-OXNY10-904-1500x430.jpg' width='1500' height='430' title='rakennusliikkeille' alt='rakennusliikkeille'  itemprop=\"thumbnailUrl\"   \/><\/div><\/li><\/ul><\/div><\/div>\r\n\r\n<div class=\"flex_column av_one_full  flex_column_div av-zero-column-padding first\" style='border-radius:0px; '><div style='padding-bottom:30px; color:#44aae4;font-size:28px;' class='av-special-heading av-special-heading-h1 custom-color-heading blockquote modern-quote  h1-default-style av-inherit-size'><h1 class='av-special-heading-tag'  itemprop=\"headline\"  >LUOTETTAVAT JA EDULLISET RAKENNUSJ\u00c4RJESTELM\u00c4T<\/h1><div class='special-heading-border'><div class='special-heading-inner-border' style='border-color:#44aae4'><\/div><\/div><\/div>\n<section class=\"av_textblock_section\"  itemscope=\"itemscope\" itemtype=\"https:\/\/schema.org\/CreativeWork\" ><div class='avia_textblock'   itemprop=\"text\" ><p>Nokian Profiilit Oy:n rakennusj\u00e4rjestelm\u00e4t on suunniteltu Pohjolan oloihin ja vuodesta 1962 l\u00e4htien ne ovat osoittaneet laadukkuutensa ja luotettavuutensa. Kaikki Nokian Profiilien rakennusj\u00e4rjestelm\u00e4t ovat kehitetty niin, ett\u00e4 ne t\u00e4ytt\u00e4v\u00e4t kaikki nykyiset vaatimukset ja ovat silti mahdollisimman edullisia.<\/p>\n<p>Tutustu meid\u00e4n rakennusj\u00e4rjestelmien valikoimaan tai pyyd\u00e4 lis\u00e4tietoja meilt\u00e4.<\/p>\n<\/div><\/section><\/div><div class=\"flex_column av_one_full  flex_column_div av-zero-column-padding first\" style='border-radius:0px; '><div class='avia-button-wrap avia-button-left'><a href='https:\/\/nokianprofiilit.fi\/sv\/tuotteet\/'  class='avia-button av-icon-on-hover  avia-icon_select-no avia-color-theme-color-highlight avia-size-large avia-position-left'   ><span class='avia_iconbox_title' >Tutustu valikoimaamme<\/span><\/a><\/div>\n<div class='avia-button-wrap avia-button-left'><a href='https:\/\/nokianprofiilit.fi\/sv\/yhteystiedot\/'  class='avia-button av-icon-on-hover  avia-icon_select-no avia-color-theme-color-highlight avia-size-large avia-position-left'   ><span class='avia_iconbox_title' >Kysy lis\u00e4tietoja<\/span><\/a><\/div><\/div>","protected":false},"excerpt":{"rendered":"","protected":false},"author":1,"featured_media":0,"parent":0,"menu_order":0,"comment_status":"closed","ping_status":"closed","template":"","meta":{"footnotes":""},"yoast_head":"<!-- This site is optimized with the Yoast SEO plugin v22.1 - https:\/\/yoast.com\/wordpress\/plugins\/seo\/ -->\n<title>Edulliset rakennusj\u00e4rjestelm\u00e4t rakennusliikkeille | Nokian Profiilit Oy<\/title>\n<meta name=\"description\" content=\"Nokian Profiilit Oy:n rakennusj\u00e4rjestelm\u00e4t on suunniteltu Pohjolan oloihin ja vuodesta 1962 l\u00e4htien ne ovat osoittaneet laadukkuutensa ja luotettavuutensa.\" \/>\n<meta name=\"robots\" content=\"index, follow, max-snippet:-1, max-image-preview:large, max-video-preview:-1\" \/>\n<link rel=\"canonical\" href=\"https:\/\/nokianprofiilit.fi\/sv\/rakennusjarjestelmat-rakennusliikkeille\/\" \/>\n<meta property=\"og:locale\" content=\"sv_SE\" \/>\n<meta property=\"og:type\" content=\"article\" \/>\n<meta property=\"og:title\" content=\"Edulliset rakennusj\u00e4rjestelm\u00e4t rakennusliikkeille | Nokian Profiilit Oy\" \/>\n<meta property=\"og:description\" content=\"Nokian Profiilit Oy:n rakennusj\u00e4rjestelm\u00e4t on suunniteltu Pohjolan oloihin ja vuodesta 1962 l\u00e4htien ne ovat osoittaneet laadukkuutensa ja luotettavuutensa.\" \/>\n<meta property=\"og:url\" content=\"https:\/\/nokianprofiilit.fi\/sv\/rakennusjarjestelmat-rakennusliikkeille\/\" \/>\n<meta property=\"og:site_name\" content=\"Nokian Profiilit Oy\" \/>\n<meta property=\"article:publisher\" content=\"https:\/\/www.facebook.com\/Nokian-Profiilit-Oy-131383804412730\/\" \/>\n<meta property=\"article:modified_time\" content=\"2019-04-30T17:10:26+00:00\" \/>\n<meta name=\"twitter:card\" content=\"summary_large_image\" \/>\n<meta name=\"twitter:label1\" content=\"Est. reading time\" \/>\n\t<meta name=\"twitter:data1\" content=\"3 minutes\" \/>\n<script type=\"application\/ld+json\" class=\"yoast-schema-graph\">{\"@context\":\"https:\/\/schema.org\",\"@graph\":[{\"@type\":\"WebPage\",\"@id\":\"https:\/\/nokianprofiilit.fi\/rakennusjarjestelmat-rakennusliikkeille\/\",\"url\":\"https:\/\/nokianprofiilit.fi\/rakennusjarjestelmat-rakennusliikkeille\/\",\"name\":\"Edulliset rakennusj\u00e4rjestelm\u00e4t rakennusliikkeille | Nokian Profiilit Oy\",\"isPartOf\":{\"@id\":\"https:\/\/nokianprofiilit.fi\/#website\"},\"datePublished\":\"2018-11-08T13:53:32+00:00\",\"dateModified\":\"2019-04-30T17:10:26+00:00\",\"description\":\"Nokian Profiilit Oy:n rakennusj\u00e4rjestelm\u00e4t on suunniteltu Pohjolan oloihin ja vuodesta 1962 l\u00e4htien ne ovat osoittaneet laadukkuutensa ja luotettavuutensa.\",\"breadcrumb\":{\"@id\":\"https:\/\/nokianprofiilit.fi\/rakennusjarjestelmat-rakennusliikkeille\/#breadcrumb\"},\"inLanguage\":\"sv-SE\",\"potentialAction\":[{\"@type\":\"ReadAction\",\"target\":[\"https:\/\/nokianprofiilit.fi\/rakennusjarjestelmat-rakennusliikkeille\/\"]}]},{\"@type\":\"BreadcrumbList\",\"@id\":\"https:\/\/nokianprofiilit.fi\/rakennusjarjestelmat-rakennusliikkeille\/#breadcrumb\",\"itemListElement\":[{\"@type\":\"ListItem\",\"position\":1,\"name\":\"Home\",\"item\":\"https:\/\/nokianprofiilit.fi\/\"},{\"@type\":\"ListItem\",\"position\":2,\"name\":\"Rakennusliikkeille\"}]},{\"@type\":\"WebSite\",\"@id\":\"https:\/\/nokianprofiilit.fi\/#website\",\"url\":\"https:\/\/nokianprofiilit.fi\/\",\"name\":\"Nokian Profiilit Oy\",\"description\":\"Julkisivut ja alumiiniprofiilit teollisuuden eri tarpeisiin\",\"potentialAction\":[{\"@type\":\"SearchAction\",\"target\":{\"@type\":\"EntryPoint\",\"urlTemplate\":\"https:\/\/nokianprofiilit.fi\/?s={search_term_string}\"},\"query-input\":\"required name=search_term_string\"}],\"inLanguage\":\"sv-SE\"}]}<\/script>\n<!-- \/ Yoast SEO plugin. -->","yoast_head_json":{"title":"Edulliset rakennusj\u00e4rjestelm\u00e4t rakennusliikkeille | Nokian Profiilit Oy","description":"Nokian Profiilit Oy:n rakennusj\u00e4rjestelm\u00e4t on suunniteltu Pohjolan oloihin ja vuodesta 1962 l\u00e4htien ne ovat osoittaneet laadukkuutensa ja luotettavuutensa.","robots":{"index":"index","follow":"follow","max-snippet":"max-snippet:-1","max-image-preview":"max-image-preview:large","max-video-preview":"max-video-preview:-1"},"canonical":"https:\/\/nokianprofiilit.fi\/sv\/rakennusjarjestelmat-rakennusliikkeille\/","og_locale":"sv_SE","og_type":"article","og_title":"Edulliset rakennusj\u00e4rjestelm\u00e4t rakennusliikkeille | Nokian Profiilit Oy","og_description":"Nokian Profiilit Oy:n rakennusj\u00e4rjestelm\u00e4t on suunniteltu Pohjolan oloihin ja vuodesta 1962 l\u00e4htien ne ovat osoittaneet laadukkuutensa ja luotettavuutensa.","og_url":"https:\/\/nokianprofiilit.fi\/sv\/rakennusjarjestelmat-rakennusliikkeille\/","og_site_name":"Nokian Profiilit Oy","article_publisher":"https:\/\/www.facebook.com\/Nokian-Profiilit-Oy-131383804412730\/","article_modified_time":"2019-04-30T17:10:26+00:00","twitter_card":"summary_large_image","twitter_misc":{"Est. reading time":"3 minutes"},"schema":{"@context":"https:\/\/schema.org","@graph":[{"@type":"WebPage","@id":"https:\/\/nokianprofiilit.fi\/rakennusjarjestelmat-rakennusliikkeille\/","url":"https:\/\/nokianprofiilit.fi\/rakennusjarjestelmat-rakennusliikkeille\/","name":"Edulliset rakennusj\u00e4rjestelm\u00e4t rakennusliikkeille | Nokian Profiilit Oy","isPartOf":{"@id":"https:\/\/nokianprofiilit.fi\/#website"},"datePublished":"2018-11-08T13:53:32+00:00","dateModified":"2019-04-30T17:10:26+00:00","description":"Nokian Profiilit Oy:n rakennusj\u00e4rjestelm\u00e4t on suunniteltu Pohjolan oloihin ja vuodesta 1962 l\u00e4htien ne ovat osoittaneet laadukkuutensa ja luotettavuutensa.","breadcrumb":{"@id":"https:\/\/nokianprofiilit.fi\/rakennusjarjestelmat-rakennusliikkeille\/#breadcrumb"},"inLanguage":"sv-SE","potentialAction":[{"@type":"ReadAction","target":["https:\/\/nokianprofiilit.fi\/rakennusjarjestelmat-rakennusliikkeille\/"]}]},{"@type":"BreadcrumbList","@id":"https:\/\/nokianprofiilit.fi\/rakennusjarjestelmat-rakennusliikkeille\/#breadcrumb","itemListElement":[{"@type":"ListItem","position":1,"name":"Home","item":"https:\/\/nokianprofiilit.fi\/"},{"@type":"ListItem","position":2,"name":"Rakennusliikkeille"}]},{"@type":"WebSite","@id":"https:\/\/nokianprofiilit.fi\/#website","url":"https:\/\/nokianprofiilit.fi\/","name":"Nokian Profiilit Oy","description":"Julkisivut ja alumiiniprofiilit teollisuuden eri tarpeisiin","potentialAction":[{"@type":"SearchAction","target":{"@type":"EntryPoint","urlTemplate":"https:\/\/nokianprofiilit.fi\/?s={search_term_string}"},"query-input":"required name=search_term_string"}],"inLanguage":"sv-SE"}]}},"_links":{"self":[{"href":"https:\/\/nokianprofiilit.fi\/sv\/wp-json\/wp\/v2\/pages\/3434"}],"collection":[{"href":"https:\/\/nokianprofiilit.fi\/sv\/wp-json\/wp\/v2\/pages"}],"about":[{"href":"https:\/\/nokianprofiilit.fi\/sv\/wp-json\/wp\/v2\/types\/page"}],"author":[{"embeddable":true,"href":"https:\/\/nokianprofiilit.fi\/sv\/wp-json\/wp\/v2\/users\/1"}],"replies":[{"embeddable":true,"href":"https:\/\/nokianprofiilit.fi\/sv\/wp-json\/wp\/v2\/comments?post=3434"}],"version-history":[{"count":9,"href":"https:\/\/nokianprofiilit.fi\/sv\/wp-json\/wp\/v2\/pages\/3434\/revisions"}],"predecessor-version":[{"id":5500,"href":"https:\/\/nokianprofiilit.fi\/sv\/wp-json\/wp\/v2\/pages\/3434\/revisions\/5500"}],"wp:attachment":[{"href":"https:\/\/nokianprofiilit.fi\/sv\/wp-json\/wp\/v2\/media?parent=3434"}],"curies":[{"name":"wp","href":"https:\/\/api.w.org\/{rel}","templated":true}]}}