{"id":2785,"date":"2018-10-31T12:48:46","date_gmt":"2018-10-31T12:48:46","guid":{"rendered":"http:\/\/nokianprofiilit.fi\/?page_id=2785"},"modified":"2019-04-30T18:35:55","modified_gmt":"2019-04-30T18:35:55","slug":"asiakaskohtaiset-profiilit","status":"publish","type":"page","link":"https:\/\/nokianprofiilit.fi\/sv\/asiakaskohtaiset-profiilit\/","title":{"rendered":"Asiakaskohtaiset Profiilit"},"content":{"rendered":"<div class=\"flex_column av_one_full  flex_column_div av-zero-column-padding first\" style='border-radius:0px; '><div style='padding-bottom:10px; font-size:28px;' class='av-special-heading av-special-heading-h1  blockquote modern-quote modern-centered   av-inherit-size'><h1 class='av-special-heading-tag'  itemprop=\"headline\"  >Asiakaskohtaiset profiilit<\/h1><div class='special-heading-border'><div class='special-heading-inner-border' ><\/div><\/div><\/div>\n<div  data-size='featured_large'  data-lightbox_size='large'  data-animation='slide'  data-conditional_play=''  data-ids='2786'  data-video_counter='0'  data-autoplay='false'  data-bg_slider='false'  data-slide_height=''  data-handle='av_slideshow'  data-interval='5'  data-class=' avia-easyslider '  data-css_id=''  data-scroll_down=''  data-control_layout='av-control-default'  data-custom_markup=''  data-perma_caption=''  data-autoplay_stopper=''  data-image_attachment=''  data-min_height='0px'  data-default-height='42'  class='avia-slideshow avia-slideshow-1  av-control-default av-default-height-applied avia-slideshow-featured_large av_slideshow  avia-easyslider  avia-slide-slider'  itemprop=\"ImageObject\" itemscope=\"itemscope\" itemtype=\"https:\/\/schema.org\/ImageObject\" ><ul class='avia-slideshow-inner' style='padding-bottom: 38.5%;' ><li  class='av-single-slide slide-1' ><div data-rel='slideshow-1' class='avia-slide-wrap'   ><img src='https:\/\/nokianprofiilit.fi\/wp-content\/uploads\/2018\/10\/a.jpg' width='400' height='154' title='asiakohtaiset profiilit2' alt=''  itemprop=\"thumbnailUrl\"   \/><\/div><\/li><\/ul><\/div><\/div>\r\n\r\n<div class=\"flex_column av_one_full  av-animated-generic right-to-left  flex_column_div av-zero-column-padding first\" style='border-radius:0px; '><div style='padding-bottom:10px; ' class='av-special-heading av-special-heading-h3'><h3 class='av-special-heading-tag'  itemprop=\"headline\"  >Tuotteen Kuvaus<\/h3><div class='special-heading-border'><div class='special-heading-inner-border' ><\/div><\/div><\/div>\n<section class=\"av_textblock_section\"  itemscope=\"itemscope\" itemtype=\"https:\/\/schema.org\/CreativeWork\" ><div class='avia_textblock'   itemprop=\"text\" ><p>Nokian Profiilit Oy suunnittelee ja toimittaa my\u00f6s asiakkaiden omien vaatimusten mukaiset asiakohtaiset profiilit.<\/p>\n<p>Asiakaskohtaisten profiilien suunnittelu alkaa asiakkaan tarpeiden selvitt\u00e4misell\u00e4 ja teknisten dokumenttien l\u00e4pik\u00e4ymisell\u00e4.<\/p>\n<p>Asiakaskohtaisen profiilitarjouksen aikaansaaminen nopeutuu, jos tarjouspyynn\u00f6n mukana saadaan ainakin joitain seuraavia tietoja:<\/p>\n<ul>\n<li>asiakkaan yhteystiedot<\/li>\n<li>hahmotelma tai valokuva tulevasta profiilista<\/li>\n<li>profiilin k\u00e4ytt\u00f6paikka ja -tarkoitus<\/li>\n<li>profiilin kriittiset mitat ja sahauspituus<\/li>\n<li>ensimm\u00e4isen tilauser\u00e4n koko<\/li>\n<li>toivottava alumiiniseos<\/li>\n<\/ul>\n<\/div><\/section><\/div><div class='flex_column_table av-equal-height-column-flextable -flextable' ><div class=\"flex_column av_two_third  flex_column_table_cell av-equal-height-column av-align-middle av-zero-column-padding first\" style='border-radius:0px; '><section class=\"av_textblock_section\"  itemscope=\"itemscope\" itemtype=\"https:\/\/schema.org\/CreativeWork\" ><div class='avia_textblock'   itemprop=\"text\" ><p>Nokian Profiilit Oy:ll\u00e4 on kymmenien vuosien kokemus asiakaskohtaisten profiilien suunnittelusta ja valmistuksesta.<\/p>\n<p>Profiilisunnittelussa on t\u00e4rke\u00e4\u00e4 ottaa huomioon alusta saakka profiilin tuleva k\u00e4ytt\u00f6ymp\u00e4rist\u00f6, l\u00e4mp\u00f6tilat, ilmasto-olosuhteet jne.<\/p>\n<p>Pyrimme optimoimaan profiilin niin, ett\u00e4 siit\u00e4 tulee mahdollismman keve\u00e4 ja kustannustehokas, mutta toisaalta oikealla muotoilulla riitt\u00e4v\u00e4n vahva kulloiseenkin k\u00e4ytt\u00f6tarkoitukseen soveltuvaksi.<\/p>\n<p>Suunnittellessa asiakohtaiset profiilit otetaankin profiilin valmistettavuus ja tulevat toiminnalliset ominaisuudet eristyistarkastelun alle, jolloin lopputulos on asiakkaan kannalta aina paras mahdollinen.<\/p>\n<p>Tarvittaessa teemme profiilista my\u00f6s 3D-mallin ja printtaamme prototyypin 3D-printterill\u00e4.<\/p>\n<\/div><\/section><\/div><\/div><!--close column table wrapper. Autoclose: 1 --><div class='flex_column_table av-equal-height-column-flextable -flextable' ><div class='av-flex-placeholder'><\/div><div class=\"flex_column av_one_third  flex_column_table_cell av-equal-height-column av-align-middle av-zero-column-padding\" style='border-radius:0px; '><div class='avia-image-container  av-styling-     avia-align-center'  itemprop=\"ImageObject\" itemscope=\"itemscope\" itemtype=\"https:\/\/schema.org\/ImageObject\"  ><div class='avia-image-container-inner'><div class='avia-image-overlay-wrap'><a href='https:\/\/nokianprofiilit.fi\/wp-content\/uploads\/2018\/10\/3d_printteri.jpg' class='avia_image'  ><img class='avia_image' src='https:\/\/nokianprofiilit.fi\/wp-content\/uploads\/2018\/10\/3d_printteri-300x300.jpg' alt='' title='3d_printteri'  itemprop=\"thumbnailUrl\"  \/><\/a><\/div><\/div><\/div><\/div><\/div><!--close column table wrapper. Autoclose: 1 -->\r\n\r\n<div class='flex_column_table av-equal-height-column-flextable -flextable' ><div class=\"flex_column av_two_third  flex_column_table_cell av-equal-height-column av-align-middle av-zero-column-padding first\" style='border-radius:0px; '><section class=\"av_textblock_section\"  itemscope=\"itemscope\" itemtype=\"https:\/\/schema.org\/CreativeWork\" ><div class='avia_textblock'   itemprop=\"text\" ><p>Profiilit voidaan toimittaa kaikilla mahdollisilla pinnoitusvaihtoehdoilla kuten pulverimaalaus, anodisointi, Decoral, aito puupinnoite, harjaus, kiillotus jne.<\/p>\n<\/div><\/section><\/div><\/div><!--close column table wrapper. Autoclose: 1 -->\r\n\r\n<div class='flex_column_table av-equal-height-column-flextable -flextable' ><div class='av-flex-placeholder'><\/div><div class=\"flex_column av_one_third  flex_column_table_cell av-equal-height-column av-align-middle av-zero-column-padding\" style='border-radius:0px; '><div class='avia-image-container  av-styling-     avia-align-center'  itemprop=\"ImageObject\" itemscope=\"itemscope\" itemtype=\"https:\/\/schema.org\/ImageObject\"  ><div class='avia-image-container-inner'><div class='avia-image-overlay-wrap'><a href='https:\/\/nokianprofiilit.fi\/wp-content\/uploads\/2018\/10\/c.jpg' class='avia_image'  ><img class='avia_image' src='https:\/\/nokianprofiilit.fi\/wp-content\/uploads\/2018\/10\/c.jpg' alt='' title='c'  itemprop=\"thumbnailUrl\"  \/><\/a><\/div><\/div><\/div><\/div><\/div><!--close column table wrapper. Autoclose: 1 -->\r\n\r\n<div class='flex_column_table av-equal-height-column-flextable -flextable' ><div class=\"flex_column av_two_third  flex_column_table_cell av-equal-height-column av-align-middle av-zero-column-padding first\" style='border-radius:0px; '><section class=\"av_textblock_section\"  itemscope=\"itemscope\" itemtype=\"https:\/\/schema.org\/CreativeWork\" ><div class='avia_textblock'   itemprop=\"text\" ><p>Lis\u00e4ksi voimme sahata profiilit haluttuun pituuteen ja tehd\u00e4 tarvittavat koneistukset niihin.<\/p>\n<\/div><\/section><\/div><\/div><!--close column table wrapper. Autoclose: 1 -->\r\n\r\n<div class='flex_column_table av-equal-height-column-flextable -flextable' ><div class='av-flex-placeholder'><\/div><div class=\"flex_column av_one_third  flex_column_table_cell av-equal-height-column av-align-middle av-zero-column-padding\" style='border-radius:0px; '><div class='avia-image-container  av-styling-     avia-align-center'  itemprop=\"ImageObject\" itemscope=\"itemscope\" itemtype=\"https:\/\/schema.org\/ImageObject\"  ><div class='avia-image-container-inner'><div class='avia-image-overlay-wrap'><a href='https:\/\/nokianprofiilit.fi\/wp-content\/uploads\/2018\/10\/r.jpg' class='avia_image'  ><img class='avia_image' src='https:\/\/nokianprofiilit.fi\/wp-content\/uploads\/2018\/10\/r.jpg' alt='' title='r'  itemprop=\"thumbnailUrl\"  \/><\/a><\/div><\/div><\/div><\/div><\/div><!--close column table wrapper. Autoclose: 1 -->\r\n\r\n<div class=\"flex_column av_one_full  flex_column_div av-zero-column-padding first\" style='border-radius:0px; '><section class=\"av_textblock_section\"  itemscope=\"itemscope\" itemtype=\"https:\/\/schema.org\/CreativeWork\" ><div class='avia_textblock'   itemprop=\"text\" ><p><strong>N\u00e4m\u00e4 kaikki saat meilt\u00e4 edullisesti ja nopeasti tarvittaessa avaimet k\u00e4teen palveluna!<\/strong><\/p>\n<\/div><\/section><\/div>\r\n\r\n<div style='padding-bottom:10px; ' class='av-special-heading av-special-heading-h3'><h3 class='av-special-heading-tag'  itemprop=\"headline\"  >Ladattavat Tiedot<\/h3><div class='special-heading-border'><div class='special-heading-inner-border' ><\/div><\/div><\/div>\r\n\r\n<div class=\"flex_column av_one_full  av-animated-generic bottom-to-top  flex_column_div av-zero-column-padding first  pdf\" style='border-radius:0px; '><section class=\"av_textblock_section\"  itemscope=\"itemscope\" itemtype=\"https:\/\/schema.org\/CreativeWork\" ><div class='avia_textblock pdf'   itemprop=\"text\" ><p>ESITE<\/p>\n<\/div><\/section>\n<section class=\"av_textblock_section\"  itemscope=\"itemscope\" itemtype=\"https:\/\/schema.org\/CreativeWork\" ><div class='avia_textblock pdf-button'   itemprop=\"text\" >\n\n\n<div class='avia-button-wrap avia-button-center'><a href='http:\/\/nokianprofiilit.fi\/wp-content\/uploads\/2019\/04\/Nokian-Profiles-Letter.pdf'  class='avia-button   avia-icon_select-yes-left-icon avia-color-theme-color-highlight avia-size-large avia-position-center'  target=\"_blank\"   ><span class='avia_button_icon avia_button_icon_left' aria-hidden='true' data-av_icon='\ue82d' data-av_iconfont='entypo-fontello'><\/span><span class='avia_iconbox_title' >PDF<\/span><\/a><\/div>\n\n<\/div><\/section><\/div>","protected":false},"excerpt":{"rendered":"","protected":false},"author":1,"featured_media":0,"parent":0,"menu_order":0,"comment_status":"closed","ping_status":"closed","template":"","meta":{"footnotes":""},"yoast_head":"<!-- This site is optimized with the Yoast SEO plugin v22.1 - https:\/\/yoast.com\/wordpress\/plugins\/seo\/ -->\n<title>Asiakaskohtaiset Profiilit | Nokian Profiilit Oy<\/title>\n<meta name=\"description\" content=\"Asiakaskohtaisten profiilien suunnittelu alkaa asiakkaan tarpeiden selvitt\u00e4misell\u00e4 ja teknisten dokumenttien l\u00e4pik\u00e4ymisell\u00e4.\" \/>\n<meta name=\"robots\" content=\"index, follow, max-snippet:-1, max-image-preview:large, max-video-preview:-1\" \/>\n<link rel=\"canonical\" href=\"https:\/\/nokianprofiilit.fi\/sv\/asiakaskohtaiset-profiilit\/\" \/>\n<meta property=\"og:locale\" content=\"sv_SE\" \/>\n<meta property=\"og:type\" content=\"article\" \/>\n<meta property=\"og:title\" content=\"Asiakaskohtaiset Profiilit | Nokian Profiilit Oy\" \/>\n<meta property=\"og:description\" content=\"Asiakaskohtaisten profiilien suunnittelu alkaa asiakkaan tarpeiden selvitt\u00e4misell\u00e4 ja teknisten dokumenttien l\u00e4pik\u00e4ymisell\u00e4.\" \/>\n<meta property=\"og:url\" content=\"https:\/\/nokianprofiilit.fi\/sv\/asiakaskohtaiset-profiilit\/\" \/>\n<meta property=\"og:site_name\" content=\"Nokian Profiilit Oy\" \/>\n<meta property=\"article:publisher\" content=\"https:\/\/www.facebook.com\/Nokian-Profiilit-Oy-131383804412730\/\" \/>\n<meta property=\"article:modified_time\" content=\"2019-04-30T18:35:55+00:00\" \/>\n<meta name=\"twitter:card\" content=\"summary_large_image\" \/>\n<meta name=\"twitter:label1\" content=\"Est. reading time\" \/>\n\t<meta name=\"twitter:data1\" content=\"10 minutes\" \/>\n<script type=\"application\/ld+json\" class=\"yoast-schema-graph\">{\"@context\":\"https:\/\/schema.org\",\"@graph\":[{\"@type\":\"WebPage\",\"@id\":\"https:\/\/nokianprofiilit.fi\/asiakaskohtaiset-profiilit\/\",\"url\":\"https:\/\/nokianprofiilit.fi\/asiakaskohtaiset-profiilit\/\",\"name\":\"Asiakaskohtaiset Profiilit | Nokian Profiilit Oy\",\"isPartOf\":{\"@id\":\"https:\/\/nokianprofiilit.fi\/#website\"},\"datePublished\":\"2018-10-31T12:48:46+00:00\",\"dateModified\":\"2019-04-30T18:35:55+00:00\",\"description\":\"Asiakaskohtaisten profiilien suunnittelu alkaa asiakkaan tarpeiden selvitt\u00e4misell\u00e4 ja teknisten dokumenttien l\u00e4pik\u00e4ymisell\u00e4.\",\"breadcrumb\":{\"@id\":\"https:\/\/nokianprofiilit.fi\/asiakaskohtaiset-profiilit\/#breadcrumb\"},\"inLanguage\":\"sv-SE\",\"potentialAction\":[{\"@type\":\"ReadAction\",\"target\":[\"https:\/\/nokianprofiilit.fi\/asiakaskohtaiset-profiilit\/\"]}]},{\"@type\":\"BreadcrumbList\",\"@id\":\"https:\/\/nokianprofiilit.fi\/asiakaskohtaiset-profiilit\/#breadcrumb\",\"itemListElement\":[{\"@type\":\"ListItem\",\"position\":1,\"name\":\"Home\",\"item\":\"https:\/\/nokianprofiilit.fi\/\"},{\"@type\":\"ListItem\",\"position\":2,\"name\":\"Asiakaskohtaiset Profiilit\"}]},{\"@type\":\"WebSite\",\"@id\":\"https:\/\/nokianprofiilit.fi\/#website\",\"url\":\"https:\/\/nokianprofiilit.fi\/\",\"name\":\"Nokian Profiilit Oy\",\"description\":\"Julkisivut ja alumiiniprofiilit teollisuuden eri tarpeisiin\",\"potentialAction\":[{\"@type\":\"SearchAction\",\"target\":{\"@type\":\"EntryPoint\",\"urlTemplate\":\"https:\/\/nokianprofiilit.fi\/?s={search_term_string}\"},\"query-input\":\"required name=search_term_string\"}],\"inLanguage\":\"sv-SE\"}]}<\/script>\n<!-- \/ Yoast SEO plugin. -->","yoast_head_json":{"title":"Asiakaskohtaiset Profiilit | Nokian Profiilit Oy","description":"Asiakaskohtaisten profiilien suunnittelu alkaa asiakkaan tarpeiden selvitt\u00e4misell\u00e4 ja teknisten dokumenttien l\u00e4pik\u00e4ymisell\u00e4.","robots":{"index":"index","follow":"follow","max-snippet":"max-snippet:-1","max-image-preview":"max-image-preview:large","max-video-preview":"max-video-preview:-1"},"canonical":"https:\/\/nokianprofiilit.fi\/sv\/asiakaskohtaiset-profiilit\/","og_locale":"sv_SE","og_type":"article","og_title":"Asiakaskohtaiset Profiilit | Nokian Profiilit Oy","og_description":"Asiakaskohtaisten profiilien suunnittelu alkaa asiakkaan tarpeiden selvitt\u00e4misell\u00e4 ja teknisten dokumenttien l\u00e4pik\u00e4ymisell\u00e4.","og_url":"https:\/\/nokianprofiilit.fi\/sv\/asiakaskohtaiset-profiilit\/","og_site_name":"Nokian Profiilit Oy","article_publisher":"https:\/\/www.facebook.com\/Nokian-Profiilit-Oy-131383804412730\/","article_modified_time":"2019-04-30T18:35:55+00:00","twitter_card":"summary_large_image","twitter_misc":{"Est. reading time":"10 minutes"},"schema":{"@context":"https:\/\/schema.org","@graph":[{"@type":"WebPage","@id":"https:\/\/nokianprofiilit.fi\/asiakaskohtaiset-profiilit\/","url":"https:\/\/nokianprofiilit.fi\/asiakaskohtaiset-profiilit\/","name":"Asiakaskohtaiset Profiilit | Nokian Profiilit Oy","isPartOf":{"@id":"https:\/\/nokianprofiilit.fi\/#website"},"datePublished":"2018-10-31T12:48:46+00:00","dateModified":"2019-04-30T18:35:55+00:00","description":"Asiakaskohtaisten profiilien suunnittelu alkaa asiakkaan tarpeiden selvitt\u00e4misell\u00e4 ja teknisten dokumenttien l\u00e4pik\u00e4ymisell\u00e4.","breadcrumb":{"@id":"https:\/\/nokianprofiilit.fi\/asiakaskohtaiset-profiilit\/#breadcrumb"},"inLanguage":"sv-SE","potentialAction":[{"@type":"ReadAction","target":["https:\/\/nokianprofiilit.fi\/asiakaskohtaiset-profiilit\/"]}]},{"@type":"BreadcrumbList","@id":"https:\/\/nokianprofiilit.fi\/asiakaskohtaiset-profiilit\/#breadcrumb","itemListElement":[{"@type":"ListItem","position":1,"name":"Home","item":"https:\/\/nokianprofiilit.fi\/"},{"@type":"ListItem","position":2,"name":"Asiakaskohtaiset Profiilit"}]},{"@type":"WebSite","@id":"https:\/\/nokianprofiilit.fi\/#website","url":"https:\/\/nokianprofiilit.fi\/","name":"Nokian Profiilit Oy","description":"Julkisivut ja alumiiniprofiilit teollisuuden eri tarpeisiin","potentialAction":[{"@type":"SearchAction","target":{"@type":"EntryPoint","urlTemplate":"https:\/\/nokianprofiilit.fi\/?s={search_term_string}"},"query-input":"required name=search_term_string"}],"inLanguage":"sv-SE"}]}},"_links":{"self":[{"href":"https:\/\/nokianprofiilit.fi\/sv\/wp-json\/wp\/v2\/pages\/2785"}],"collection":[{"href":"https:\/\/nokianprofiilit.fi\/sv\/wp-json\/wp\/v2\/pages"}],"about":[{"href":"https:\/\/nokianprofiilit.fi\/sv\/wp-json\/wp\/v2\/types\/page"}],"author":[{"embeddable":true,"href":"https:\/\/nokianprofiilit.fi\/sv\/wp-json\/wp\/v2\/users\/1"}],"replies":[{"embeddable":true,"href":"https:\/\/nokianprofiilit.fi\/sv\/wp-json\/wp\/v2\/comments?post=2785"}],"version-history":[{"count":22,"href":"https:\/\/nokianprofiilit.fi\/sv\/wp-json\/wp\/v2\/pages\/2785\/revisions"}],"predecessor-version":[{"id":5339,"href":"https:\/\/nokianprofiilit.fi\/sv\/wp-json\/wp\/v2\/pages\/2785\/revisions\/5339"}],"wp:attachment":[{"href":"https:\/\/nokianprofiilit.fi\/sv\/wp-json\/wp\/v2\/media?parent=2785"}],"curies":[{"name":"wp","href":"https:\/\/api.w.org\/{rel}","templated":true}]}}