{"id":2020,"date":"2018-08-03T18:07:37","date_gmt":"2018-08-03T18:07:37","guid":{"rendered":"http:\/\/nokianprofiilit.fi\/?page_id=2020"},"modified":"2019-04-30T18:55:21","modified_gmt":"2019-04-30T18:55:21","slug":"n-pro-laskentaohjelma","status":"publish","type":"page","link":"https:\/\/nokianprofiilit.fi\/sv\/n-pro-laskentaohjelma\/","title":{"rendered":"N-Pro laskentaohjelma"},"content":{"rendered":"<div class=\"flex_column av_one_full  flex_column_div av-zero-column-padding first\" style='border-radius:0px; '><div style='padding-bottom:10px; font-size:28px;' class='av-special-heading av-special-heading-h1  blockquote modern-quote modern-centered   av-inherit-size'><h1 class='av-special-heading-tag'  itemprop=\"headline\"  >N-Pro laskentaohjelma<\/h1><div class='special-heading-border'><div class='special-heading-inner-border' ><\/div><\/div><\/div>\n<div class='avia-video avia-video-16-9 avia-video-html5 avia-easyslider'   itemprop=\"video\" itemtype=\"https:\/\/schema.org\/VideoObject\"  data-original_url='http:\/\/nokianprofiilit.fi\/wp-content\/uploads\/2018\/11\/nPro-video.mp4' ><video class=\"avia_video\"   loop preload=\"metadata\" controls id=\"player_2020_2119128021_1823881851\" >\t<source src=\"http:\/\/nokianprofiilit.fi\/wp-content\/uploads\/2018\/11\/nPro-video.mp4\" type=\"video\/mp4\" \/><\/video><\/div><\/div>\r\n\r\n<div class=\"flex_column av_one_full  av-animated-generic right-to-left  flex_column_div av-zero-column-padding first\" style='border-radius:0px; '><div style='padding-bottom:10px; ' class='av-special-heading av-special-heading-h3'><h3 class='av-special-heading-tag'  itemprop=\"headline\"  >Tuotteen Kuvaus<\/h3><div class='special-heading-border'><div class='special-heading-inner-border' ><\/div><\/div><\/div>\n<section class=\"av_textblock_section\"  itemscope=\"itemscope\" itemtype=\"https:\/\/schema.org\/CreativeWork\" ><div class='avia_textblock'   itemprop=\"text\" ><p>N-Pro laskentaohjelmamme voi suunnitella Nokian Profiileiden ikkuna-, ovi- ja julkisivurakenteet nopeasti. Ohjelmalla rajkenteiden muokkaus onnistuu k\u00e4tev\u00e4sti ja jo suunniteltuja rakenteita voidaan tehokkaasti hy\u00f6dynt\u00e4\u00e4 uusissa projekteissa. Elementtien laskelmasta voi saada monta erilaista raporttia kuten sahausluettelo, optimointi tai U-arvolaskelmat.<\/p>\n<p>Tilausten tekeminen onnistuu napin painauksella rakenteiden suunnittelun j\u00e4lkeen. Ohjelma hy\u00f6dynt\u00e4\u00e4 sinne sy\u00f6tettyj\u00e4 tietoja monissa eri tarkoituksissa, joten ty\u00f6n tuottavuus nousee merkitt\u00e4v\u00e4sti ohjelman avulla, koska tietoa ei tarvitse moneen kertaan en\u00e4\u00e4 sy\u00f6tt\u00e4\u00e4<\/p>\n<\/div><\/section>\n<div style='padding-bottom:10px; ' class='av-special-heading av-special-heading-h3'><h3 class='av-special-heading-tag'  itemprop=\"headline\"  >Ladattavat Tiedot<\/h3><div class='special-heading-border'><div class='special-heading-inner-border' ><\/div><\/div><\/div><\/div><div class=\"flex_column av_one_full  av-animated-generic bottom-to-top  flex_column_div av-zero-column-padding first  pdf\" style='border-radius:0px; '><section class=\"av_textblock_section\"  itemscope=\"itemscope\" itemtype=\"https:\/\/schema.org\/CreativeWork\" ><div class='avia_textblock pdf'   itemprop=\"text\" ><p>PIKAOPAS<\/p>\n<\/div><\/section>\n<div class='avia-button-wrap avia-button-center'><a href='http:\/\/nokianprofiilit.fi\/wp-content\/uploads\/2018\/12\/N_pro_pikaopas.pdf'  class='avia-button   avia-icon_select-yes-left-icon avia-color-theme-color-highlight avia-size-large avia-position-center'  target=\"_blank\"   ><span class='avia_button_icon avia_button_icon_left' aria-hidden='true' data-av_icon='\ue82d' data-av_iconfont='entypo-fontello'><\/span><span class='avia_iconbox_title' >PDF<\/span><\/a><\/div><\/div>","protected":false},"excerpt":{"rendered":"","protected":false},"author":1,"featured_media":0,"parent":0,"menu_order":0,"comment_status":"closed","ping_status":"closed","template":"","meta":{"footnotes":""},"yoast_head":"<!-- This site is optimized with the Yoast SEO plugin v22.1 - https:\/\/yoast.com\/wordpress\/plugins\/seo\/ -->\n<title>N-Pro laskentaohjelma | Nokian Profiilit Oy<\/title>\n<meta name=\"description\" content=\"N-Pro laskentaohjelmamme voi suunnitella Nokian Profiileiden ikkuna-, ovi- ja julkisivurakenteet nopeasti.\" \/>\n<meta name=\"robots\" content=\"index, follow, max-snippet:-1, max-image-preview:large, max-video-preview:-1\" \/>\n<link rel=\"canonical\" href=\"https:\/\/nokianprofiilit.fi\/sv\/n-pro-laskentaohjelma\/\" \/>\n<meta property=\"og:locale\" content=\"sv_SE\" \/>\n<meta property=\"og:type\" content=\"article\" \/>\n<meta property=\"og:title\" content=\"N-Pro laskentaohjelma | Nokian Profiilit Oy\" \/>\n<meta property=\"og:description\" content=\"N-Pro laskentaohjelmamme voi suunnitella Nokian Profiileiden ikkuna-, ovi- ja julkisivurakenteet nopeasti.\" \/>\n<meta property=\"og:url\" content=\"https:\/\/nokianprofiilit.fi\/sv\/n-pro-laskentaohjelma\/\" \/>\n<meta property=\"og:site_name\" content=\"Nokian Profiilit Oy\" \/>\n<meta property=\"article:publisher\" content=\"https:\/\/www.facebook.com\/Nokian-Profiilit-Oy-131383804412730\/\" \/>\n<meta property=\"article:modified_time\" content=\"2019-04-30T18:55:21+00:00\" \/>\n<meta name=\"twitter:card\" content=\"summary_large_image\" \/>\n<meta name=\"twitter:label1\" content=\"Est. reading time\" \/>\n\t<meta name=\"twitter:data1\" content=\"3 minutes\" \/>\n<script type=\"application\/ld+json\" class=\"yoast-schema-graph\">{\"@context\":\"https:\/\/schema.org\",\"@graph\":[{\"@type\":\"WebPage\",\"@id\":\"https:\/\/nokianprofiilit.fi\/n-pro-laskentaohjelma\/\",\"url\":\"https:\/\/nokianprofiilit.fi\/n-pro-laskentaohjelma\/\",\"name\":\"N-Pro laskentaohjelma | Nokian Profiilit Oy\",\"isPartOf\":{\"@id\":\"https:\/\/nokianprofiilit.fi\/#website\"},\"datePublished\":\"2018-08-03T18:07:37+00:00\",\"dateModified\":\"2019-04-30T18:55:21+00:00\",\"description\":\"N-Pro laskentaohjelmamme voi suunnitella Nokian Profiileiden ikkuna-, ovi- ja julkisivurakenteet nopeasti.\",\"breadcrumb\":{\"@id\":\"https:\/\/nokianprofiilit.fi\/n-pro-laskentaohjelma\/#breadcrumb\"},\"inLanguage\":\"sv-SE\",\"potentialAction\":[{\"@type\":\"ReadAction\",\"target\":[\"https:\/\/nokianprofiilit.fi\/n-pro-laskentaohjelma\/\"]}]},{\"@type\":\"BreadcrumbList\",\"@id\":\"https:\/\/nokianprofiilit.fi\/n-pro-laskentaohjelma\/#breadcrumb\",\"itemListElement\":[{\"@type\":\"ListItem\",\"position\":1,\"name\":\"Home\",\"item\":\"https:\/\/nokianprofiilit.fi\/\"},{\"@type\":\"ListItem\",\"position\":2,\"name\":\"N-Pro laskentaohjelma\"}]},{\"@type\":\"WebSite\",\"@id\":\"https:\/\/nokianprofiilit.fi\/#website\",\"url\":\"https:\/\/nokianprofiilit.fi\/\",\"name\":\"Nokian Profiilit Oy\",\"description\":\"Julkisivut ja alumiiniprofiilit teollisuuden eri tarpeisiin\",\"potentialAction\":[{\"@type\":\"SearchAction\",\"target\":{\"@type\":\"EntryPoint\",\"urlTemplate\":\"https:\/\/nokianprofiilit.fi\/?s={search_term_string}\"},\"query-input\":\"required name=search_term_string\"}],\"inLanguage\":\"sv-SE\"}]}<\/script>\n<!-- \/ Yoast SEO plugin. -->","yoast_head_json":{"title":"N-Pro laskentaohjelma | Nokian Profiilit Oy","description":"N-Pro laskentaohjelmamme voi suunnitella Nokian Profiileiden ikkuna-, ovi- ja julkisivurakenteet nopeasti.","robots":{"index":"index","follow":"follow","max-snippet":"max-snippet:-1","max-image-preview":"max-image-preview:large","max-video-preview":"max-video-preview:-1"},"canonical":"https:\/\/nokianprofiilit.fi\/sv\/n-pro-laskentaohjelma\/","og_locale":"sv_SE","og_type":"article","og_title":"N-Pro laskentaohjelma | Nokian Profiilit Oy","og_description":"N-Pro laskentaohjelmamme voi suunnitella Nokian Profiileiden ikkuna-, ovi- ja julkisivurakenteet nopeasti.","og_url":"https:\/\/nokianprofiilit.fi\/sv\/n-pro-laskentaohjelma\/","og_site_name":"Nokian Profiilit Oy","article_publisher":"https:\/\/www.facebook.com\/Nokian-Profiilit-Oy-131383804412730\/","article_modified_time":"2019-04-30T18:55:21+00:00","twitter_card":"summary_large_image","twitter_misc":{"Est. reading time":"3 minutes"},"schema":{"@context":"https:\/\/schema.org","@graph":[{"@type":"WebPage","@id":"https:\/\/nokianprofiilit.fi\/n-pro-laskentaohjelma\/","url":"https:\/\/nokianprofiilit.fi\/n-pro-laskentaohjelma\/","name":"N-Pro laskentaohjelma | Nokian Profiilit Oy","isPartOf":{"@id":"https:\/\/nokianprofiilit.fi\/#website"},"datePublished":"2018-08-03T18:07:37+00:00","dateModified":"2019-04-30T18:55:21+00:00","description":"N-Pro laskentaohjelmamme voi suunnitella Nokian Profiileiden ikkuna-, ovi- ja julkisivurakenteet nopeasti.","breadcrumb":{"@id":"https:\/\/nokianprofiilit.fi\/n-pro-laskentaohjelma\/#breadcrumb"},"inLanguage":"sv-SE","potentialAction":[{"@type":"ReadAction","target":["https:\/\/nokianprofiilit.fi\/n-pro-laskentaohjelma\/"]}]},{"@type":"BreadcrumbList","@id":"https:\/\/nokianprofiilit.fi\/n-pro-laskentaohjelma\/#breadcrumb","itemListElement":[{"@type":"ListItem","position":1,"name":"Home","item":"https:\/\/nokianprofiilit.fi\/"},{"@type":"ListItem","position":2,"name":"N-Pro laskentaohjelma"}]},{"@type":"WebSite","@id":"https:\/\/nokianprofiilit.fi\/#website","url":"https:\/\/nokianprofiilit.fi\/","name":"Nokian Profiilit Oy","description":"Julkisivut ja alumiiniprofiilit teollisuuden eri tarpeisiin","potentialAction":[{"@type":"SearchAction","target":{"@type":"EntryPoint","urlTemplate":"https:\/\/nokianprofiilit.fi\/?s={search_term_string}"},"query-input":"required name=search_term_string"}],"inLanguage":"sv-SE"}]}},"_links":{"self":[{"href":"https:\/\/nokianprofiilit.fi\/sv\/wp-json\/wp\/v2\/pages\/2020"}],"collection":[{"href":"https:\/\/nokianprofiilit.fi\/sv\/wp-json\/wp\/v2\/pages"}],"about":[{"href":"https:\/\/nokianprofiilit.fi\/sv\/wp-json\/wp\/v2\/types\/page"}],"author":[{"embeddable":true,"href":"https:\/\/nokianprofiilit.fi\/sv\/wp-json\/wp\/v2\/users\/1"}],"replies":[{"embeddable":true,"href":"https:\/\/nokianprofiilit.fi\/sv\/wp-json\/wp\/v2\/comments?post=2020"}],"version-history":[{"count":10,"href":"https:\/\/nokianprofiilit.fi\/sv\/wp-json\/wp\/v2\/pages\/2020\/revisions"}],"predecessor-version":[{"id":5344,"href":"https:\/\/nokianprofiilit.fi\/sv\/wp-json\/wp\/v2\/pages\/2020\/revisions\/5344"}],"wp:attachment":[{"href":"https:\/\/nokianprofiilit.fi\/sv\/wp-json\/wp\/v2\/media?parent=2020"}],"curies":[{"name":"wp","href":"https:\/\/api.w.org\/{rel}","templated":true}]}}