{"id":1915,"date":"2018-08-03T08:45:03","date_gmt":"2018-08-03T08:45:03","guid":{"rendered":"http:\/\/nokianprofiilit.fi\/?page_id=1915"},"modified":"2022-03-22T13:51:45","modified_gmt":"2022-03-22T13:51:45","slug":"n98si-tehokkaasti-eristetyt-ulko-ovet","status":"publish","type":"page","link":"https:\/\/nokianprofiilit.fi\/sv\/n98si-tehokkaasti-eristetyt-ulko-ovet\/","title":{"rendered":"N98si tehokkaasti eristetyt ulko-ovet"},"content":{"rendered":"<div class=\"flex_column av_one_full  flex_column_div av-zero-column-padding first\" style='border-radius:0px; '><div style='padding-bottom:10px; font-size:28px;' class='av-special-heading av-special-heading-h1  blockquote modern-quote modern-centered   av-inherit-size'><h1 class='av-special-heading-tag'  itemprop=\"headline\"  >N98si tehokkaasti eristetyt ulko-ovet<\/h1><div class='special-heading-border'><div class='special-heading-inner-border' ><\/div><\/div><\/div>\n<div  data-size='extra_large'  data-lightbox_size='large'  data-animation='slide'  data-conditional_play=''  data-ids='2584,2718,2717'  data-video_counter='0'  data-autoplay='false'  data-bg_slider='false'  data-slide_height=''  data-handle='av_slideshow'  data-interval='5'  data-class=' avia-easyslider '  data-css_id=''  data-scroll_down=''  data-control_layout='av-control-default'  data-custom_markup=''  data-perma_caption=''  data-autoplay_stopper=''  data-image_attachment=''  data-min_height='0px'  data-default-height='100'  class='avia-slideshow avia-slideshow-1  av-control-default av-default-height-applied avia-slideshow-extra_large av_slideshow  avia-easyslider  avia-slide-slider'  itemprop=\"ImageObject\" itemscope=\"itemscope\" itemtype=\"https:\/\/schema.org\/ImageObject\" ><ul class='avia-slideshow-inner' style='padding-bottom: 55.555555555556%;' ><li  class='slide-1' ><a href='https:\/\/nokianprofiilit.fi\/wp-content\/uploads\/2018\/10\/kuva14-1030x572.png' data-rel='slideshow-1' class='avia-slide-wrap'   ><img src='https:\/\/nokianprofiilit.fi\/wp-content\/uploads\/2018\/10\/kuva14.png' width='1440' height='800' title='N98si tehokkaasti eristetyt ulko-ovet 1' alt=''  itemprop=\"thumbnailUrl\"   \/><\/a><\/li><li  class='slide-2' ><a href='https:\/\/nokianprofiilit.fi\/wp-content\/uploads\/2018\/10\/kuva14.2-1030x572.png' data-rel='slideshow-1' class='avia-slide-wrap'   ><img src='https:\/\/nokianprofiilit.fi\/wp-content\/uploads\/2018\/10\/kuva14.2.png' width='1440' height='800' title='N98si tehokkaasti eristetyt ulko-ovet 2' alt=''  itemprop=\"thumbnailUrl\"   \/><\/a><\/li><li  class='slide-3' ><a href='https:\/\/nokianprofiilit.fi\/wp-content\/uploads\/2018\/10\/kuva14.3-1030x572.png' data-rel='slideshow-1' class='avia-slide-wrap'   ><img src='https:\/\/nokianprofiilit.fi\/wp-content\/uploads\/2018\/10\/kuva14.3.png' width='1440' height='800' title='N98si tehokkaasti eristetyt ulko-ovet 3' alt=''  itemprop=\"thumbnailUrl\"   \/><\/a><\/li><\/ul><div class='avia-slideshow-arrows avia-slideshow-controls'><a href='#prev' class='prev-slide' aria-hidden='true' data-av_icon='\ue87c' data-av_iconfont='entypo-fontello'>F\u00f6reg\u00e5ende<\/a><a href='#next' class='next-slide' aria-hidden='true' data-av_icon='\ue87d' data-av_iconfont='entypo-fontello'>N\u00e4sta<\/a><\/div><div class='avia-slideshow-dots avia-slideshow-controls'><a href='#1' class='goto-slide active' >1<\/a><a href='#2' class='goto-slide' >2<\/a><a href='#3' class='goto-slide' >3<\/a><\/div><\/div><\/div>\r\n\r\n<div class=\"flex_column av_one_full  av-animated-generic right-to-left  flex_column_div av-zero-column-padding first\" style='border-radius:0px; '><div style='padding-bottom:10px; ' class='av-special-heading av-special-heading-h3'><h3 class='av-special-heading-tag'  itemprop=\"headline\"  >Tuotteen Kuvaus<\/h3><div class='special-heading-border'><div class='special-heading-inner-border' ><\/div><\/div><\/div>\n<section class=\"av_textblock_section\"  itemscope=\"itemscope\" itemtype=\"https:\/\/schema.org\/CreativeWork\" ><div class='avia_textblock'   itemprop=\"text\" ><p>N98si on tehokkaasti l\u00e4mp\u00f6eristetty ovi-, ikkuna ja lasisein\u00e4j\u00e4rjestelm\u00e4. Yhteensopiva muihin Nokian Profiilit rakennusj\u00e4rjestelmiin.<\/p>\n<\/div><\/section>\n<div style='padding-bottom:10px; ' class='av-special-heading av-special-heading-h3'><h3 class='av-special-heading-tag'  itemprop=\"headline\"  >Tekniset tiedot:<\/h3><div class='special-heading-border'><div class='special-heading-inner-border' ><\/div><\/div><\/div>\n<section class=\"av_textblock_section\"  itemscope=\"itemscope\" itemtype=\"https:\/\/schema.org\/CreativeWork\" ><div class='avia_textblock'   itemprop=\"text\" ><ul>\n<li>Ovi pintasaranoilla, putkisaranoilla tai piilosaranoilla<\/li>\n<li>Yksilehtinen ovi tai pariovi, sis\u00e4\u00e4n tai ulosaukeava<\/li>\n<li>Runkoprofiilin n\u00e4kyv\u00e4 leveys 50&#8230;180 mm<\/li>\n<li>Runkosyvyys 98 tai 166 mm<\/li>\n<li>Lasipaksuus 43&#8230;80 mm<\/li>\n<li>Karmin ja puitteen ulkopinta samassa tasossa<\/li>\n<li>Tiivisteet eiv\u00e4t rajoita valoaukkoa<\/li>\n<li>EPDM-tiivisteet kaksikovuiset, eiv\u00e4t pienenn\u00e4 valoaukkoa<\/li>\n<li>Liitokset kulmapuristamalla tai ruuveilla<\/li>\n<li>S\u00e4hk\u00f6laitteiden kaapelointi helppoa<\/li>\n<li>Uf alkaen 0,57 W\/m2K<\/li>\n<li>Aukkokoosta ja lasivalinnasta riippuen Uw &lt; 0,6 W\/m2K on mahdollinen<\/li>\n<li>Jopa 4K-lasi on mahdollinen<\/li>\n<li>CE-merkinta EN14351 mukaan<\/li>\n<\/ul>\n<\/div><\/section>\n<div style='padding-bottom:10px; ' class='av-special-heading av-special-heading-h3'><h3 class='av-special-heading-tag'  itemprop=\"headline\"  >Ladattavat Tiedot<\/h3><div class='special-heading-border'><div class='special-heading-inner-border' ><\/div><\/div><\/div><\/div>\r\n\r\n<div class=\"flex_column av_one_full  av-animated-generic bottom-to-top  flex_column_div av-zero-column-padding first  pdf\" style='border-radius:0px; '><section class=\"av_textblock_section\"  itemscope=\"itemscope\" itemtype=\"https:\/\/schema.org\/CreativeWork\" ><div class='avia_textblock pdf'   itemprop=\"text\" ><p>TUOTEPASSI<\/p>\n<\/div><\/section>\n<section class=\"av_textblock_section\"  itemscope=\"itemscope\" itemtype=\"https:\/\/schema.org\/CreativeWork\" ><div class='avia_textblock pdf-button'   itemprop=\"text\" >\n\n\n<div class='avia-button-wrap avia-button-center'><a href='https:\/\/nokianprofiilit.fi\/wp-content\/uploads\/2019\/04\/Nokian-Profiles-Letter.pdf'  class='avia-button   avia-icon_select-yes-left-icon avia-color-theme-color-highlight avia-size-large avia-position-center'  target=\"_blank\"   ><span class='avia_button_icon avia_button_icon_left' aria-hidden='true' data-av_icon='\ue82d' data-av_iconfont='entypo-fontello'><\/span><span class='avia_iconbox_title' >PDF<\/span><\/a><\/div>\n\n<\/div><\/section><\/div>\r\n\r\n<div class=\"flex_column av_one_full  av-animated-generic bottom-to-top  flex_column_div av-zero-column-padding first  pdf\" style='border-radius:0px; '><section class=\"av_textblock_section\"  itemscope=\"itemscope\" itemtype=\"https:\/\/schema.org\/CreativeWork\" ><div class='avia_textblock pdf'   itemprop=\"text\" ><p>ESITE<\/p>\n<\/div><\/section>\n<section class=\"av_textblock_section\"  itemscope=\"itemscope\" itemtype=\"https:\/\/schema.org\/CreativeWork\" ><div class='avia_textblock pdf-button'   itemprop=\"text\" >\n\n\n<div class='avia-button-wrap avia-button-center'><a href='http:\/\/nokianprofiilit.fi\/wp-content\/uploads\/2019\/04\/N98si-Brochure.pdf'  class='avia-button   avia-icon_select-yes-left-icon avia-color-theme-color-highlight avia-size-large avia-position-center'  target=\"_blank\"   ><span class='avia_button_icon avia_button_icon_left' aria-hidden='true' data-av_icon='\ue82d' data-av_iconfont='entypo-fontello'><\/span><span class='avia_iconbox_title' >PDF<\/span><\/a><\/div>\n\n<\/div><\/section><\/div>\r\n\r\n<div class=\"flex_column av_one_full  av-animated-generic bottom-to-top  flex_column_div av-zero-column-padding first  pdf\" style='border-radius:0px; '><section class=\"av_textblock_section\"  itemscope=\"itemscope\" itemtype=\"https:\/\/schema.org\/CreativeWork\" ><div class='avia_textblock pdf'   itemprop=\"text\" ><p>SUUNNITTELUKANSIO<\/p>\n<\/div><\/section>\n<section class=\"av_textblock_section\"  itemscope=\"itemscope\" itemtype=\"https:\/\/schema.org\/CreativeWork\" ><div class='avia_textblock pdf-button'   itemprop=\"text\" >\n\n\n<div class='avia-button-wrap avia-button-center'><a href='http:\/\/nokianprofiilit.fi\/wp-content\/uploads\/2019\/04\/N98si-Design-manual-DWG.zip'  class='avia-button   avia-icon_select-yes-left-icon avia-color-aqua avia-size-large avia-position-center'  target=\"_blank\"   ><span class='avia_button_icon avia_button_icon_left' aria-hidden='true' data-av_icon='\ue82d' data-av_iconfont='entypo-fontello'><\/span><span class='avia_iconbox_title' >DWG<\/span><\/a><\/div>\n\n<\/div><\/section>\n<section class=\"av_textblock_section\"  itemscope=\"itemscope\" itemtype=\"https:\/\/schema.org\/CreativeWork\" ><div class='avia_textblock pdf-button'   itemprop=\"text\" >\n\n\n<div class='avia-button-wrap avia-button-center'><a href='http:\/\/nokianprofiilit.fi\/wp-content\/uploads\/2019\/04\/N98si-Design-manual-ENG.pdf'  class='avia-button   avia-icon_select-yes-left-icon avia-color-theme-color-highlight avia-size-large avia-position-center'  target=\"_blank\"   ><span class='avia_button_icon avia_button_icon_left' aria-hidden='true' data-av_icon='\ue82d' data-av_iconfont='entypo-fontello'><\/span><span class='avia_iconbox_title' >PDF<\/span><\/a><\/div>\n\n<\/div><\/section><\/div>\r\n\r\n<div class=\"flex_column av_one_full  av-animated-generic bottom-to-top  flex_column_div av-zero-column-padding first  pdf\" style='border-radius:0px; '><section class=\"av_textblock_section\"  itemscope=\"itemscope\" itemtype=\"https:\/\/schema.org\/CreativeWork\" ><div class='avia_textblock pdf'   itemprop=\"text\" ><p>KONEPAJAKANSIO<\/p>\n<\/div><\/section>\n<section class=\"av_textblock_section\"  itemscope=\"itemscope\" itemtype=\"https:\/\/schema.org\/CreativeWork\" ><div class='avia_textblock pdf-button'   itemprop=\"text\" >\n\n\n<div class='avia-button-wrap avia-button-center'><a href='http:\/\/nokianprofiilit.fi\/wp-content\/uploads\/2019\/04\/N98si-Workshop-manual-ENG.pdf'  class='avia-button   avia-icon_select-yes-left-icon avia-color-theme-color-highlight avia-size-large avia-position-center'  target=\"_blank\"   ><span class='avia_button_icon avia_button_icon_left' aria-hidden='true' data-av_icon='\ue82d' data-av_iconfont='entypo-fontello'><\/span><span class='avia_iconbox_title' >PDF<\/span><\/a><\/div>\n\n<\/div><\/section><\/div>","protected":false},"excerpt":{"rendered":"","protected":false},"author":1,"featured_media":0,"parent":0,"menu_order":0,"comment_status":"closed","ping_status":"closed","template":"","meta":{"footnotes":""},"yoast_head":"<!-- This site is optimized with the Yoast SEO plugin v22.1 - https:\/\/yoast.com\/wordpress\/plugins\/seo\/ -->\n<title>N98si tehokkaasti eristetyt ulko-ovet | Nokian Profiilit Oy<\/title>\n<meta name=\"description\" content=\"N98si on tehokkaasti l\u00e4mp\u00f6eristetty ovi-, ikkuna ja lasisein\u00e4j\u00e4rjestelm\u00e4. Yhteensopiva muihin Nokian Profiilit rakennusj\u00e4rjestelmiin.\" \/>\n<meta name=\"robots\" content=\"index, follow, max-snippet:-1, max-image-preview:large, max-video-preview:-1\" \/>\n<link rel=\"canonical\" href=\"https:\/\/nokianprofiilit.fi\/sv\/n98si-tehokkaasti-eristetyt-ulko-ovet\/\" \/>\n<meta property=\"og:locale\" content=\"sv_SE\" \/>\n<meta property=\"og:type\" content=\"article\" \/>\n<meta property=\"og:title\" content=\"N98si tehokkaasti eristetyt ulko-ovet | Nokian Profiilit Oy\" \/>\n<meta property=\"og:description\" content=\"N98si on tehokkaasti l\u00e4mp\u00f6eristetty ovi-, ikkuna ja lasisein\u00e4j\u00e4rjestelm\u00e4. Yhteensopiva muihin Nokian Profiilit rakennusj\u00e4rjestelmiin.\" \/>\n<meta property=\"og:url\" content=\"https:\/\/nokianprofiilit.fi\/sv\/n98si-tehokkaasti-eristetyt-ulko-ovet\/\" \/>\n<meta property=\"og:site_name\" content=\"Nokian Profiilit Oy\" \/>\n<meta property=\"article:publisher\" content=\"https:\/\/www.facebook.com\/Nokian-Profiilit-Oy-131383804412730\/\" \/>\n<meta property=\"article:modified_time\" content=\"2022-03-22T13:51:45+00:00\" \/>\n<meta name=\"twitter:card\" content=\"summary_large_image\" \/>\n<meta name=\"twitter:label1\" content=\"Est. reading time\" \/>\n\t<meta name=\"twitter:data1\" content=\"14 minutes\" \/>\n<script type=\"application\/ld+json\" class=\"yoast-schema-graph\">{\"@context\":\"https:\/\/schema.org\",\"@graph\":[{\"@type\":\"WebPage\",\"@id\":\"https:\/\/nokianprofiilit.fi\/n98si-tehokkaasti-eristetyt-ulko-ovet\/\",\"url\":\"https:\/\/nokianprofiilit.fi\/n98si-tehokkaasti-eristetyt-ulko-ovet\/\",\"name\":\"N98si tehokkaasti eristetyt ulko-ovet | Nokian Profiilit Oy\",\"isPartOf\":{\"@id\":\"https:\/\/nokianprofiilit.fi\/#website\"},\"datePublished\":\"2018-08-03T08:45:03+00:00\",\"dateModified\":\"2022-03-22T13:51:45+00:00\",\"description\":\"N98si on tehokkaasti l\u00e4mp\u00f6eristetty ovi-, ikkuna ja lasisein\u00e4j\u00e4rjestelm\u00e4. Yhteensopiva muihin Nokian Profiilit rakennusj\u00e4rjestelmiin.\",\"breadcrumb\":{\"@id\":\"https:\/\/nokianprofiilit.fi\/n98si-tehokkaasti-eristetyt-ulko-ovet\/#breadcrumb\"},\"inLanguage\":\"sv-SE\",\"potentialAction\":[{\"@type\":\"ReadAction\",\"target\":[\"https:\/\/nokianprofiilit.fi\/n98si-tehokkaasti-eristetyt-ulko-ovet\/\"]}]},{\"@type\":\"BreadcrumbList\",\"@id\":\"https:\/\/nokianprofiilit.fi\/n98si-tehokkaasti-eristetyt-ulko-ovet\/#breadcrumb\",\"itemListElement\":[{\"@type\":\"ListItem\",\"position\":1,\"name\":\"Home\",\"item\":\"https:\/\/nokianprofiilit.fi\/\"},{\"@type\":\"ListItem\",\"position\":2,\"name\":\"N98si tehokkaasti eristetyt ulko-ovet\"}]},{\"@type\":\"WebSite\",\"@id\":\"https:\/\/nokianprofiilit.fi\/#website\",\"url\":\"https:\/\/nokianprofiilit.fi\/\",\"name\":\"Nokian Profiilit Oy\",\"description\":\"Julkisivut ja alumiiniprofiilit teollisuuden eri tarpeisiin\",\"potentialAction\":[{\"@type\":\"SearchAction\",\"target\":{\"@type\":\"EntryPoint\",\"urlTemplate\":\"https:\/\/nokianprofiilit.fi\/?s={search_term_string}\"},\"query-input\":\"required name=search_term_string\"}],\"inLanguage\":\"sv-SE\"}]}<\/script>\n<!-- \/ Yoast SEO plugin. -->","yoast_head_json":{"title":"N98si tehokkaasti eristetyt ulko-ovet | Nokian Profiilit Oy","description":"N98si on tehokkaasti l\u00e4mp\u00f6eristetty ovi-, ikkuna ja lasisein\u00e4j\u00e4rjestelm\u00e4. Yhteensopiva muihin Nokian Profiilit rakennusj\u00e4rjestelmiin.","robots":{"index":"index","follow":"follow","max-snippet":"max-snippet:-1","max-image-preview":"max-image-preview:large","max-video-preview":"max-video-preview:-1"},"canonical":"https:\/\/nokianprofiilit.fi\/sv\/n98si-tehokkaasti-eristetyt-ulko-ovet\/","og_locale":"sv_SE","og_type":"article","og_title":"N98si tehokkaasti eristetyt ulko-ovet | Nokian Profiilit Oy","og_description":"N98si on tehokkaasti l\u00e4mp\u00f6eristetty ovi-, ikkuna ja lasisein\u00e4j\u00e4rjestelm\u00e4. Yhteensopiva muihin Nokian Profiilit rakennusj\u00e4rjestelmiin.","og_url":"https:\/\/nokianprofiilit.fi\/sv\/n98si-tehokkaasti-eristetyt-ulko-ovet\/","og_site_name":"Nokian Profiilit Oy","article_publisher":"https:\/\/www.facebook.com\/Nokian-Profiilit-Oy-131383804412730\/","article_modified_time":"2022-03-22T13:51:45+00:00","twitter_card":"summary_large_image","twitter_misc":{"Est. reading time":"14 minutes"},"schema":{"@context":"https:\/\/schema.org","@graph":[{"@type":"WebPage","@id":"https:\/\/nokianprofiilit.fi\/n98si-tehokkaasti-eristetyt-ulko-ovet\/","url":"https:\/\/nokianprofiilit.fi\/n98si-tehokkaasti-eristetyt-ulko-ovet\/","name":"N98si tehokkaasti eristetyt ulko-ovet | Nokian Profiilit Oy","isPartOf":{"@id":"https:\/\/nokianprofiilit.fi\/#website"},"datePublished":"2018-08-03T08:45:03+00:00","dateModified":"2022-03-22T13:51:45+00:00","description":"N98si on tehokkaasti l\u00e4mp\u00f6eristetty ovi-, ikkuna ja lasisein\u00e4j\u00e4rjestelm\u00e4. Yhteensopiva muihin Nokian Profiilit rakennusj\u00e4rjestelmiin.","breadcrumb":{"@id":"https:\/\/nokianprofiilit.fi\/n98si-tehokkaasti-eristetyt-ulko-ovet\/#breadcrumb"},"inLanguage":"sv-SE","potentialAction":[{"@type":"ReadAction","target":["https:\/\/nokianprofiilit.fi\/n98si-tehokkaasti-eristetyt-ulko-ovet\/"]}]},{"@type":"BreadcrumbList","@id":"https:\/\/nokianprofiilit.fi\/n98si-tehokkaasti-eristetyt-ulko-ovet\/#breadcrumb","itemListElement":[{"@type":"ListItem","position":1,"name":"Home","item":"https:\/\/nokianprofiilit.fi\/"},{"@type":"ListItem","position":2,"name":"N98si tehokkaasti eristetyt ulko-ovet"}]},{"@type":"WebSite","@id":"https:\/\/nokianprofiilit.fi\/#website","url":"https:\/\/nokianprofiilit.fi\/","name":"Nokian Profiilit Oy","description":"Julkisivut ja alumiiniprofiilit teollisuuden eri tarpeisiin","potentialAction":[{"@type":"SearchAction","target":{"@type":"EntryPoint","urlTemplate":"https:\/\/nokianprofiilit.fi\/?s={search_term_string}"},"query-input":"required name=search_term_string"}],"inLanguage":"sv-SE"}]}},"_links":{"self":[{"href":"https:\/\/nokianprofiilit.fi\/sv\/wp-json\/wp\/v2\/pages\/1915"}],"collection":[{"href":"https:\/\/nokianprofiilit.fi\/sv\/wp-json\/wp\/v2\/pages"}],"about":[{"href":"https:\/\/nokianprofiilit.fi\/sv\/wp-json\/wp\/v2\/types\/page"}],"author":[{"embeddable":true,"href":"https:\/\/nokianprofiilit.fi\/sv\/wp-json\/wp\/v2\/users\/1"}],"replies":[{"embeddable":true,"href":"https:\/\/nokianprofiilit.fi\/sv\/wp-json\/wp\/v2\/comments?post=1915"}],"version-history":[{"count":16,"href":"https:\/\/nokianprofiilit.fi\/sv\/wp-json\/wp\/v2\/pages\/1915\/revisions"}],"predecessor-version":[{"id":5519,"href":"https:\/\/nokianprofiilit.fi\/sv\/wp-json\/wp\/v2\/pages\/1915\/revisions\/5519"}],"wp:attachment":[{"href":"https:\/\/nokianprofiilit.fi\/sv\/wp-json\/wp\/v2\/media?parent=1915"}],"curies":[{"name":"wp","href":"https:\/\/api.w.org\/{rel}","templated":true}]}}