{"id":3490,"date":"2018-11-09T18:00:23","date_gmt":"2018-11-09T18:00:23","guid":{"rendered":"http:\/\/nokianprofiilit.fi\/?page_id=3490"},"modified":"2019-05-01T12:50:51","modified_gmt":"2019-05-01T12:50:51","slug":"kymppi-paneelit","status":"publish","type":"page","link":"https:\/\/nokianprofiilit.fi\/ru\/kymppi-paneelit\/","title":{"rendered":"KYMPPI &#8211; Paneelit"},"content":{"rendered":"<div class=\"flex_column av_one_full  flex_column_div av-zero-column-padding first\" style='border-radius:0px; '><div style='padding-bottom:10px; font-size:28px;' class='av-special-heading av-special-heading-h1  blockquote modern-quote modern-centered   av-inherit-size'><h1 class='av-special-heading-tag'  itemprop=\"headline\"  >KYMPPI &#8211; Paneelit<\/h1><div class='special-heading-border'><div class='special-heading-inner-border' ><\/div><\/div><\/div>\n<div  data-size='featured_large'  data-lightbox_size='large'  data-animation='slide'  data-conditional_play=''  data-ids='4200'  data-video_counter='0'  data-autoplay='false'  data-bg_slider='false'  data-slide_height=''  data-handle='av_slideshow'  data-interval='5'  data-class=' avia-easyslider '  data-css_id=''  data-scroll_down=''  data-control_layout='av-control-default'  data-custom_markup=''  data-perma_caption=''  data-autoplay_stopper=''  data-image_attachment=''  data-min_height='0px'  data-default-height='42'  class='avia-slideshow avia-slideshow-1  av-control-default av-default-height-applied avia-slideshow-featured_large av_slideshow  avia-easyslider  avia-slide-slider'  itemprop=\"ImageObject\" itemscope=\"itemscope\" itemtype=\"https:\/\/schema.org\/ImageObject\" ><ul class='avia-slideshow-inner' style='padding-bottom: 42%;' ><li  class='av-single-slide slide-1' ><a href='https:\/\/nokianprofiilit.fi\/wp-content\/uploads\/2018\/12\/105-1030x773.jpg' data-rel='slideshow-1' class='avia-slide-wrap'   ><img src='https:\/\/nokianprofiilit.fi\/wp-content\/uploads\/2018\/12\/105-1500x630.jpg' width='1500' height='630' title='Paneelit &amp; S\u00e4leik\u00f6t' alt=''  itemprop=\"thumbnailUrl\"   \/><\/a><\/li><\/ul><\/div><\/div>\r\n\r\n<div class=\"flex_column av_one_full  av-animated-generic right-to-left  flex_column_div av-zero-column-padding first\" style='border-radius:0px; '><div style='padding-bottom:10px; ' class='av-special-heading av-special-heading-h3'><h3 class='av-special-heading-tag'  itemprop=\"headline\"  >Tuotteen Kuvaus<\/h3><div class='special-heading-border'><div class='special-heading-inner-border' ><\/div><\/div><\/div>\n<section class=\"av_textblock_section\"  itemscope=\"itemscope\" itemtype=\"https:\/\/schema.org\/CreativeWork\" ><div class='avia_textblock'   itemprop=\"text\" ><p>KYMPPI-Paneelit on pitkien alumiinipaneelien j\u00e4rjestelm\u00e4, jonka avulla on mahdollista tehd\u00e4 kiinteit\u00e4 ja laajoja alumiinipintoja. KYMPPI-Paneelista tehdyt pinnat ovat hyvin kest\u00e4vi\u00e4 ulkoisia tekij\u00f6it\u00e4 vastaan kuten s\u00e4\u00e4n vaikutuksia ja iskuja vastaan, eik\u00e4 se tarvitse huolenpitoa vuosikymmeniin. Valmiissa rakenteessa ei n\u00e4y saumoja, joka tekee niist\u00e4 yhten\u00e4isen ja n\u00e4ytt\u00e4v\u00e4n n\u00e4k\u00f6isi\u00e4.<\/p>\n<\/div><\/section>\n<div style='padding-bottom:10px; ' class='av-special-heading av-special-heading-h3'><h3 class='av-special-heading-tag'  itemprop=\"headline\"  >Ladattavat Tiedot<\/h3><div class='special-heading-border'><div class='special-heading-inner-border' ><\/div><\/div><\/div><\/div>\r\n\r\n<div class=\"flex_column av_one_full  av-animated-generic bottom-to-top  flex_column_div av-zero-column-padding first  pdf\" style='border-radius:0px; '><section class=\"av_textblock_section\"  itemscope=\"itemscope\" itemtype=\"https:\/\/schema.org\/CreativeWork\" ><div class='avia_textblock pdf'   itemprop=\"text\" ><p>ESITE<\/p>\n<\/div><\/section>\n<section class=\"av_textblock_section\"  itemscope=\"itemscope\" itemtype=\"https:\/\/schema.org\/CreativeWork\" ><div class='avia_textblock pdf-button'   itemprop=\"text\" >\n\n<div class='avia-button-wrap avia-button-center'><a href='http:\/\/nokianprofiilit.fi\/wp-content\/uploads\/2019\/04\/KYMPPI-\u043f\u0430\u043d\u0435\u043b\u0438-\u0411\u0440\u043e\u0448\u044e\u0440\u0430-Esite.pdf'  class='avia-button   avia-icon_select-yes-left-icon avia-color-theme-color-highlight avia-size-large avia-position-center'  target=\"_blank\"   ><span class='avia_button_icon avia_button_icon_left' aria-hidden='true' data-av_icon='\ue82d' data-av_iconfont='entypo-fontello'><\/span><span class='avia_iconbox_title' >PDF<\/span><\/a><\/div>\n\n\n<\/div><\/section><\/div>","protected":false},"excerpt":{"rendered":"","protected":false},"author":1,"featured_media":0,"parent":0,"menu_order":0,"comment_status":"closed","ping_status":"closed","template":"","meta":{"footnotes":""},"yoast_head":"<!-- This site is optimized with the Yoast SEO plugin v22.1 - https:\/\/yoast.com\/wordpress\/plugins\/seo\/ -->\n<title>KYMPPI - Paneelit | Alumiinipaneelit | Nokian Profiilit Oy<\/title>\n<meta name=\"description\" content=\"KYMPPI-Paneelit on pitkien alumiinipaneelien j\u00e4rjestelm\u00e4, jonka avulla on mahdollista tehd\u00e4 kiinteit\u00e4 ja laajoja alumiinipintoja.\" \/>\n<meta name=\"robots\" content=\"index, follow, max-snippet:-1, max-image-preview:large, max-video-preview:-1\" \/>\n<link rel=\"canonical\" href=\"https:\/\/nokianprofiilit.fi\/ru\/kymppi-paneelit\/\" \/>\n<meta property=\"og:locale\" content=\"ru_RU\" \/>\n<meta property=\"og:type\" content=\"article\" \/>\n<meta property=\"og:title\" content=\"KYMPPI - Paneelit | Alumiinipaneelit | Nokian Profiilit Oy\" \/>\n<meta property=\"og:description\" content=\"KYMPPI-Paneelit on pitkien alumiinipaneelien j\u00e4rjestelm\u00e4, jonka avulla on mahdollista tehd\u00e4 kiinteit\u00e4 ja laajoja alumiinipintoja.\" \/>\n<meta property=\"og:url\" content=\"https:\/\/nokianprofiilit.fi\/ru\/kymppi-paneelit\/\" \/>\n<meta property=\"og:site_name\" content=\"Nokian Profiilit Oy\" \/>\n<meta property=\"article:publisher\" content=\"https:\/\/www.facebook.com\/Nokian-Profiilit-Oy-131383804412730\/\" \/>\n<meta property=\"article:modified_time\" content=\"2019-05-01T12:50:51+00:00\" \/>\n<meta name=\"twitter:card\" content=\"summary_large_image\" \/>\n<meta name=\"twitter:label1\" content=\"Est. reading time\" \/>\n\t<meta name=\"twitter:data1\" content=\"5 minutes\" \/>\n<script type=\"application\/ld+json\" class=\"yoast-schema-graph\">{\"@context\":\"https:\/\/schema.org\",\"@graph\":[{\"@type\":\"WebPage\",\"@id\":\"https:\/\/nokianprofiilit.fi\/kymppi-paneelit\/\",\"url\":\"https:\/\/nokianprofiilit.fi\/kymppi-paneelit\/\",\"name\":\"KYMPPI - Paneelit | Alumiinipaneelit | Nokian Profiilit Oy\",\"isPartOf\":{\"@id\":\"https:\/\/nokianprofiilit.fi\/#website\"},\"datePublished\":\"2018-11-09T18:00:23+00:00\",\"dateModified\":\"2019-05-01T12:50:51+00:00\",\"description\":\"KYMPPI-Paneelit on pitkien alumiinipaneelien j\u00e4rjestelm\u00e4, jonka avulla on mahdollista tehd\u00e4 kiinteit\u00e4 ja laajoja alumiinipintoja.\",\"breadcrumb\":{\"@id\":\"https:\/\/nokianprofiilit.fi\/kymppi-paneelit\/#breadcrumb\"},\"inLanguage\":\"ru-RU\",\"potentialAction\":[{\"@type\":\"ReadAction\",\"target\":[\"https:\/\/nokianprofiilit.fi\/kymppi-paneelit\/\"]}]},{\"@type\":\"BreadcrumbList\",\"@id\":\"https:\/\/nokianprofiilit.fi\/kymppi-paneelit\/#breadcrumb\",\"itemListElement\":[{\"@type\":\"ListItem\",\"position\":1,\"name\":\"Home\",\"item\":\"https:\/\/nokianprofiilit.fi\/\"},{\"@type\":\"ListItem\",\"position\":2,\"name\":\"KYMPPI &#8211; Paneelit\"}]},{\"@type\":\"WebSite\",\"@id\":\"https:\/\/nokianprofiilit.fi\/#website\",\"url\":\"https:\/\/nokianprofiilit.fi\/\",\"name\":\"Nokian Profiilit Oy\",\"description\":\"Julkisivut ja alumiiniprofiilit teollisuuden eri tarpeisiin\",\"potentialAction\":[{\"@type\":\"SearchAction\",\"target\":{\"@type\":\"EntryPoint\",\"urlTemplate\":\"https:\/\/nokianprofiilit.fi\/?s={search_term_string}\"},\"query-input\":\"required name=search_term_string\"}],\"inLanguage\":\"ru-RU\"}]}<\/script>\n<!-- \/ Yoast SEO plugin. -->","yoast_head_json":{"title":"KYMPPI - Paneelit | Alumiinipaneelit | Nokian Profiilit Oy","description":"KYMPPI-Paneelit on pitkien alumiinipaneelien j\u00e4rjestelm\u00e4, jonka avulla on mahdollista tehd\u00e4 kiinteit\u00e4 ja laajoja alumiinipintoja.","robots":{"index":"index","follow":"follow","max-snippet":"max-snippet:-1","max-image-preview":"max-image-preview:large","max-video-preview":"max-video-preview:-1"},"canonical":"https:\/\/nokianprofiilit.fi\/ru\/kymppi-paneelit\/","og_locale":"ru_RU","og_type":"article","og_title":"KYMPPI - Paneelit | Alumiinipaneelit | Nokian Profiilit Oy","og_description":"KYMPPI-Paneelit on pitkien alumiinipaneelien j\u00e4rjestelm\u00e4, jonka avulla on mahdollista tehd\u00e4 kiinteit\u00e4 ja laajoja alumiinipintoja.","og_url":"https:\/\/nokianprofiilit.fi\/ru\/kymppi-paneelit\/","og_site_name":"Nokian Profiilit Oy","article_publisher":"https:\/\/www.facebook.com\/Nokian-Profiilit-Oy-131383804412730\/","article_modified_time":"2019-05-01T12:50:51+00:00","twitter_card":"summary_large_image","twitter_misc":{"Est. reading time":"5 minutes"},"schema":{"@context":"https:\/\/schema.org","@graph":[{"@type":"WebPage","@id":"https:\/\/nokianprofiilit.fi\/kymppi-paneelit\/","url":"https:\/\/nokianprofiilit.fi\/kymppi-paneelit\/","name":"KYMPPI - Paneelit | Alumiinipaneelit | Nokian Profiilit Oy","isPartOf":{"@id":"https:\/\/nokianprofiilit.fi\/#website"},"datePublished":"2018-11-09T18:00:23+00:00","dateModified":"2019-05-01T12:50:51+00:00","description":"KYMPPI-Paneelit on pitkien alumiinipaneelien j\u00e4rjestelm\u00e4, jonka avulla on mahdollista tehd\u00e4 kiinteit\u00e4 ja laajoja alumiinipintoja.","breadcrumb":{"@id":"https:\/\/nokianprofiilit.fi\/kymppi-paneelit\/#breadcrumb"},"inLanguage":"ru-RU","potentialAction":[{"@type":"ReadAction","target":["https:\/\/nokianprofiilit.fi\/kymppi-paneelit\/"]}]},{"@type":"BreadcrumbList","@id":"https:\/\/nokianprofiilit.fi\/kymppi-paneelit\/#breadcrumb","itemListElement":[{"@type":"ListItem","position":1,"name":"Home","item":"https:\/\/nokianprofiilit.fi\/"},{"@type":"ListItem","position":2,"name":"KYMPPI &#8211; Paneelit"}]},{"@type":"WebSite","@id":"https:\/\/nokianprofiilit.fi\/#website","url":"https:\/\/nokianprofiilit.fi\/","name":"Nokian Profiilit Oy","description":"Julkisivut ja alumiiniprofiilit teollisuuden eri tarpeisiin","potentialAction":[{"@type":"SearchAction","target":{"@type":"EntryPoint","urlTemplate":"https:\/\/nokianprofiilit.fi\/?s={search_term_string}"},"query-input":"required name=search_term_string"}],"inLanguage":"ru-RU"}]}},"_links":{"self":[{"href":"https:\/\/nokianprofiilit.fi\/ru\/wp-json\/wp\/v2\/pages\/3490"}],"collection":[{"href":"https:\/\/nokianprofiilit.fi\/ru\/wp-json\/wp\/v2\/pages"}],"about":[{"href":"https:\/\/nokianprofiilit.fi\/ru\/wp-json\/wp\/v2\/types\/page"}],"author":[{"embeddable":true,"href":"https:\/\/nokianprofiilit.fi\/ru\/wp-json\/wp\/v2\/users\/1"}],"replies":[{"embeddable":true,"href":"https:\/\/nokianprofiilit.fi\/ru\/wp-json\/wp\/v2\/comments?post=3490"}],"version-history":[{"count":8,"href":"https:\/\/nokianprofiilit.fi\/ru\/wp-json\/wp\/v2\/pages\/3490\/revisions"}],"predecessor-version":[{"id":4915,"href":"https:\/\/nokianprofiilit.fi\/ru\/wp-json\/wp\/v2\/pages\/3490\/revisions\/4915"}],"wp:attachment":[{"href":"https:\/\/nokianprofiilit.fi\/ru\/wp-json\/wp\/v2\/media?parent=3490"}],"curies":[{"name":"wp","href":"https:\/\/api.w.org\/{rel}","templated":true}]}}