{"id":3739,"date":"2018-11-16T18:00:10","date_gmt":"2018-11-16T18:00:10","guid":{"rendered":"http:\/\/nokianprofiilit.fi\/?page_id=3739"},"modified":"2019-05-01T13:34:21","modified_gmt":"2019-05-01T13:34:21","slug":"lasiseinat","status":"publish","type":"page","link":"https:\/\/nokianprofiilit.fi\/et\/lasiseinat\/","title":{"rendered":"Lasisein\u00e4t"},"content":{"rendered":"<\/div><\/div><\/div><!-- close content main div --><\/div><\/div><div id='full_slider_1' class='avia-fullwidth-slider main_color avia-shadow   toimiala-slider container_wrap fullsize'   ><div  data-size='featured'  data-lightbox_size='large'  data-animation='slide'  data-conditional_play=''  data-ids='3661,3662,3663,3664'  data-video_counter='0'  data-autoplay='false'  data-bg_slider='false'  data-slide_height=''  data-handle='av_slideshow_full'  data-interval='5'  data-class=' '  data-css_id=''  data-scroll_down=''  data-control_layout='av-control-default'  data-custom_markup=''  data-perma_caption=''  data-autoplay_stopper=''  data-image_attachment=''  data-min_height='0px'  data-src=''  data-position='top left'  data-repeat='no-repeat'  data-attach='scroll'  data-stretch=''  data-default-height='28.666666666667'  class='avia-slideshow avia-slideshow-1  av-control-default av-default-height-applied avia-slideshow-featured av_slideshow_full   avia-slide-slider'  itemprop=\"ImageObject\" itemscope=\"itemscope\" itemtype=\"https:\/\/schema.org\/ImageObject\" ><ul class='avia-slideshow-inner' style='padding-bottom: 28.666666666667%;' ><li  class='slide-1' ><div data-rel='slideshow-1' class='avia-slide-wrap'   ><div class = \"caption_fullwidth av-slideshow-caption caption_bottom\"><div class = \"container caption_container\"><div class = \"slideshow_caption\"><div class = \"slideshow_inner_caption\"><div class = \"slideshow_align_caption\"><h2  class='avia-caption-title'  itemprop=\"name\" >Tuotteet<\/h2><\/div><\/div><\/div><\/div><\/div><img src='https:\/\/nokianprofiilit.fi\/wp-content\/uploads\/2018\/11\/652-1500x430.jpg' width='1500' height='430' title='julkisivut' alt='julkisivut'  itemprop=\"thumbnailUrl\"   \/><\/div><\/li><\/ul><\/div><\/div>\r\n\r\n<div class=\"flex_column av_one_full  flex_column_div av-zero-column-padding first\" style='border-radius:0px; '><div style='padding-bottom:50px; color:#44aae4;font-size:28px;' class='av-special-heading av-special-heading-h1 custom-color-heading blockquote modern-quote modern-centered  h1-default-style av-inherit-size'><h1 class='av-special-heading-tag'  itemprop=\"headline\"  >LASISEIN\u00c4T<\/h1><div class='special-heading-border'><div class='special-heading-inner-border' style='border-color:#44aae4'><\/div><\/div><\/div><\/div>\r\n\r\n<div class='flex_column_table av-equal-height-column-flextable -flextable' style='margin-top:0px; margin-bottom:50px; '><div class=\"flex_column av_one_third  flex_column_table_cell av-equal-height-column av-align-top av-zero-column-padding first  tuotteet\" style='border-radius:0px; '><div class='avia-image-container  av-styling-no-styling     avia-align-center'  itemprop=\"ImageObject\" itemscope=\"itemscope\" itemtype=\"https:\/\/schema.org\/ImageObject\"  ><div class='avia-image-container-inner'><div class='avia-image-overlay-wrap'><a href='https:\/\/nokianprofiilit.fi\/et\/r12-valiseinat\/' class='avia_image'  ><img class='avia_image' src='https:\/\/nokianprofiilit.fi\/wp-content\/uploads\/2018\/10\/kuva20.1-300x167.png' alt='' title='R12 v\u00e4lisein\u00e4t 1'  itemprop=\"thumbnailUrl\"  \/><\/a><\/div><\/div><\/div>\n<section class=\"av_textblock_section\"  itemscope=\"itemscope\" itemtype=\"https:\/\/schema.org\/CreativeWork\" ><div class='avia_textblock'  style='font-size:13px; '  itemprop=\"text\" ><p style=\"text-align: center;\"><a href=\"https:\/\/nokianprofiilit.fi\/et\/r12-valiseinat\/\"><strong>R12 V\u00c4LISEIN\u00c4T<\/strong><\/a><\/p>\n<hr \/>\n<p style=\"text-align: center;\">Runkoprofiilin n\u00e4kyv\u00e4 leveys 37\u2026150 mm<br \/>\nRunkosyvyys 46 tai 100 mm<\/p>\n<\/div><\/section>\n<div class='avia-button-wrap avia-button-center  tuotteet-btn'><a href='https:\/\/nokianprofiilit.fi\/et\/r12-valiseinat\/'  class='avia-button   avia-icon_select-no avia-color-theme-color avia-size-medium avia-position-center'   ><span class='avia_iconbox_title' >Lue Lis\u00e4\u00e4<\/span><\/a><\/div><\/div><\/div><!--close column table wrapper. Autoclose: 1 --><div class='flex_column_table av-equal-height-column-flextable -flextable' style='margin-top:0px; margin-bottom:50px; '><div class='av-flex-placeholder'><\/div><div class=\"flex_column av_one_third  flex_column_table_cell av-equal-height-column av-align-top av-zero-column-padding   tuotteet\" style='border-radius:0px; '><div class='avia-image-container  av-styling-no-styling     avia-align-center'  itemprop=\"ImageObject\" itemscope=\"itemscope\" itemtype=\"https:\/\/schema.org\/ImageObject\"  ><div class='avia-image-container-inner'><div class='avia-image-overlay-wrap'><a href='https:\/\/nokianprofiilit.fi\/et\/r12-linea-valiseinat\/' class='avia_image'  ><img class='avia_image' src='https:\/\/nokianprofiilit.fi\/wp-content\/uploads\/2018\/10\/kuva21.1-300x167.png' alt='' title='R12 LINEA v\u00e4lisein\u00e4t 1'  itemprop=\"thumbnailUrl\"  \/><\/a><\/div><\/div><\/div>\n<section class=\"av_textblock_section\"  itemscope=\"itemscope\" itemtype=\"https:\/\/schema.org\/CreativeWork\" ><div class='avia_textblock'  style='font-size:13px; '  itemprop=\"text\" ><p style=\"text-align: center;\"><a href=\"https:\/\/nokianprofiilit.fi\/et\/r12-linea-valiseinat\/\"><strong>R12 LINEA V\u00c4LISEIN\u00c4T<\/strong><\/a><\/p>\n<hr \/>\n<p style=\"text-align: center;\">Runkoprofiilin n\u00e4kyv\u00e4 leveys 24\u202636 mm<br \/>\nRunkosyvyys 46 tai 65 mm<\/p>\n<\/div><\/section>\n<div class='avia-button-wrap avia-button-center  tuotteet-btn'><a href='https:\/\/nokianprofiilit.fi\/et\/r12-linea-valiseinat\/'  class='avia-button   avia-icon_select-no avia-color-theme-color avia-size-medium avia-position-center'   ><span class='avia_iconbox_title' >Lue Lis\u00e4\u00e4<\/span><\/a><\/div><\/div><\/div><!--close column table wrapper. Autoclose: 1 --><div class='flex_column_table av-equal-height-column-flextable -flextable' style='margin-top:0px; margin-bottom:50px; '><div class='av-flex-placeholder'><\/div><div class=\"flex_column av_one_third  flex_column_table_cell av-equal-height-column av-align-top av-zero-column-padding   tuotteet\" style='border-radius:0px; '><div class='avia-image-container  av-styling-no-styling     avia-align-center'  itemprop=\"ImageObject\" itemscope=\"itemscope\" itemtype=\"https:\/\/schema.org\/ImageObject\"  ><div class='avia-image-container-inner'><div class='avia-image-overlay-wrap'><a href='https:\/\/nokianprofiilit.fi\/et\/r28-filia-valiseinat\/' class='avia_image'  ><img class='avia_image' src='https:\/\/nokianprofiilit.fi\/wp-content\/uploads\/2018\/10\/kuva22.1-300x167.png' alt='' title='R28 FILIA v\u00e4lisein\u00e4t 1'  itemprop=\"thumbnailUrl\"  \/><\/a><\/div><\/div><\/div>\n<section class=\"av_textblock_section\"  itemscope=\"itemscope\" itemtype=\"https:\/\/schema.org\/CreativeWork\" ><div class='avia_textblock'  style='font-size:13px; '  itemprop=\"text\" ><p style=\"text-align: center;\"><a href=\"https:\/\/nokianprofiilit.fi\/et\/r28-filia-valiseinat\/\"><strong>R28 FILIA V\u00c4LISEIN\u00c4T<\/strong><\/a><\/p>\n<hr \/>\n<p style=\"text-align: center;\">Runkoprofiilin n\u00e4kyv\u00e4 leveys 30 tai 85 mm<br \/>\nRunkosyvyys 40 tai 91 mm<\/p>\n<\/div><\/section>\n<div class='avia-button-wrap avia-button-center  tuotteet-btn'><a href='https:\/\/nokianprofiilit.fi\/et\/r28-filia-valiseinat\/'  class='avia-button   avia-icon_select-no avia-color-theme-color avia-size-medium avia-position-center'   ><span class='avia_iconbox_title' >Lue Lis\u00e4\u00e4<\/span><\/a><\/div><\/div><\/div><!--close column table wrapper. Autoclose: 1 --><div class='flex_column_table av-equal-height-column-flextable -flextable' style='margin-top:0px; margin-bottom:50px; '><div class=\"flex_column av_one_third  flex_column_table_cell av-equal-height-column av-align-top av-zero-column-padding first  tuotteet\" style='border-radius:0px; '><div class='avia-image-container  av-styling-no-styling     avia-align-center'  itemprop=\"ImageObject\" itemscope=\"itemscope\" itemtype=\"https:\/\/schema.org\/ImageObject\"  ><div class='avia-image-container-inner'><div class='avia-image-overlay-wrap'><a href='https:\/\/nokianprofiilit.fi\/et\/r72-eristetyt-lasiseinat\/' class='avia_image'  ><img class='avia_image' src='https:\/\/nokianprofiilit.fi\/wp-content\/uploads\/2018\/10\/kuva23.1-300x167.png' alt='' title='R72 eristetyt lasisein\u00e4t 1'  itemprop=\"thumbnailUrl\"  \/><\/a><\/div><\/div><\/div>\n<section class=\"av_textblock_section\"  itemscope=\"itemscope\" itemtype=\"https:\/\/schema.org\/CreativeWork\" ><div class='avia_textblock'  style='font-size:13px; '  itemprop=\"text\" ><p style=\"text-align: center;\"><a href=\"https:\/\/nokianprofiilit.fi\/et\/r72-eristetyt-lasiseinat\/\"><strong>R72 ERISTETYT LASISEIN\u00c4T<br \/>\n<\/strong><\/a><\/p>\n<hr \/>\n<p style=\"text-align: center;\">Runkoprofiilin n\u00e4kyv\u00e4 leveys 50\u2026180 mm<br \/>\nRunkosyvyys 72 tai 140 mm<\/p>\n<\/div><\/section>\n<div class='avia-button-wrap avia-button-center  tuotteet-btn'><a href='https:\/\/nokianprofiilit.fi\/et\/r72-eristetyt-lasiseinat\/'  class='avia-button   avia-icon_select-no avia-color-theme-color avia-size-medium avia-position-center'   ><span class='avia_iconbox_title' >Lue Lis\u00e4\u00e4<\/span><\/a><\/div><\/div><\/div><!--close column table wrapper. Autoclose: 1 --><div class='flex_column_table av-equal-height-column-flextable -flextable' style='margin-top:0px; margin-bottom:50px; '><div class='av-flex-placeholder'><\/div><div class=\"flex_column av_one_third  flex_column_table_cell av-equal-height-column av-align-top av-zero-column-padding   tuotteet\" style='border-radius:0px; '><div class='avia-image-container  av-styling-no-styling     avia-align-center'  itemprop=\"ImageObject\" itemscope=\"itemscope\" itemtype=\"https:\/\/schema.org\/ImageObject\"  ><div class='avia-image-container-inner'><div class='avia-image-overlay-wrap'><a href='https:\/\/nokianprofiilit.fi\/et\/r72-ei30-palo-lasiseinat\/' class='avia_image'  ><img class='avia_image' src='https:\/\/nokianprofiilit.fi\/wp-content\/uploads\/2019\/04\/R72-EI30-palo-lasisein\u00e4t-1.jpg' alt='R72-EI30-palo-lasisein\u00e4t' title='R72-EI30-palo-lasisein\u00e4t'  itemprop=\"thumbnailUrl\"  \/><\/a><\/div><\/div><\/div>\n<section class=\"av_textblock_section\"  itemscope=\"itemscope\" itemtype=\"https:\/\/schema.org\/CreativeWork\" ><div class='avia_textblock'  style='font-size:13px; '  itemprop=\"text\" ><p style=\"text-align: center;\"><a href=\"https:\/\/nokianprofiilit.fi\/et\/r72-ei30-palo-lasiseinat\/\"><strong>R72 EI30 PALO-LASISEIN\u00c4T<\/strong><\/a><\/p>\n<hr \/>\n<p style=\"text-align: center;\">Runkoprofiilin n\u00e4kyv\u00e4 leveys 50\u2026180 mm<br \/>\nRunkosyvyys 72 tai 140 mm<\/p>\n<\/div><\/section>\n<div class='avia-button-wrap avia-button-center  tuotteet-btn'><a href='https:\/\/nokianprofiilit.fi\/et\/r72-ei30-palo-lasiseinat\/'  class='avia-button   avia-icon_select-no avia-color-theme-color avia-size-medium avia-position-center'   ><span class='avia_iconbox_title' >Lue Lis\u00e4\u00e4<\/span><\/a><\/div><\/div><\/div><!--close column table wrapper. Autoclose: 1 -->\r\n\r\n<div class='flex_column_table av-equal-height-column-flextable -flextable' style='margin-top:0px; margin-bottom:50px; '><div class='av-flex-placeholder'><\/div><div class=\"flex_column av_one_third  flex_column_table_cell av-equal-height-column av-align-top av-zero-column-padding   tuotteet\" style='border-radius:0px; '><div class='avia-image-container  av-styling-no-styling     avia-align-center'  itemprop=\"ImageObject\" itemscope=\"itemscope\" itemtype=\"https:\/\/schema.org\/ImageObject\"  ><div class='avia-image-container-inner'><div class='avia-image-overlay-wrap'><a href='https:\/\/nokianprofiilit.fi\/et\/n83si-eristetyt-lasiseinat\/' class='avia_image'  ><img class='avia_image' src='https:\/\/nokianprofiilit.fi\/wp-content\/uploads\/2019\/04\/N83si-eristetyt-lasisein\u00e4t-1.jpg' alt='N83si eristetyt lasisein\u00e4t 1' title='N83si eristetyt lasisein\u00e4t 1'  itemprop=\"thumbnailUrl\"  \/><\/a><\/div><\/div><\/div>\n<section class=\"av_textblock_section\"  itemscope=\"itemscope\" itemtype=\"https:\/\/schema.org\/CreativeWork\" ><div class='avia_textblock'  style='font-size:13px; '  itemprop=\"text\" ><p style=\"text-align: center;\"><a href=\"https:\/\/nokianprofiilit.fi\/et\/n83si-eristetyt-lasiseinat\/\"><strong>N83SI ERISTETYT LASISEIN\u00c4T<br \/>\n<\/strong><\/a><\/p>\n<hr \/>\n<p style=\"text-align: center;\">Runkoprofiilin n\u00e4kyv\u00e4 leveys 50\u2026180 mm<br \/>\nRunkosyvyys 72 tai 140 mm<\/p>\n<\/div><\/section>\n<div class='avia-button-wrap avia-button-center  tuotteet-btn'><a href='https:\/\/nokianprofiilit.fi\/et\/n83si-eristetyt-lasiseinat\/'  class='avia-button   avia-icon_select-no avia-color-theme-color avia-size-medium avia-position-center'   ><span class='avia_iconbox_title' >Lue Lis\u00e4\u00e4<\/span><\/a><\/div><\/div><\/div><!--close column table wrapper. Autoclose: 1 -->\r\n\r\n<div class='flex_column_table av-equal-height-column-flextable -flextable' style='margin-top:0px; margin-bottom:50px; '><div class=\"flex_column av_one_third  flex_column_table_cell av-equal-height-column av-align-top av-zero-column-padding first  tuotteet\" style='border-radius:0px; '><div class='avia-image-container  av-styling-no-styling     avia-align-center'  itemprop=\"ImageObject\" itemscope=\"itemscope\" itemtype=\"https:\/\/schema.org\/ImageObject\"  ><div class='avia-image-container-inner'><div class='avia-image-overlay-wrap'><a href='https:\/\/nokianprofiilit.fi\/et\/n98si-tehokkaasti-eristetyt-lasiseinat\/' class='avia_image'  ><img class='avia_image' src='https:\/\/nokianprofiilit.fi\/wp-content\/uploads\/2018\/10\/kuva24.1-300x167.png' alt='' title='N98si tehokkaasti eristetyt lasisein\u00e4t 1'  itemprop=\"thumbnailUrl\"  \/><\/a><\/div><\/div><\/div>\n<section class=\"av_textblock_section\"  itemscope=\"itemscope\" itemtype=\"https:\/\/schema.org\/CreativeWork\" ><div class='avia_textblock'  style='font-size:13px; '  itemprop=\"text\" ><p style=\"text-align: center;\"><a href=\"https:\/\/nokianprofiilit.fi\/et\/n98si-tehokkaasti-eristetyt-lasiseinat\/\"><strong>N98SI TEHOKKAASTI ERISTETYT LASISEIN\u00c4T<\/strong><\/a><\/p>\n<hr \/>\n<p style=\"text-align: center;\">Runkoprofiilin n\u00e4kyv\u00e4 leveys 50\u2026180 mm<br \/>\nRunkosyvyys 98 tai 166 mm<\/p>\n<\/div><\/section>\n<div class='avia-button-wrap avia-button-center  tuotteet-btn'><a href='https:\/\/nokianprofiilit.fi\/et\/n98si-tehokkaasti-eristetyt-lasiseinat\/'  class='avia-button   avia-icon_select-no avia-color-theme-color avia-size-medium avia-position-center'   ><span class='avia_iconbox_title' >Lue Lis\u00e4\u00e4<\/span><\/a><\/div><\/div><\/div><!--close column table wrapper. Autoclose: 1 --><div class='flex_column_table av-equal-height-column-flextable -flextable' style='margin-top:0px; margin-bottom:50px; '><div class='av-flex-placeholder'><\/div><div class=\"flex_column av_one_third  flex_column_table_cell av-equal-height-column av-align-top av-zero-column-padding\" style='border-radius:0px; '><\/div><\/div><!--close column table wrapper. Autoclose: 1 -->\r\n\r\n<div class='flex_column_table av-equal-height-column-flextable -flextable' style='margin-top:0px; margin-bottom:50px; '><div class='av-flex-placeholder'><\/div><div class=\"flex_column av_one_third  flex_column_table_cell av-equal-height-column av-align-top av-zero-column-padding\" style='border-radius:0px; '><\/div><\/div><!--close column table wrapper. Autoclose: 1 -->","protected":false},"excerpt":{"rendered":"","protected":false},"author":1,"featured_media":0,"parent":0,"menu_order":0,"comment_status":"closed","ping_status":"closed","template":"","meta":{"footnotes":""},"yoast_head":"<!-- This site is optimized with the Yoast SEO plugin v22.1 - https:\/\/yoast.com\/wordpress\/plugins\/seo\/ -->\n<title>Lasisein\u00e4t | Nokian Profiilit Oy<\/title>\n<meta name=\"description\" content=\"Meilt\u00e4 l\u00f6ytyy laaja valikoima erilaisia lasiseini\u00e4. Tuote valikoimaan kuuluu mm. R12-, R28-, sek\u00e4 R72 lasiseini\u00e4. Kysy lis\u00e4\u00e4 lasituotteistamme!\" \/>\n<meta name=\"robots\" content=\"index, follow, max-snippet:-1, max-image-preview:large, max-video-preview:-1\" \/>\n<link rel=\"canonical\" href=\"https:\/\/nokianprofiilit.fi\/et\/lasiseinat\/\" \/>\n<meta property=\"og:locale\" content=\"et_EE\" \/>\n<meta property=\"og:type\" content=\"article\" \/>\n<meta property=\"og:title\" content=\"Lasisein\u00e4t | Nokian Profiilit Oy\" \/>\n<meta property=\"og:description\" content=\"Meilt\u00e4 l\u00f6ytyy laaja valikoima erilaisia lasiseini\u00e4. Tuote valikoimaan kuuluu mm. R12-, R28-, sek\u00e4 R72 lasiseini\u00e4. Kysy lis\u00e4\u00e4 lasituotteistamme!\" \/>\n<meta property=\"og:url\" content=\"https:\/\/nokianprofiilit.fi\/et\/lasiseinat\/\" \/>\n<meta property=\"og:site_name\" content=\"Nokian Profiilit Oy\" \/>\n<meta property=\"article:publisher\" content=\"https:\/\/www.facebook.com\/Nokian-Profiilit-Oy-131383804412730\/\" \/>\n<meta property=\"article:modified_time\" content=\"2019-05-01T13:34:21+00:00\" \/>\n<meta name=\"twitter:card\" content=\"summary_large_image\" \/>\n<meta name=\"twitter:label1\" content=\"Est. reading time\" \/>\n\t<meta name=\"twitter:data1\" content=\"13 minutes\" \/>\n<script type=\"application\/ld+json\" class=\"yoast-schema-graph\">{\"@context\":\"https:\/\/schema.org\",\"@graph\":[{\"@type\":\"WebPage\",\"@id\":\"https:\/\/nokianprofiilit.fi\/lasiseinat\/\",\"url\":\"https:\/\/nokianprofiilit.fi\/lasiseinat\/\",\"name\":\"Lasisein\u00e4t | Nokian Profiilit Oy\",\"isPartOf\":{\"@id\":\"https:\/\/nokianprofiilit.fi\/#website\"},\"datePublished\":\"2018-11-16T18:00:10+00:00\",\"dateModified\":\"2019-05-01T13:34:21+00:00\",\"description\":\"Meilt\u00e4 l\u00f6ytyy laaja valikoima erilaisia lasiseini\u00e4. Tuote valikoimaan kuuluu mm. R12-, R28-, sek\u00e4 R72 lasiseini\u00e4. Kysy lis\u00e4\u00e4 lasituotteistamme!\",\"breadcrumb\":{\"@id\":\"https:\/\/nokianprofiilit.fi\/lasiseinat\/#breadcrumb\"},\"inLanguage\":\"et\",\"potentialAction\":[{\"@type\":\"ReadAction\",\"target\":[\"https:\/\/nokianprofiilit.fi\/lasiseinat\/\"]}]},{\"@type\":\"BreadcrumbList\",\"@id\":\"https:\/\/nokianprofiilit.fi\/lasiseinat\/#breadcrumb\",\"itemListElement\":[{\"@type\":\"ListItem\",\"position\":1,\"name\":\"Home\",\"item\":\"https:\/\/nokianprofiilit.fi\/\"},{\"@type\":\"ListItem\",\"position\":2,\"name\":\"Lasisein\u00e4t\"}]},{\"@type\":\"WebSite\",\"@id\":\"https:\/\/nokianprofiilit.fi\/#website\",\"url\":\"https:\/\/nokianprofiilit.fi\/\",\"name\":\"Nokian Profiilit Oy\",\"description\":\"Julkisivut ja alumiiniprofiilit teollisuuden eri tarpeisiin\",\"potentialAction\":[{\"@type\":\"SearchAction\",\"target\":{\"@type\":\"EntryPoint\",\"urlTemplate\":\"https:\/\/nokianprofiilit.fi\/?s={search_term_string}\"},\"query-input\":\"required name=search_term_string\"}],\"inLanguage\":\"et\"}]}<\/script>\n<!-- \/ Yoast SEO plugin. -->","yoast_head_json":{"title":"Lasisein\u00e4t | Nokian Profiilit Oy","description":"Meilt\u00e4 l\u00f6ytyy laaja valikoima erilaisia lasiseini\u00e4. Tuote valikoimaan kuuluu mm. R12-, R28-, sek\u00e4 R72 lasiseini\u00e4. Kysy lis\u00e4\u00e4 lasituotteistamme!","robots":{"index":"index","follow":"follow","max-snippet":"max-snippet:-1","max-image-preview":"max-image-preview:large","max-video-preview":"max-video-preview:-1"},"canonical":"https:\/\/nokianprofiilit.fi\/et\/lasiseinat\/","og_locale":"et_EE","og_type":"article","og_title":"Lasisein\u00e4t | Nokian Profiilit Oy","og_description":"Meilt\u00e4 l\u00f6ytyy laaja valikoima erilaisia lasiseini\u00e4. Tuote valikoimaan kuuluu mm. R12-, R28-, sek\u00e4 R72 lasiseini\u00e4. Kysy lis\u00e4\u00e4 lasituotteistamme!","og_url":"https:\/\/nokianprofiilit.fi\/et\/lasiseinat\/","og_site_name":"Nokian Profiilit Oy","article_publisher":"https:\/\/www.facebook.com\/Nokian-Profiilit-Oy-131383804412730\/","article_modified_time":"2019-05-01T13:34:21+00:00","twitter_card":"summary_large_image","twitter_misc":{"Est. reading time":"13 minutes"},"schema":{"@context":"https:\/\/schema.org","@graph":[{"@type":"WebPage","@id":"https:\/\/nokianprofiilit.fi\/lasiseinat\/","url":"https:\/\/nokianprofiilit.fi\/lasiseinat\/","name":"Lasisein\u00e4t | Nokian Profiilit Oy","isPartOf":{"@id":"https:\/\/nokianprofiilit.fi\/#website"},"datePublished":"2018-11-16T18:00:10+00:00","dateModified":"2019-05-01T13:34:21+00:00","description":"Meilt\u00e4 l\u00f6ytyy laaja valikoima erilaisia lasiseini\u00e4. Tuote valikoimaan kuuluu mm. R12-, R28-, sek\u00e4 R72 lasiseini\u00e4. Kysy lis\u00e4\u00e4 lasituotteistamme!","breadcrumb":{"@id":"https:\/\/nokianprofiilit.fi\/lasiseinat\/#breadcrumb"},"inLanguage":"et","potentialAction":[{"@type":"ReadAction","target":["https:\/\/nokianprofiilit.fi\/lasiseinat\/"]}]},{"@type":"BreadcrumbList","@id":"https:\/\/nokianprofiilit.fi\/lasiseinat\/#breadcrumb","itemListElement":[{"@type":"ListItem","position":1,"name":"Home","item":"https:\/\/nokianprofiilit.fi\/"},{"@type":"ListItem","position":2,"name":"Lasisein\u00e4t"}]},{"@type":"WebSite","@id":"https:\/\/nokianprofiilit.fi\/#website","url":"https:\/\/nokianprofiilit.fi\/","name":"Nokian Profiilit Oy","description":"Julkisivut ja alumiiniprofiilit teollisuuden eri tarpeisiin","potentialAction":[{"@type":"SearchAction","target":{"@type":"EntryPoint","urlTemplate":"https:\/\/nokianprofiilit.fi\/?s={search_term_string}"},"query-input":"required name=search_term_string"}],"inLanguage":"et"}]}},"_links":{"self":[{"href":"https:\/\/nokianprofiilit.fi\/et\/wp-json\/wp\/v2\/pages\/3739"}],"collection":[{"href":"https:\/\/nokianprofiilit.fi\/et\/wp-json\/wp\/v2\/pages"}],"about":[{"href":"https:\/\/nokianprofiilit.fi\/et\/wp-json\/wp\/v2\/types\/page"}],"author":[{"embeddable":true,"href":"https:\/\/nokianprofiilit.fi\/et\/wp-json\/wp\/v2\/users\/1"}],"replies":[{"embeddable":true,"href":"https:\/\/nokianprofiilit.fi\/et\/wp-json\/wp\/v2\/comments?post=3739"}],"version-history":[{"count":13,"href":"https:\/\/nokianprofiilit.fi\/et\/wp-json\/wp\/v2\/pages\/3739\/revisions"}],"predecessor-version":[{"id":5236,"href":"https:\/\/nokianprofiilit.fi\/et\/wp-json\/wp\/v2\/pages\/3739\/revisions\/5236"}],"wp:attachment":[{"href":"https:\/\/nokianprofiilit.fi\/et\/wp-json\/wp\/v2\/media?parent=3739"}],"curies":[{"name":"wp","href":"https:\/\/api.w.org\/{rel}","templated":true}]}}