{"id":3555,"date":"2018-11-10T11:27:54","date_gmt":"2018-11-10T11:27:54","guid":{"rendered":"http:\/\/nokianprofiilit.fi\/?page_id=3555"},"modified":"2019-04-30T18:48:51","modified_gmt":"2019-04-30T18:48:51","slug":"jatkojalostusvaihtoehdot","status":"publish","type":"page","link":"https:\/\/nokianprofiilit.fi\/et\/jatkojalostusvaihtoehdot\/","title":{"rendered":"Jatkojalostusvaihtoehdot"},"content":{"rendered":"<div class=\"flex_column av_one_full  flex_column_div av-zero-column-padding first\" style='border-radius:0px; '><div style='padding-bottom:10px; font-size:28px;' class='av-special-heading av-special-heading-h1  blockquote modern-quote modern-centered   av-inherit-size'><h1 class='av-special-heading-tag'  itemprop=\"headline\"  >Jatkojalostusvaihtoehdot<\/h1><div class='special-heading-border'><div class='special-heading-inner-border' ><\/div><\/div><\/div><\/div>\r\n\r\n<div class=\"flex_column av_one_full  av-animated-generic right-to-left  flex_column_div av-zero-column-padding first\" style='border-radius:0px; '><div style='padding-bottom:10px; color:#40a8e4;' class='av-special-heading av-special-heading-h3 custom-color-heading'><h3 class='av-special-heading-tag'  itemprop=\"headline\"  >Sahaus<\/h3><div class='special-heading-border'><div class='special-heading-inner-border' style='border-color:#40a8e4'><\/div><\/div><\/div>\n<div class='avia-gallery  avia-gallery-1 avia_lazyload avia_animate_when_visible'  itemprop=\"ImageObject\" itemscope=\"itemscope\" itemtype=\"https:\/\/schema.org\/ImageObject\" ><div class='avia-gallery-thumb'> <a href='https:\/\/nokianprofiilit.fi\/wp-content\/uploads\/2018\/11\/sahaus.png' data-rel='gallery-1' data-prev-img='https:\/\/nokianprofiilit.fi\/wp-content\/uploads\/2018\/11\/sahaus.png' class='first_thumb lightbox' data-onclick='1' title=''  itemprop=\"thumbnailUrl\" ><img  src='https:\/\/nokianprofiilit.fi\/wp-content\/uploads\/2018\/11\/sahaus.png' width='227' height='169'  title='sahaus' alt='' \/><\/a><\/div><\/div>\n<section class=\"av_textblock_section\"  itemscope=\"itemscope\" itemtype=\"https:\/\/schema.org\/CreativeWork\" ><div class='avia_textblock'   itemprop=\"text\" ><p>Voimme toimittaa kaikki profiilit m\u00e4\u00e4r\u00e4mittaan sahattuna.<\/p>\n<\/div><\/section><\/div>\r\n\r\n<div class=\"flex_column av_one_full  av-animated-generic right-to-left  flex_column_div av-zero-column-padding first\" style='border-radius:0px; '><div style='padding-bottom:10px; color:#40a8e4;' class='av-special-heading av-special-heading-h3 custom-color-heading'><h3 class='av-special-heading-tag'  itemprop=\"headline\"  >Koneistus<\/h3><div class='special-heading-border'><div class='special-heading-inner-border' style='border-color:#40a8e4'><\/div><\/div><\/div>\n<div class='avia-gallery  avia-gallery-2 avia_lazyload avia_animate_when_visible'  itemprop=\"ImageObject\" itemscope=\"itemscope\" itemtype=\"https:\/\/schema.org\/ImageObject\" ><div class='avia-gallery-thumb'> <a href='https:\/\/nokianprofiilit.fi\/wp-content\/uploads\/2018\/11\/koneistus2.png' data-rel='gallery-2' data-prev-img='https:\/\/nokianprofiilit.fi\/wp-content\/uploads\/2018\/11\/koneistus2.png' class='first_thumb lightbox' data-onclick='1' title=''  itemprop=\"thumbnailUrl\" ><img  src='https:\/\/nokianprofiilit.fi\/wp-content\/uploads\/2018\/11\/koneistus2.png' width='227' height='169'  title='koneistus2' alt='' \/><\/a> <a href='https:\/\/nokianprofiilit.fi\/wp-content\/uploads\/2018\/11\/koneistus1.png' data-rel='gallery-2' data-prev-img='https:\/\/nokianprofiilit.fi\/wp-content\/uploads\/2018\/11\/koneistus1.png' class='lightbox' data-onclick='2' title=''  itemprop=\"thumbnailUrl\" ><img  src='https:\/\/nokianprofiilit.fi\/wp-content\/uploads\/2018\/11\/koneistus1.png' width='227' height='169'  title='koneistus1' alt='' \/><\/a><\/div><\/div>\n<section class=\"av_textblock_section\"  itemscope=\"itemscope\" itemtype=\"https:\/\/schema.org\/CreativeWork\" ><div class='avia_textblock'   itemprop=\"text\" ><p>Koneistamme profiilit asiakkaan toivomaan valmiusasteeseen.<\/p>\n<\/div><\/section><\/div>\r\n\r\n<div class=\"flex_column av_one_full  av-animated-generic right-to-left  flex_column_div av-zero-column-padding first\" style='border-radius:0px; '><div style='padding-bottom:10px; color:#40a8e4;' class='av-special-heading av-special-heading-h3 custom-color-heading'><h3 class='av-special-heading-tag'  itemprop=\"headline\"  >Taivutus<\/h3><div class='special-heading-border'><div class='special-heading-inner-border' style='border-color:#40a8e4'><\/div><\/div><\/div>\n<div class='avia-gallery  avia-gallery-3 avia_lazyload avia_animate_when_visible'  itemprop=\"ImageObject\" itemscope=\"itemscope\" itemtype=\"https:\/\/schema.org\/ImageObject\" ><div class='avia-gallery-thumb'> <a href='https:\/\/nokianprofiilit.fi\/wp-content\/uploads\/2018\/11\/taivutus3.png' data-rel='gallery-3' data-prev-img='https:\/\/nokianprofiilit.fi\/wp-content\/uploads\/2018\/11\/taivutus3.png' class='first_thumb lightbox' data-onclick='1' title=''  itemprop=\"thumbnailUrl\" ><img  src='https:\/\/nokianprofiilit.fi\/wp-content\/uploads\/2018\/11\/taivutus3.png' width='227' height='169'  title='taivutus3' alt='' \/><\/a> <a href='https:\/\/nokianprofiilit.fi\/wp-content\/uploads\/2018\/11\/taivutus1.png' data-rel='gallery-3' data-prev-img='https:\/\/nokianprofiilit.fi\/wp-content\/uploads\/2018\/11\/taivutus1.png' class='lightbox' data-onclick='2' title=''  itemprop=\"thumbnailUrl\" ><img  src='https:\/\/nokianprofiilit.fi\/wp-content\/uploads\/2018\/11\/taivutus1.png' width='227' height='169'  title='taivutus1' alt='' \/><\/a> <a href='https:\/\/nokianprofiilit.fi\/wp-content\/uploads\/2018\/11\/taivutus2.png' data-rel='gallery-3' data-prev-img='https:\/\/nokianprofiilit.fi\/wp-content\/uploads\/2018\/11\/taivutus2.png' class='lightbox' data-onclick='3' title=''  itemprop=\"thumbnailUrl\" ><img  src='https:\/\/nokianprofiilit.fi\/wp-content\/uploads\/2018\/11\/taivutus2.png' width='227' height='169'  title='taivutus2' alt='' \/><\/a><\/div><\/div>\n<section class=\"av_textblock_section\"  itemscope=\"itemscope\" itemtype=\"https:\/\/schema.org\/CreativeWork\" ><div class='avia_textblock'   itemprop=\"text\" ><p>Mik\u00e4li profiilit on suunniteltu taivutettaviksi, niin voimme tarjota niille taivutuksen.<\/p>\n<\/div><\/section><\/div>\r\n\r\n<div class=\"flex_column av_one_full  av-animated-generic right-to-left  flex_column_div av-zero-column-padding first\" style='border-radius:0px; '><div style='padding-bottom:10px; color:#40a8e4;' class='av-special-heading av-special-heading-h3 custom-color-heading'><h3 class='av-special-heading-tag'  itemprop=\"headline\"  >Hitsaus<\/h3><div class='special-heading-border'><div class='special-heading-inner-border' style='border-color:#40a8e4'><\/div><\/div><\/div>\n<div class='avia-gallery  avia-gallery-4 avia_lazyload avia_animate_when_visible'  itemprop=\"ImageObject\" itemscope=\"itemscope\" itemtype=\"https:\/\/schema.org\/ImageObject\" ><div class='avia-gallery-thumb'> <a href='https:\/\/nokianprofiilit.fi\/wp-content\/uploads\/2018\/12\/hitsaus.png' data-rel='gallery-4' data-prev-img='https:\/\/nokianprofiilit.fi\/wp-content\/uploads\/2018\/12\/hitsaus.png' class='first_thumb lightbox' data-onclick='1' title=''  itemprop=\"thumbnailUrl\" ><img  src='https:\/\/nokianprofiilit.fi\/wp-content\/uploads\/2018\/12\/hitsaus.png' width='227' height='169'  title='hitsaus' alt='' \/><\/a><\/div><\/div>\n<section class=\"av_textblock_section\"  itemscope=\"itemscope\" itemtype=\"https:\/\/schema.org\/CreativeWork\" ><div class='avia_textblock'   itemprop=\"text\" ><p>Toimitamme hitsatut rakenteet asiakkaan piirustusten mukaan.<\/p>\n<\/div><\/section><\/div>\r\n\r\n<div class=\"flex_column av_one_full  av-animated-generic right-to-left  flex_column_div av-zero-column-padding first\" style='border-radius:0px; '><div style='padding-bottom:10px; color:#40a8e4;' class='av-special-heading av-special-heading-h3 custom-color-heading'><h3 class='av-special-heading-tag'  itemprop=\"headline\"  >Muut Palvelut<\/h3><div class='special-heading-border'><div class='special-heading-inner-border' style='border-color:#40a8e4'><\/div><\/div><\/div>\n<section class=\"av_textblock_section\"  itemscope=\"itemscope\" itemtype=\"https:\/\/schema.org\/CreativeWork\" ><div class='avia_textblock'   itemprop=\"text\" ><p>Voimme toimittaa profiilit hiottuna tai kiillotettuna.<\/p>\n<p>Tarvittaessa suunnittelemme tuotteille tuotekohtaiset pakkaukset.<\/p>\n<\/div><\/section><\/div>","protected":false},"excerpt":{"rendered":"","protected":false},"author":1,"featured_media":0,"parent":0,"menu_order":0,"comment_status":"closed","ping_status":"closed","template":"","meta":{"footnotes":""},"yoast_head":"<!-- This site is optimized with the Yoast SEO plugin v22.1 - https:\/\/yoast.com\/wordpress\/plugins\/seo\/ -->\n<title>Jatkojalostusvaihtoehdot | Nokian Profiilit Oy<\/title>\n<meta name=\"description\" content=\"Tarvittaessa suunnittelemme tuotteille tuotekohtaiset pakkaukset. Tarjoamme my\u00f6s mm. sahaus-, koneistus-, taivutus-, ja hitaus palveluita.\" \/>\n<meta name=\"robots\" content=\"index, follow, max-snippet:-1, max-image-preview:large, max-video-preview:-1\" \/>\n<link rel=\"canonical\" href=\"https:\/\/nokianprofiilit.fi\/et\/jatkojalostusvaihtoehdot\/\" \/>\n<meta property=\"og:locale\" content=\"et_EE\" \/>\n<meta property=\"og:type\" content=\"article\" \/>\n<meta property=\"og:title\" content=\"Jatkojalostusvaihtoehdot | Nokian Profiilit Oy\" \/>\n<meta property=\"og:description\" content=\"Tarvittaessa suunnittelemme tuotteille tuotekohtaiset pakkaukset. Tarjoamme my\u00f6s mm. sahaus-, koneistus-, taivutus-, ja hitaus palveluita.\" \/>\n<meta property=\"og:url\" content=\"https:\/\/nokianprofiilit.fi\/et\/jatkojalostusvaihtoehdot\/\" \/>\n<meta property=\"og:site_name\" content=\"Nokian Profiilit Oy\" \/>\n<meta property=\"article:publisher\" content=\"https:\/\/www.facebook.com\/Nokian-Profiilit-Oy-131383804412730\/\" \/>\n<meta property=\"article:modified_time\" content=\"2019-04-30T18:48:51+00:00\" \/>\n<meta name=\"twitter:card\" content=\"summary_large_image\" \/>\n<meta name=\"twitter:label1\" content=\"Est. reading time\" \/>\n\t<meta name=\"twitter:data1\" content=\"6 minutes\" \/>\n<script type=\"application\/ld+json\" class=\"yoast-schema-graph\">{\"@context\":\"https:\/\/schema.org\",\"@graph\":[{\"@type\":\"WebPage\",\"@id\":\"https:\/\/nokianprofiilit.fi\/jatkojalostusvaihtoehdot\/\",\"url\":\"https:\/\/nokianprofiilit.fi\/jatkojalostusvaihtoehdot\/\",\"name\":\"Jatkojalostusvaihtoehdot | Nokian Profiilit Oy\",\"isPartOf\":{\"@id\":\"https:\/\/nokianprofiilit.fi\/#website\"},\"datePublished\":\"2018-11-10T11:27:54+00:00\",\"dateModified\":\"2019-04-30T18:48:51+00:00\",\"description\":\"Tarvittaessa suunnittelemme tuotteille tuotekohtaiset pakkaukset. Tarjoamme my\u00f6s mm. sahaus-, koneistus-, taivutus-, ja hitaus palveluita.\",\"breadcrumb\":{\"@id\":\"https:\/\/nokianprofiilit.fi\/jatkojalostusvaihtoehdot\/#breadcrumb\"},\"inLanguage\":\"et\",\"potentialAction\":[{\"@type\":\"ReadAction\",\"target\":[\"https:\/\/nokianprofiilit.fi\/jatkojalostusvaihtoehdot\/\"]}]},{\"@type\":\"BreadcrumbList\",\"@id\":\"https:\/\/nokianprofiilit.fi\/jatkojalostusvaihtoehdot\/#breadcrumb\",\"itemListElement\":[{\"@type\":\"ListItem\",\"position\":1,\"name\":\"Home\",\"item\":\"https:\/\/nokianprofiilit.fi\/\"},{\"@type\":\"ListItem\",\"position\":2,\"name\":\"Jatkojalostusvaihtoehdot\"}]},{\"@type\":\"WebSite\",\"@id\":\"https:\/\/nokianprofiilit.fi\/#website\",\"url\":\"https:\/\/nokianprofiilit.fi\/\",\"name\":\"Nokian Profiilit Oy\",\"description\":\"Julkisivut ja alumiiniprofiilit teollisuuden eri tarpeisiin\",\"potentialAction\":[{\"@type\":\"SearchAction\",\"target\":{\"@type\":\"EntryPoint\",\"urlTemplate\":\"https:\/\/nokianprofiilit.fi\/?s={search_term_string}\"},\"query-input\":\"required name=search_term_string\"}],\"inLanguage\":\"et\"}]}<\/script>\n<!-- \/ Yoast SEO plugin. -->","yoast_head_json":{"title":"Jatkojalostusvaihtoehdot | Nokian Profiilit Oy","description":"Tarvittaessa suunnittelemme tuotteille tuotekohtaiset pakkaukset. Tarjoamme my\u00f6s mm. sahaus-, koneistus-, taivutus-, ja hitaus palveluita.","robots":{"index":"index","follow":"follow","max-snippet":"max-snippet:-1","max-image-preview":"max-image-preview:large","max-video-preview":"max-video-preview:-1"},"canonical":"https:\/\/nokianprofiilit.fi\/et\/jatkojalostusvaihtoehdot\/","og_locale":"et_EE","og_type":"article","og_title":"Jatkojalostusvaihtoehdot | Nokian Profiilit Oy","og_description":"Tarvittaessa suunnittelemme tuotteille tuotekohtaiset pakkaukset. Tarjoamme my\u00f6s mm. sahaus-, koneistus-, taivutus-, ja hitaus palveluita.","og_url":"https:\/\/nokianprofiilit.fi\/et\/jatkojalostusvaihtoehdot\/","og_site_name":"Nokian Profiilit Oy","article_publisher":"https:\/\/www.facebook.com\/Nokian-Profiilit-Oy-131383804412730\/","article_modified_time":"2019-04-30T18:48:51+00:00","twitter_card":"summary_large_image","twitter_misc":{"Est. reading time":"6 minutes"},"schema":{"@context":"https:\/\/schema.org","@graph":[{"@type":"WebPage","@id":"https:\/\/nokianprofiilit.fi\/jatkojalostusvaihtoehdot\/","url":"https:\/\/nokianprofiilit.fi\/jatkojalostusvaihtoehdot\/","name":"Jatkojalostusvaihtoehdot | Nokian Profiilit Oy","isPartOf":{"@id":"https:\/\/nokianprofiilit.fi\/#website"},"datePublished":"2018-11-10T11:27:54+00:00","dateModified":"2019-04-30T18:48:51+00:00","description":"Tarvittaessa suunnittelemme tuotteille tuotekohtaiset pakkaukset. Tarjoamme my\u00f6s mm. sahaus-, koneistus-, taivutus-, ja hitaus palveluita.","breadcrumb":{"@id":"https:\/\/nokianprofiilit.fi\/jatkojalostusvaihtoehdot\/#breadcrumb"},"inLanguage":"et","potentialAction":[{"@type":"ReadAction","target":["https:\/\/nokianprofiilit.fi\/jatkojalostusvaihtoehdot\/"]}]},{"@type":"BreadcrumbList","@id":"https:\/\/nokianprofiilit.fi\/jatkojalostusvaihtoehdot\/#breadcrumb","itemListElement":[{"@type":"ListItem","position":1,"name":"Home","item":"https:\/\/nokianprofiilit.fi\/"},{"@type":"ListItem","position":2,"name":"Jatkojalostusvaihtoehdot"}]},{"@type":"WebSite","@id":"https:\/\/nokianprofiilit.fi\/#website","url":"https:\/\/nokianprofiilit.fi\/","name":"Nokian Profiilit Oy","description":"Julkisivut ja alumiiniprofiilit teollisuuden eri tarpeisiin","potentialAction":[{"@type":"SearchAction","target":{"@type":"EntryPoint","urlTemplate":"https:\/\/nokianprofiilit.fi\/?s={search_term_string}"},"query-input":"required name=search_term_string"}],"inLanguage":"et"}]}},"_links":{"self":[{"href":"https:\/\/nokianprofiilit.fi\/et\/wp-json\/wp\/v2\/pages\/3555"}],"collection":[{"href":"https:\/\/nokianprofiilit.fi\/et\/wp-json\/wp\/v2\/pages"}],"about":[{"href":"https:\/\/nokianprofiilit.fi\/et\/wp-json\/wp\/v2\/types\/page"}],"author":[{"embeddable":true,"href":"https:\/\/nokianprofiilit.fi\/et\/wp-json\/wp\/v2\/users\/1"}],"replies":[{"embeddable":true,"href":"https:\/\/nokianprofiilit.fi\/et\/wp-json\/wp\/v2\/comments?post=3555"}],"version-history":[{"count":15,"href":"https:\/\/nokianprofiilit.fi\/et\/wp-json\/wp\/v2\/pages\/3555\/revisions"}],"predecessor-version":[{"id":5341,"href":"https:\/\/nokianprofiilit.fi\/et\/wp-json\/wp\/v2\/pages\/3555\/revisions\/5341"}],"wp:attachment":[{"href":"https:\/\/nokianprofiilit.fi\/et\/wp-json\/wp\/v2\/media?parent=3555"}],"curies":[{"name":"wp","href":"https:\/\/api.w.org\/{rel}","templated":true}]}}