{"id":3463,"date":"2018-11-08T16:22:39","date_gmt":"2018-11-08T16:22:39","guid":{"rendered":"http:\/\/nokianprofiilit.fi\/?page_id=3463"},"modified":"2019-05-08T06:44:34","modified_gmt":"2019-05-08T06:44:34","slug":"alumiiniprofiilit-teollisuuteen","status":"publish","type":"page","link":"https:\/\/nokianprofiilit.fi\/et\/alumiiniprofiilit-teollisuuteen\/","title":{"rendered":"Teollisuuteen"},"content":{"rendered":"<\/div><\/div><\/div><!-- close content main div --><\/div><\/div><div id='full_slider_1' class='avia-fullwidth-slider main_color avia-shadow   toimiala-slider container_wrap fullsize'   ><div  data-size='featured'  data-lightbox_size='large'  data-animation='slide'  data-conditional_play=''  data-ids='3464'  data-video_counter='0'  data-autoplay='false'  data-bg_slider='false'  data-slide_height=''  data-handle='av_slideshow_full'  data-interval='5'  data-class=' '  data-css_id=''  data-scroll_down=''  data-control_layout='av-control-default'  data-custom_markup=''  data-perma_caption=''  data-autoplay_stopper=''  data-image_attachment=''  data-min_height='0px'  data-src=''  data-position='top left'  data-repeat='no-repeat'  data-attach='scroll'  data-stretch=''  data-default-height='28.666666666667'  class='avia-slideshow avia-slideshow-1  av-control-default av-default-height-applied avia-slideshow-featured av_slideshow_full   avia-slide-slider'  itemprop=\"ImageObject\" itemscope=\"itemscope\" itemtype=\"https:\/\/schema.org\/ImageObject\" ><ul class='avia-slideshow-inner' style='padding-bottom: 28.666666666667%;' ><li  class='av-single-slide slide-1' ><div data-rel='slideshow-1' class='avia-slide-wrap'   ><div class = \"caption_fullwidth av-slideshow-caption caption_bottom\"><div class = \"container caption_container\"><div class = \"slideshow_caption\"><div class = \"slideshow_inner_caption\"><div class = \"slideshow_align_caption\"><h2  class='avia-caption-title'  itemprop=\"name\" >Teollisuuteen<\/h2><\/div><\/div><\/div><\/div><\/div><img src='https:\/\/nokianprofiilit.fi\/wp-content\/uploads\/2018\/11\/building-business-ceiling-209251-1500x430.jpg' width='1500' height='430' title='teollisuuteen' alt='teollisuuteen'  itemprop=\"thumbnailUrl\"   \/><\/div><\/li><\/ul><\/div><\/div>\r\n\r\n<div class=\"flex_column av_one_full  flex_column_div av-zero-column-padding first\" style='border-radius:0px; '><div style='padding-bottom:30px; color:#44aae4;font-size:28px;' class='av-special-heading av-special-heading-h1 custom-color-heading blockquote modern-quote  h1-default-style av-inherit-size'><h1 class='av-special-heading-tag'  itemprop=\"headline\"  >RATKAISUT JA ALUMIINIPROFIILIT TEOLLISUUDEN ERI TARPEISIIN<\/h1><div class='special-heading-border'><div class='special-heading-inner-border' style='border-color:#44aae4'><\/div><\/div><\/div>\n<section class=\"av_textblock_section\"  itemscope=\"itemscope\" itemtype=\"https:\/\/schema.org\/CreativeWork\" ><div class='avia_textblock'   itemprop=\"text\" ><p>Tarjoamme korkealaatuisia profiileja ja komponentteja tarpeisiinne. Meilt\u00e4 saa erilaiset alumiiniprofiilit, tiivisteit\u00e4 ja koneistettuja kappaleita asiakkaan haluaman koon, muodon ja tarpeen mukaan. Tarvittaessa hoidamme jatkojalostuksen kuten sahauksen m\u00e4\u00e4r\u00e4mittaan, koneistuksen ja pintak\u00e4sittelyn.<\/p>\n<p>Tarjoamme teknist\u00e4 tukea ja palautetta jokaiseen tuotteen kehityksen ja ty\u00f6n vaiheeseen.<\/p>\n<p>Tutustu meid\u00e4n palveluihin tai voit pyyt\u00e4\u00e4 lis\u00e4tietoja tai tarjousta meilt\u00e4.<\/p>\n<\/div><\/section><\/div><div class=\"flex_column av_one_full  flex_column_div av-zero-column-padding first\" style='border-radius:0px; '><div class='avia-button-wrap avia-button-left'><a href='https:\/\/nokianprofiilit.fi\/et\/palvelut\/'  class='avia-button av-icon-on-hover  avia-icon_select-no avia-color-theme-color-highlight avia-size-large avia-position-left'   ><span class='avia_iconbox_title' >Tutustu palveluihimme<\/span><\/a><\/div>\n<div class='avia-button-wrap avia-button-left'><a href='https:\/\/nokianprofiilit.fi\/et\/yhteystiedot\/'  class='avia-button av-icon-on-hover  avia-icon_select-no avia-color-theme-color-highlight avia-size-large avia-position-left'   ><span class='avia_iconbox_title' >Kysy lis\u00e4tietoja<\/span><\/a><\/div><\/div>","protected":false},"excerpt":{"rendered":"","protected":false},"author":1,"featured_media":0,"parent":0,"menu_order":0,"comment_status":"closed","ping_status":"closed","template":"","meta":{"footnotes":""},"yoast_head":"<!-- This site is optimized with the Yoast SEO plugin v22.1 - https:\/\/yoast.com\/wordpress\/plugins\/seo\/ -->\n<title>Alumiiniprofiilit teollisuuteen | Nokian Profiilit Oy<\/title>\n<meta name=\"description\" content=\"Tarjoamme korkealaatuisia profiileja ja komponentteja tarpeisiinne. Meilt\u00e4 saa alumiiniprofiileja, tiivisteit\u00e4 ja koneistettuja kappaleita.\" \/>\n<meta name=\"robots\" content=\"index, follow, max-snippet:-1, max-image-preview:large, max-video-preview:-1\" \/>\n<link rel=\"canonical\" href=\"https:\/\/nokianprofiilit.fi\/et\/alumiiniprofiilit-teollisuuteen\/\" \/>\n<meta property=\"og:locale\" content=\"et_EE\" \/>\n<meta property=\"og:type\" content=\"article\" \/>\n<meta property=\"og:title\" content=\"Alumiiniprofiilit teollisuuteen | Nokian Profiilit Oy\" \/>\n<meta property=\"og:description\" content=\"Tarjoamme korkealaatuisia profiileja ja komponentteja tarpeisiinne. Meilt\u00e4 saa alumiiniprofiileja, tiivisteit\u00e4 ja koneistettuja kappaleita.\" \/>\n<meta property=\"og:url\" content=\"https:\/\/nokianprofiilit.fi\/et\/alumiiniprofiilit-teollisuuteen\/\" \/>\n<meta property=\"og:site_name\" content=\"Nokian Profiilit Oy\" \/>\n<meta property=\"article:publisher\" content=\"https:\/\/www.facebook.com\/Nokian-Profiilit-Oy-131383804412730\/\" \/>\n<meta property=\"article:modified_time\" content=\"2019-05-08T06:44:34+00:00\" \/>\n<meta name=\"twitter:card\" content=\"summary_large_image\" \/>\n<meta name=\"twitter:label1\" content=\"Est. reading time\" \/>\n\t<meta name=\"twitter:data1\" content=\"3 minutes\" \/>\n<script type=\"application\/ld+json\" class=\"yoast-schema-graph\">{\"@context\":\"https:\/\/schema.org\",\"@graph\":[{\"@type\":\"WebPage\",\"@id\":\"https:\/\/nokianprofiilit.fi\/alumiiniprofiilit-teollisuuteen\/\",\"url\":\"https:\/\/nokianprofiilit.fi\/alumiiniprofiilit-teollisuuteen\/\",\"name\":\"Alumiiniprofiilit teollisuuteen | Nokian Profiilit Oy\",\"isPartOf\":{\"@id\":\"https:\/\/nokianprofiilit.fi\/#website\"},\"datePublished\":\"2018-11-08T16:22:39+00:00\",\"dateModified\":\"2019-05-08T06:44:34+00:00\",\"description\":\"Tarjoamme korkealaatuisia profiileja ja komponentteja tarpeisiinne. Meilt\u00e4 saa alumiiniprofiileja, tiivisteit\u00e4 ja koneistettuja kappaleita.\",\"breadcrumb\":{\"@id\":\"https:\/\/nokianprofiilit.fi\/alumiiniprofiilit-teollisuuteen\/#breadcrumb\"},\"inLanguage\":\"et\",\"potentialAction\":[{\"@type\":\"ReadAction\",\"target\":[\"https:\/\/nokianprofiilit.fi\/alumiiniprofiilit-teollisuuteen\/\"]}]},{\"@type\":\"BreadcrumbList\",\"@id\":\"https:\/\/nokianprofiilit.fi\/alumiiniprofiilit-teollisuuteen\/#breadcrumb\",\"itemListElement\":[{\"@type\":\"ListItem\",\"position\":1,\"name\":\"Home\",\"item\":\"https:\/\/nokianprofiilit.fi\/\"},{\"@type\":\"ListItem\",\"position\":2,\"name\":\"Teollisuuteen\"}]},{\"@type\":\"WebSite\",\"@id\":\"https:\/\/nokianprofiilit.fi\/#website\",\"url\":\"https:\/\/nokianprofiilit.fi\/\",\"name\":\"Nokian Profiilit Oy\",\"description\":\"Julkisivut ja alumiiniprofiilit teollisuuden eri tarpeisiin\",\"potentialAction\":[{\"@type\":\"SearchAction\",\"target\":{\"@type\":\"EntryPoint\",\"urlTemplate\":\"https:\/\/nokianprofiilit.fi\/?s={search_term_string}\"},\"query-input\":\"required name=search_term_string\"}],\"inLanguage\":\"et\"}]}<\/script>\n<!-- \/ Yoast SEO plugin. -->","yoast_head_json":{"title":"Alumiiniprofiilit teollisuuteen | Nokian Profiilit Oy","description":"Tarjoamme korkealaatuisia profiileja ja komponentteja tarpeisiinne. Meilt\u00e4 saa alumiiniprofiileja, tiivisteit\u00e4 ja koneistettuja kappaleita.","robots":{"index":"index","follow":"follow","max-snippet":"max-snippet:-1","max-image-preview":"max-image-preview:large","max-video-preview":"max-video-preview:-1"},"canonical":"https:\/\/nokianprofiilit.fi\/et\/alumiiniprofiilit-teollisuuteen\/","og_locale":"et_EE","og_type":"article","og_title":"Alumiiniprofiilit teollisuuteen | Nokian Profiilit Oy","og_description":"Tarjoamme korkealaatuisia profiileja ja komponentteja tarpeisiinne. Meilt\u00e4 saa alumiiniprofiileja, tiivisteit\u00e4 ja koneistettuja kappaleita.","og_url":"https:\/\/nokianprofiilit.fi\/et\/alumiiniprofiilit-teollisuuteen\/","og_site_name":"Nokian Profiilit Oy","article_publisher":"https:\/\/www.facebook.com\/Nokian-Profiilit-Oy-131383804412730\/","article_modified_time":"2019-05-08T06:44:34+00:00","twitter_card":"summary_large_image","twitter_misc":{"Est. reading time":"3 minutes"},"schema":{"@context":"https:\/\/schema.org","@graph":[{"@type":"WebPage","@id":"https:\/\/nokianprofiilit.fi\/alumiiniprofiilit-teollisuuteen\/","url":"https:\/\/nokianprofiilit.fi\/alumiiniprofiilit-teollisuuteen\/","name":"Alumiiniprofiilit teollisuuteen | Nokian Profiilit Oy","isPartOf":{"@id":"https:\/\/nokianprofiilit.fi\/#website"},"datePublished":"2018-11-08T16:22:39+00:00","dateModified":"2019-05-08T06:44:34+00:00","description":"Tarjoamme korkealaatuisia profiileja ja komponentteja tarpeisiinne. Meilt\u00e4 saa alumiiniprofiileja, tiivisteit\u00e4 ja koneistettuja kappaleita.","breadcrumb":{"@id":"https:\/\/nokianprofiilit.fi\/alumiiniprofiilit-teollisuuteen\/#breadcrumb"},"inLanguage":"et","potentialAction":[{"@type":"ReadAction","target":["https:\/\/nokianprofiilit.fi\/alumiiniprofiilit-teollisuuteen\/"]}]},{"@type":"BreadcrumbList","@id":"https:\/\/nokianprofiilit.fi\/alumiiniprofiilit-teollisuuteen\/#breadcrumb","itemListElement":[{"@type":"ListItem","position":1,"name":"Home","item":"https:\/\/nokianprofiilit.fi\/"},{"@type":"ListItem","position":2,"name":"Teollisuuteen"}]},{"@type":"WebSite","@id":"https:\/\/nokianprofiilit.fi\/#website","url":"https:\/\/nokianprofiilit.fi\/","name":"Nokian Profiilit Oy","description":"Julkisivut ja alumiiniprofiilit teollisuuden eri tarpeisiin","potentialAction":[{"@type":"SearchAction","target":{"@type":"EntryPoint","urlTemplate":"https:\/\/nokianprofiilit.fi\/?s={search_term_string}"},"query-input":"required name=search_term_string"}],"inLanguage":"et"}]}},"_links":{"self":[{"href":"https:\/\/nokianprofiilit.fi\/et\/wp-json\/wp\/v2\/pages\/3463"}],"collection":[{"href":"https:\/\/nokianprofiilit.fi\/et\/wp-json\/wp\/v2\/pages"}],"about":[{"href":"https:\/\/nokianprofiilit.fi\/et\/wp-json\/wp\/v2\/types\/page"}],"author":[{"embeddable":true,"href":"https:\/\/nokianprofiilit.fi\/et\/wp-json\/wp\/v2\/users\/1"}],"replies":[{"embeddable":true,"href":"https:\/\/nokianprofiilit.fi\/et\/wp-json\/wp\/v2\/comments?post=3463"}],"version-history":[{"count":7,"href":"https:\/\/nokianprofiilit.fi\/et\/wp-json\/wp\/v2\/pages\/3463\/revisions"}],"predecessor-version":[{"id":4267,"href":"https:\/\/nokianprofiilit.fi\/et\/wp-json\/wp\/v2\/pages\/3463\/revisions\/4267"}],"wp:attachment":[{"href":"https:\/\/nokianprofiilit.fi\/et\/wp-json\/wp\/v2\/media?parent=3463"}],"curies":[{"name":"wp","href":"https:\/\/api.w.org\/{rel}","templated":true}]}}