{"id":2026,"date":"2018-08-05T07:04:32","date_gmt":"2018-08-05T07:04:32","guid":{"rendered":"http:\/\/nokianprofiilit.fi\/?page_id=2026"},"modified":"2019-05-01T12:49:40","modified_gmt":"2019-05-01T12:49:40","slug":"lock-alakattojarjestelma","status":"publish","type":"page","link":"https:\/\/nokianprofiilit.fi\/et\/lock-alakattojarjestelma\/","title":{"rendered":"LOCK Alakattoj\u00e4rjestelm\u00e4"},"content":{"rendered":"<div class=\"flex_column av_one_full  flex_column_div av-zero-column-padding first\" style='border-radius:0px; '><div style='padding-bottom:10px; font-size:28px;' class='av-special-heading av-special-heading-h1  blockquote modern-quote modern-centered   av-inherit-size'><h1 class='av-special-heading-tag'  itemprop=\"headline\"  >LOCK alakattoj\u00e4rjestelm\u00e4<\/h1><div class='special-heading-border'><div class='special-heading-inner-border' ><\/div><\/div><\/div>\n<div  data-size='featured_large'  data-lightbox_size='large'  data-animation='slide'  data-conditional_play=''  data-ids='2281,2284,2290,2291,2292,2293,2295,2296,2294'  data-video_counter='0'  data-autoplay='false'  data-bg_slider='false'  data-slide_height=''  data-handle='av_slideshow'  data-interval='5'  data-class=' avia-easyslider '  data-css_id=''  data-scroll_down=''  data-control_layout='av-control-default'  data-custom_markup=''  data-perma_caption=''  data-autoplay_stopper=''  data-image_attachment=''  data-min_height='0px'  data-default-height='42'  class='avia-slideshow avia-slideshow-1  av-control-default av-default-height-applied avia-slideshow-featured_large av_slideshow  avia-easyslider  avia-slide-slider'  itemprop=\"ImageObject\" itemscope=\"itemscope\" itemtype=\"https:\/\/schema.org\/ImageObject\" ><ul class='avia-slideshow-inner' style='padding-bottom: 43.478260869565%;' ><li  class='slide-1' ><a href='https:\/\/nokianprofiilit.fi\/wp-content\/uploads\/2018\/09\/alakatto-1030x579.jpg' data-rel='slideshow-1' class='avia-slide-wrap'   ><img src='https:\/\/nokianprofiilit.fi\/wp-content\/uploads\/2018\/09\/alakatto-1449x630.jpg' width='1449' height='630' title='alakatto' alt=''  itemprop=\"thumbnailUrl\"   \/><\/a><\/li><li  class='slide-2' ><a href='https:\/\/nokianprofiilit.fi\/wp-content\/uploads\/2018\/09\/alakatto1-1030x579.jpg' data-rel='slideshow-1' class='avia-slide-wrap'   ><img src='https:\/\/nokianprofiilit.fi\/wp-content\/uploads\/2018\/09\/alakatto1-1453x630.jpg' width='1453' height='630' title='alakatto1' alt=''  itemprop=\"thumbnailUrl\"   \/><\/a><\/li><li  class='slide-3' ><a href='https:\/\/nokianprofiilit.fi\/wp-content\/uploads\/2018\/09\/alakatto2-1030x579.jpg' data-rel='slideshow-1' class='avia-slide-wrap'   ><img src='https:\/\/nokianprofiilit.fi\/wp-content\/uploads\/2018\/09\/alakatto2-1400x630.jpg' width='1400' height='630' title='alakatto2' alt=''  itemprop=\"thumbnailUrl\"   \/><\/a><\/li><li  class='slide-4' ><a href='https:\/\/nokianprofiilit.fi\/wp-content\/uploads\/2018\/09\/alakatto3-1030x571.jpg' data-rel='slideshow-1' class='avia-slide-wrap'   ><img src='https:\/\/nokianprofiilit.fi\/wp-content\/uploads\/2018\/09\/alakatto3-1444x630.jpg' width='1444' height='630' title='alakatto3' alt=''  itemprop=\"thumbnailUrl\"   \/><\/a><\/li><li  class='slide-5' ><a href='https:\/\/nokianprofiilit.fi\/wp-content\/uploads\/2018\/09\/alakatto4-1030x579.jpg' data-rel='slideshow-1' class='avia-slide-wrap'   ><img src='https:\/\/nokianprofiilit.fi\/wp-content\/uploads\/2018\/09\/alakatto4-1400x630.jpg' width='1400' height='630' title='alakatto4' alt=''  itemprop=\"thumbnailUrl\"   \/><\/a><\/li><li  class='slide-6' ><a href='https:\/\/nokianprofiilit.fi\/wp-content\/uploads\/2018\/09\/alakatto5-1030x579.jpg' data-rel='slideshow-1' class='avia-slide-wrap'   ><img src='https:\/\/nokianprofiilit.fi\/wp-content\/uploads\/2018\/09\/alakatto5-1407x630.jpg' width='1407' height='630' title='alakatto5' alt=''  itemprop=\"thumbnailUrl\"   \/><\/a><\/li><li  class='slide-7' ><a href='https:\/\/nokianprofiilit.fi\/wp-content\/uploads\/2018\/09\/alakatto7-1030x579.jpg' data-rel='slideshow-1' class='avia-slide-wrap'   ><img src='https:\/\/nokianprofiilit.fi\/wp-content\/uploads\/2018\/09\/alakatto7-1449x630.jpg' width='1449' height='630' title='alakatto7' alt=''  itemprop=\"thumbnailUrl\"   \/><\/a><\/li><li  class='slide-8' ><a href='https:\/\/nokianprofiilit.fi\/wp-content\/uploads\/2018\/09\/alakatto-1-1030x579.jpg' data-rel='slideshow-1' class='avia-slide-wrap'   ><img src='https:\/\/nokianprofiilit.fi\/wp-content\/uploads\/2018\/09\/alakatto-1-1449x630.jpg' width='1449' height='630' title='alakatto' alt=''  itemprop=\"thumbnailUrl\"   \/><\/a><\/li><li  class='slide-9' ><a href='https:\/\/nokianprofiilit.fi\/wp-content\/uploads\/2018\/09\/alakatto6-1030x579.jpg' data-rel='slideshow-1' class='avia-slide-wrap'   ><img src='https:\/\/nokianprofiilit.fi\/wp-content\/uploads\/2018\/09\/alakatto6-1418x630.jpg' width='1418' height='630' title='alakatto6' alt=''  itemprop=\"thumbnailUrl\"   \/><\/a><\/li><\/ul><div class='avia-slideshow-arrows avia-slideshow-controls'><a href='#prev' class='prev-slide' aria-hidden='true' data-av_icon='\ue87c' data-av_iconfont='entypo-fontello'>Previous<\/a><a href='#next' class='next-slide' aria-hidden='true' data-av_icon='\ue87d' data-av_iconfont='entypo-fontello'>Next<\/a><\/div><div class='avia-slideshow-dots avia-slideshow-controls'><a href='#1' class='goto-slide active' >1<\/a><a href='#2' class='goto-slide' >2<\/a><a href='#3' class='goto-slide' >3<\/a><a href='#4' class='goto-slide' >4<\/a><a href='#5' class='goto-slide' >5<\/a><a href='#6' class='goto-slide' >6<\/a><a href='#7' class='goto-slide' >7<\/a><a href='#8' class='goto-slide' >8<\/a><a href='#9' class='goto-slide' >9<\/a><\/div><\/div><\/div>\r\n\r\n<div class=\"flex_column av_one_full  av-animated-generic right-to-left  flex_column_div av-zero-column-padding first\" style='border-radius:0px; '><div style='padding-bottom:10px; ' class='av-special-heading av-special-heading-h3'><h3 class='av-special-heading-tag'  itemprop=\"headline\"  >Tuotteen Kuvaus<\/h3><div class='special-heading-border'><div class='special-heading-inner-border' ><\/div><\/div><\/div>\n<section class=\"av_textblock_section\"  itemscope=\"itemscope\" itemtype=\"https:\/\/schema.org\/CreativeWork\" ><div class='avia_textblock'   itemprop=\"text\" ><p>Lock-katto on alumiinis\u00e4leist\u00e4 koostuva kattoj\u00e4rjestelm\u00e4. S\u00e4leit\u00e4 on eri kokoisia ja muotoisia, valittavanasi on kymmeni\u00e4 erilaisia malleja. Kaikki s\u00e4letyypit sopivat samaan ripustuskiskoon.<\/p>\n<p>S\u00e4leet voidaan irrottaa ja asentaa uudelleen ilman ty\u00f6kaluja. N\u00e4in esimerkiksi kolhiintuneet profiilit voidaan vaihtaa helposti uusiin. Lis\u00e4ksi valaistuksen ja l\u00e4pivientien lis\u00e4\u00e4minen kattoon onnistuu j\u00e4lkik\u00e4teen helposti ja nopeasti.<\/p>\n<p>Valittavanasi on laaja valikoima erilaisia pinnoitusvaihtoehtoja pulverimaalauksesta, anodisoinnista ja kuviopainatuksesta aina aitoon puupinnoitukseen saakka.<\/p>\n<p>Tehdastoimitusten toimituspituus on vapaasti valittavissa.<\/p>\n<\/div><\/section>\n<div style='padding-bottom:10px; ' class='av-special-heading av-special-heading-h3'><h3 class='av-special-heading-tag'  itemprop=\"headline\"  >Ladattavat Tiedot<\/h3><div class='special-heading-border'><div class='special-heading-inner-border' ><\/div><\/div><\/div><\/div>\r\n\r\n<div class=\"flex_column av_one_full  av-animated-generic bottom-to-top  flex_column_div av-zero-column-padding first  pdf\" style='border-radius:0px; '><section class=\"av_textblock_section\"  itemscope=\"itemscope\" itemtype=\"https:\/\/schema.org\/CreativeWork\" ><div class='avia_textblock pdf'   itemprop=\"text\" ><p>ESITE<\/p>\n<\/div><\/section>\n<section class=\"av_textblock_section\"  itemscope=\"itemscope\" itemtype=\"https:\/\/schema.org\/CreativeWork\" ><div class='avia_textblock pdf-button'   itemprop=\"text\" >\n\n\n\n<div class='avia-button-wrap avia-button-center'><a href='http:\/\/nokianprofiilit.fi\/wp-content\/uploads\/2019\/04\/LOCK-Ceiling-system-Brochure.pdf'  class='avia-button   avia-icon_select-yes-left-icon avia-color-theme-color-highlight avia-size-large avia-position-center'  target=\"_blank\"   ><span class='avia_button_icon avia_button_icon_left' aria-hidden='true' data-av_icon='\ue82d' data-av_iconfont='entypo-fontello'><\/span><span class='avia_iconbox_title' >PDF<\/span><\/a><\/div>\n<\/div><\/section><\/div>","protected":false},"excerpt":{"rendered":"","protected":false},"author":1,"featured_media":0,"parent":0,"menu_order":0,"comment_status":"closed","ping_status":"closed","template":"","meta":{"footnotes":""},"yoast_head":"<!-- This site is optimized with the Yoast SEO plugin v22.1 - https:\/\/yoast.com\/wordpress\/plugins\/seo\/ -->\n<title>LOCK Alakattoj\u00e4rjestelm\u00e4 | Nokian Profiilit Oy<\/title>\n<meta name=\"description\" content=\"Lock-katto on alumiinis\u00e4leist\u00e4 koostuva kattoj\u00e4rjestelm\u00e4. S\u00e4leit\u00e4 on eri kokoisia ja muotoisia, valittavanasi on kymmeni\u00e4 erilaisia malleja.\" \/>\n<meta name=\"robots\" content=\"index, follow, max-snippet:-1, max-image-preview:large, max-video-preview:-1\" \/>\n<link rel=\"canonical\" href=\"https:\/\/nokianprofiilit.fi\/et\/lock-alakattojarjestelma\/\" \/>\n<meta property=\"og:locale\" content=\"et_EE\" \/>\n<meta property=\"og:type\" content=\"article\" \/>\n<meta property=\"og:title\" content=\"LOCK Alakattoj\u00e4rjestelm\u00e4 | Nokian Profiilit Oy\" \/>\n<meta property=\"og:description\" content=\"Lock-katto on alumiinis\u00e4leist\u00e4 koostuva kattoj\u00e4rjestelm\u00e4. S\u00e4leit\u00e4 on eri kokoisia ja muotoisia, valittavanasi on kymmeni\u00e4 erilaisia malleja.\" \/>\n<meta property=\"og:url\" content=\"https:\/\/nokianprofiilit.fi\/et\/lock-alakattojarjestelma\/\" \/>\n<meta property=\"og:site_name\" content=\"Nokian Profiilit Oy\" \/>\n<meta property=\"article:publisher\" content=\"https:\/\/www.facebook.com\/Nokian-Profiilit-Oy-131383804412730\/\" \/>\n<meta property=\"article:modified_time\" content=\"2019-05-01T12:49:40+00:00\" \/>\n<meta name=\"twitter:card\" content=\"summary_large_image\" \/>\n<meta name=\"twitter:label1\" content=\"Est. reading time\" \/>\n\t<meta name=\"twitter:data1\" content=\"7 minutes\" \/>\n<script type=\"application\/ld+json\" class=\"yoast-schema-graph\">{\"@context\":\"https:\/\/schema.org\",\"@graph\":[{\"@type\":\"WebPage\",\"@id\":\"https:\/\/nokianprofiilit.fi\/lock-alakattojarjestelma\/\",\"url\":\"https:\/\/nokianprofiilit.fi\/lock-alakattojarjestelma\/\",\"name\":\"LOCK Alakattoj\u00e4rjestelm\u00e4 | Nokian Profiilit Oy\",\"isPartOf\":{\"@id\":\"https:\/\/nokianprofiilit.fi\/#website\"},\"datePublished\":\"2018-08-05T07:04:32+00:00\",\"dateModified\":\"2019-05-01T12:49:40+00:00\",\"description\":\"Lock-katto on alumiinis\u00e4leist\u00e4 koostuva kattoj\u00e4rjestelm\u00e4. S\u00e4leit\u00e4 on eri kokoisia ja muotoisia, valittavanasi on kymmeni\u00e4 erilaisia malleja.\",\"breadcrumb\":{\"@id\":\"https:\/\/nokianprofiilit.fi\/lock-alakattojarjestelma\/#breadcrumb\"},\"inLanguage\":\"et\",\"potentialAction\":[{\"@type\":\"ReadAction\",\"target\":[\"https:\/\/nokianprofiilit.fi\/lock-alakattojarjestelma\/\"]}]},{\"@type\":\"BreadcrumbList\",\"@id\":\"https:\/\/nokianprofiilit.fi\/lock-alakattojarjestelma\/#breadcrumb\",\"itemListElement\":[{\"@type\":\"ListItem\",\"position\":1,\"name\":\"Home\",\"item\":\"https:\/\/nokianprofiilit.fi\/\"},{\"@type\":\"ListItem\",\"position\":2,\"name\":\"LOCK Alakattoj\u00e4rjestelm\u00e4\"}]},{\"@type\":\"WebSite\",\"@id\":\"https:\/\/nokianprofiilit.fi\/#website\",\"url\":\"https:\/\/nokianprofiilit.fi\/\",\"name\":\"Nokian Profiilit Oy\",\"description\":\"Julkisivut ja alumiiniprofiilit teollisuuden eri tarpeisiin\",\"potentialAction\":[{\"@type\":\"SearchAction\",\"target\":{\"@type\":\"EntryPoint\",\"urlTemplate\":\"https:\/\/nokianprofiilit.fi\/?s={search_term_string}\"},\"query-input\":\"required name=search_term_string\"}],\"inLanguage\":\"et\"}]}<\/script>\n<!-- \/ Yoast SEO plugin. -->","yoast_head_json":{"title":"LOCK Alakattoj\u00e4rjestelm\u00e4 | Nokian Profiilit Oy","description":"Lock-katto on alumiinis\u00e4leist\u00e4 koostuva kattoj\u00e4rjestelm\u00e4. S\u00e4leit\u00e4 on eri kokoisia ja muotoisia, valittavanasi on kymmeni\u00e4 erilaisia malleja.","robots":{"index":"index","follow":"follow","max-snippet":"max-snippet:-1","max-image-preview":"max-image-preview:large","max-video-preview":"max-video-preview:-1"},"canonical":"https:\/\/nokianprofiilit.fi\/et\/lock-alakattojarjestelma\/","og_locale":"et_EE","og_type":"article","og_title":"LOCK Alakattoj\u00e4rjestelm\u00e4 | Nokian Profiilit Oy","og_description":"Lock-katto on alumiinis\u00e4leist\u00e4 koostuva kattoj\u00e4rjestelm\u00e4. S\u00e4leit\u00e4 on eri kokoisia ja muotoisia, valittavanasi on kymmeni\u00e4 erilaisia malleja.","og_url":"https:\/\/nokianprofiilit.fi\/et\/lock-alakattojarjestelma\/","og_site_name":"Nokian Profiilit Oy","article_publisher":"https:\/\/www.facebook.com\/Nokian-Profiilit-Oy-131383804412730\/","article_modified_time":"2019-05-01T12:49:40+00:00","twitter_card":"summary_large_image","twitter_misc":{"Est. reading time":"7 minutes"},"schema":{"@context":"https:\/\/schema.org","@graph":[{"@type":"WebPage","@id":"https:\/\/nokianprofiilit.fi\/lock-alakattojarjestelma\/","url":"https:\/\/nokianprofiilit.fi\/lock-alakattojarjestelma\/","name":"LOCK Alakattoj\u00e4rjestelm\u00e4 | Nokian Profiilit Oy","isPartOf":{"@id":"https:\/\/nokianprofiilit.fi\/#website"},"datePublished":"2018-08-05T07:04:32+00:00","dateModified":"2019-05-01T12:49:40+00:00","description":"Lock-katto on alumiinis\u00e4leist\u00e4 koostuva kattoj\u00e4rjestelm\u00e4. S\u00e4leit\u00e4 on eri kokoisia ja muotoisia, valittavanasi on kymmeni\u00e4 erilaisia malleja.","breadcrumb":{"@id":"https:\/\/nokianprofiilit.fi\/lock-alakattojarjestelma\/#breadcrumb"},"inLanguage":"et","potentialAction":[{"@type":"ReadAction","target":["https:\/\/nokianprofiilit.fi\/lock-alakattojarjestelma\/"]}]},{"@type":"BreadcrumbList","@id":"https:\/\/nokianprofiilit.fi\/lock-alakattojarjestelma\/#breadcrumb","itemListElement":[{"@type":"ListItem","position":1,"name":"Home","item":"https:\/\/nokianprofiilit.fi\/"},{"@type":"ListItem","position":2,"name":"LOCK Alakattoj\u00e4rjestelm\u00e4"}]},{"@type":"WebSite","@id":"https:\/\/nokianprofiilit.fi\/#website","url":"https:\/\/nokianprofiilit.fi\/","name":"Nokian Profiilit Oy","description":"Julkisivut ja alumiiniprofiilit teollisuuden eri tarpeisiin","potentialAction":[{"@type":"SearchAction","target":{"@type":"EntryPoint","urlTemplate":"https:\/\/nokianprofiilit.fi\/?s={search_term_string}"},"query-input":"required name=search_term_string"}],"inLanguage":"et"}]}},"_links":{"self":[{"href":"https:\/\/nokianprofiilit.fi\/et\/wp-json\/wp\/v2\/pages\/2026"}],"collection":[{"href":"https:\/\/nokianprofiilit.fi\/et\/wp-json\/wp\/v2\/pages"}],"about":[{"href":"https:\/\/nokianprofiilit.fi\/et\/wp-json\/wp\/v2\/types\/page"}],"author":[{"embeddable":true,"href":"https:\/\/nokianprofiilit.fi\/et\/wp-json\/wp\/v2\/users\/1"}],"replies":[{"embeddable":true,"href":"https:\/\/nokianprofiilit.fi\/et\/wp-json\/wp\/v2\/comments?post=2026"}],"version-history":[{"count":25,"href":"https:\/\/nokianprofiilit.fi\/et\/wp-json\/wp\/v2\/pages\/2026\/revisions"}],"predecessor-version":[{"id":4913,"href":"https:\/\/nokianprofiilit.fi\/et\/wp-json\/wp\/v2\/pages\/2026\/revisions\/4913"}],"wp:attachment":[{"href":"https:\/\/nokianprofiilit.fi\/et\/wp-json\/wp\/v2\/media?parent=2026"}],"curies":[{"name":"wp","href":"https:\/\/api.w.org\/{rel}","templated":true}]}}