{"id":1650,"date":"2018-07-26T11:55:02","date_gmt":"2018-07-26T11:55:02","guid":{"rendered":"http:\/\/nokianprofiilit.fi\/?page_id=1650"},"modified":"2019-04-30T18:09:06","modified_gmt":"2019-04-30T18:09:06","slug":"rekrytointi","status":"publish","type":"page","link":"https:\/\/nokianprofiilit.fi\/et\/rekrytointi\/","title":{"rendered":"Rekrytointi"},"content":{"rendered":"<\/div><\/div><\/div><!-- close content main div --><\/div><\/div><div id='full_slider_1' class='avia-fullwidth-slider main_color avia-shadow    container_wrap fullsize'   ><div  data-size='featured'  data-lightbox_size='large'  data-animation='slide'  data-conditional_play=''  data-ids='2072'  data-video_counter='0'  data-autoplay='false'  data-bg_slider='false'  data-slide_height=''  data-handle='av_slideshow_full'  data-interval='5'  data-class=' '  data-css_id=''  data-scroll_down=''  data-control_layout='av-control-default'  data-custom_markup=''  data-perma_caption=''  data-autoplay_stopper=''  data-image_attachment=''  data-min_height='0px'  data-src=''  data-position='top left'  data-repeat='no-repeat'  data-attach='scroll'  data-stretch=''  data-default-height='28.666666666667'  class='avia-slideshow avia-slideshow-1  av-control-default av-default-height-applied avia-slideshow-featured av_slideshow_full   avia-slide-slider'  itemprop=\"ImageObject\" itemscope=\"itemscope\" itemtype=\"https:\/\/schema.org\/ImageObject\" ><ul class='avia-slideshow-inner' style='padding-bottom: 28.666666666667%;' ><li  class='av-single-slide slide-1' ><div data-rel='slideshow-1' class='avia-slide-wrap'   ><div class = \"caption_fullwidth av-slideshow-caption caption_bottom\"><div class = \"container caption_container\"><div class = \"slideshow_caption\"><div class = \"slideshow_inner_caption\"><div class = \"slideshow_align_caption\"><h2  class='avia-caption-title'  itemprop=\"name\" >Rekrytointi<\/h2><\/div><\/div><\/div><\/div><\/div><img src='https:\/\/nokianprofiilit.fi\/wp-content\/uploads\/2018\/08\/pexels-photo-327540-1500x430.jpeg' width='1500' height='430' title='Rekrytointi' alt='Rekrytointi'  itemprop=\"thumbnailUrl\"   \/><\/div><\/li><\/ul><\/div><\/div>\r\n\r\n<div class=\"flex_column av_one_full  flex_column_div av-zero-column-padding first\" style='border-radius:0px; '><div style='padding-bottom:10px; color:#44aae4;' class='av-special-heading av-special-heading-h3 custom-color-heading'><h3 class='av-special-heading-tag'  itemprop=\"headline\"  >Tule meille t\u00f6ihin<\/h3><div class='special-heading-border'><div class='special-heading-inner-border' style='border-color:#44aae4'><\/div><\/div><\/div>\n<section class=\"av_textblock_section\"  itemscope=\"itemscope\" itemtype=\"https:\/\/schema.org\/CreativeWork\" ><div class='avia_textblock'   itemprop=\"text\" ><div class=\"row\">\n<div class=\"col-md-9 col-sm-9 col-xs-12 block\">\n<div class=\"e-block\">\n<p style=\"font-weight: 400;\">Kiinnostaisiko sinua tulla meille t\u00f6ihin?<\/p>\n<p style=\"font-weight: 400;\"><strong>KOTIMAA:<\/strong><\/p>\n<p style=\"font-weight: 400;\"><strong><em>Olemme teknisen kaupan perheyritys, joka myy, markkinoi ja kehitt\u00e4\u00e4 t\u00e4ysalumiinisia rakennusj\u00e4rjestelmi\u00e4, joista asiakkaamme valmistavat ikkunoita, ovia ja lasijulkisivuja. Yhti\u00f6mme juuret ulottuvat 1960-luvulle ja Nokia Alumiini Oy:\u00f6\u00f6n, joka oli Nokia Oy:n tyt\u00e4ryhti\u00f6. Lis\u00e4ksi edustamme alojensa johtavia kansainv\u00e4lisi\u00e4 p\u00e4\u00e4miehi\u00e4 ja olemme tunnettu innovatiivisten alumiinituotteiden asiantuntija l\u00e4hes 50 vuoden kokemuksella. Toimipisteemme ja keskusvarastomme sijaitsee Lohjalla.<\/em><\/strong><\/p>\n<p style=\"font-weight: 400;\">Yhti\u00f6\u00f6n haetaan myyj\u00e4\u00e4, joka osallistuu edustamiemme tuotteiden myyntiin ja markkinointiin.<\/p>\n<p style=\"font-weight: 400;\">Teht\u00e4v\u00e4ss\u00e4 menestyminen pohjautuu luontaiselle kyvyllesi toimia asiakkaiden kanssa tuloksellisessa yhteisty\u00f6ss\u00e4, ja josta on my\u00f6s n\u00e4ytt\u00f6\u00e4. Pid\u00e4t aktiivisesti asiakkaiden kanssa yhteytt\u00e4 ja suorastaan rakastat kontaktointia ja liidien etsimist\u00e4. Olet my\u00f6s vahva joukkuepelaaja ja etk\u00e4 pelk\u00e4\u00e4 tehd\u00e4 yrityksess\u00e4 monipuolisia t\u00f6it\u00e4. Osaat my\u00f6s ker\u00e4t\u00e4 asiakkailta tullutta palautetta tuotekehityksen hy\u00f6dyksi. Rakennustoimialan tuntemus, tekninen tausta ja kielitaito ovat eduksi teht\u00e4v\u00e4ss\u00e4 menestymiselle. Tietoj\u00e4rjestelmien k\u00e4ytt\u00f6 on sinulle luontevaa. J\u00e4rjest\u00e4mme toimialan tuotteiden ja ohjelmien koulutuksen. Tarjoamme mielenkiintoisen teht\u00e4v\u00e4kokonaisuuden kasvuhakuisessa yrityksess\u00e4, jossa on jatkossa hyv\u00e4t kehittymismahdollisuudet.<\/p>\n<p style=\"font-weight: 400;\">Lis\u00e4tietoja teht\u00e4v\u00e4st\u00e4 antaa yhti\u00f6n tj. Harri Plukka\/ 044-347 4480. L\u00e4het\u00e4 hakemuksesi ja CV:si palkkatoivomuksineen 30.6.2019 menness\u00e4 <a href=\"mailto:harri.plukka@nokianprofiilit.fi\">harri.plukka@nokianprofiilit.fi<\/a><\/p>\n<\/div>\n<\/div>\n<\/div>\n<div class=\"row\">\n<div class=\"col-md-9 col-sm-9 col-xs-12 block\">\n<div class=\"e-block\">\n<p style=\"font-weight: 400;\"><strong>BALTIA:<\/strong><\/p>\n<p style=\"font-weight: 400;\">Yhti\u00f6\u00f6n haetaan myyj\u00e4\u00e4, joka osallistuu edustamiemme tuotteiden myyntiin ja markkinointiin Baltian alueella. Kokemus Baltian alueen myynnist\u00e4 ja alueen kielitaito katsotaan eduksi teht\u00e4v\u00e4n hoitamisessa. J\u00e4rjest\u00e4mme tuotekoulutuksen, joka sis\u00e4lt\u00e4\u00e4 my\u00f6s alan ohjelmien k\u00e4yt\u00f6n.<\/p>\n<p style=\"font-weight: 400;\">L\u00e4het\u00e4 vapaamuotoinen hakemus + CV s\u00e4hk\u00f6postitse osoitteeseen\u00a0<a href=\"mailto:harri.plukka@nokianprofiilit.fi\">harri.plukka@nokianprofiilit.fi<\/a> 30.6.2019 menness\u00e4.<\/p>\n<\/div>\n<\/div>\n<\/div>\n<div class=\"row\">\n<div class=\"col-md-9 col-sm-9 col-xs-12 block\"><\/div>\n<\/div>\n<\/div><\/section><\/div>","protected":false},"excerpt":{"rendered":"","protected":false},"author":1,"featured_media":0,"parent":0,"menu_order":0,"comment_status":"closed","ping_status":"closed","template":"","meta":{"footnotes":""},"yoast_head":"<!-- This site is optimized with the Yoast SEO plugin v22.1 - https:\/\/yoast.com\/wordpress\/plugins\/seo\/ -->\n<title>Rekrytointi | Nokian Profiilit Oy | Julkisivut ja alumiiniprofiilit eri tarpeisiin<\/title>\n<meta name=\"description\" content=\"Rekrytointi - Kiinnostaisiko sinua tulla meille t\u00f6ihin?\" \/>\n<meta name=\"robots\" content=\"index, follow, max-snippet:-1, max-image-preview:large, max-video-preview:-1\" \/>\n<link rel=\"canonical\" href=\"https:\/\/nokianprofiilit.fi\/et\/rekrytointi\/\" \/>\n<meta property=\"og:locale\" content=\"et_EE\" \/>\n<meta property=\"og:type\" content=\"article\" \/>\n<meta property=\"og:title\" content=\"Rekrytointi | Nokian Profiilit Oy | Julkisivut ja alumiiniprofiilit eri tarpeisiin\" \/>\n<meta property=\"og:description\" content=\"Rekrytointi - Kiinnostaisiko sinua tulla meille t\u00f6ihin?\" \/>\n<meta property=\"og:url\" content=\"https:\/\/nokianprofiilit.fi\/et\/rekrytointi\/\" \/>\n<meta property=\"og:site_name\" content=\"Nokian Profiilit Oy\" \/>\n<meta property=\"article:publisher\" content=\"https:\/\/www.facebook.com\/Nokian-Profiilit-Oy-131383804412730\/\" \/>\n<meta property=\"article:modified_time\" content=\"2019-04-30T18:09:06+00:00\" \/>\n<meta name=\"twitter:card\" content=\"summary_large_image\" \/>\n<meta name=\"twitter:label1\" content=\"Est. reading time\" \/>\n\t<meta name=\"twitter:data1\" content=\"3 minutes\" \/>\n<script type=\"application\/ld+json\" class=\"yoast-schema-graph\">{\"@context\":\"https:\/\/schema.org\",\"@graph\":[{\"@type\":\"WebPage\",\"@id\":\"https:\/\/nokianprofiilit.fi\/rekrytointi\/\",\"url\":\"https:\/\/nokianprofiilit.fi\/rekrytointi\/\",\"name\":\"Rekrytointi | Nokian Profiilit Oy | Julkisivut ja alumiiniprofiilit eri tarpeisiin\",\"isPartOf\":{\"@id\":\"https:\/\/nokianprofiilit.fi\/#website\"},\"datePublished\":\"2018-07-26T11:55:02+00:00\",\"dateModified\":\"2019-04-30T18:09:06+00:00\",\"description\":\"Rekrytointi - Kiinnostaisiko sinua tulla meille t\u00f6ihin?\",\"breadcrumb\":{\"@id\":\"https:\/\/nokianprofiilit.fi\/rekrytointi\/#breadcrumb\"},\"inLanguage\":\"et\",\"potentialAction\":[{\"@type\":\"ReadAction\",\"target\":[\"https:\/\/nokianprofiilit.fi\/rekrytointi\/\"]}]},{\"@type\":\"BreadcrumbList\",\"@id\":\"https:\/\/nokianprofiilit.fi\/rekrytointi\/#breadcrumb\",\"itemListElement\":[{\"@type\":\"ListItem\",\"position\":1,\"name\":\"Home\",\"item\":\"https:\/\/nokianprofiilit.fi\/\"},{\"@type\":\"ListItem\",\"position\":2,\"name\":\"Rekrytointi\"}]},{\"@type\":\"WebSite\",\"@id\":\"https:\/\/nokianprofiilit.fi\/#website\",\"url\":\"https:\/\/nokianprofiilit.fi\/\",\"name\":\"Nokian Profiilit Oy\",\"description\":\"Julkisivut ja alumiiniprofiilit teollisuuden eri tarpeisiin\",\"potentialAction\":[{\"@type\":\"SearchAction\",\"target\":{\"@type\":\"EntryPoint\",\"urlTemplate\":\"https:\/\/nokianprofiilit.fi\/?s={search_term_string}\"},\"query-input\":\"required name=search_term_string\"}],\"inLanguage\":\"et\"}]}<\/script>\n<!-- \/ Yoast SEO plugin. -->","yoast_head_json":{"title":"Rekrytointi | Nokian Profiilit Oy | Julkisivut ja alumiiniprofiilit eri tarpeisiin","description":"Rekrytointi - Kiinnostaisiko sinua tulla meille t\u00f6ihin?","robots":{"index":"index","follow":"follow","max-snippet":"max-snippet:-1","max-image-preview":"max-image-preview:large","max-video-preview":"max-video-preview:-1"},"canonical":"https:\/\/nokianprofiilit.fi\/et\/rekrytointi\/","og_locale":"et_EE","og_type":"article","og_title":"Rekrytointi | Nokian Profiilit Oy | Julkisivut ja alumiiniprofiilit eri tarpeisiin","og_description":"Rekrytointi - Kiinnostaisiko sinua tulla meille t\u00f6ihin?","og_url":"https:\/\/nokianprofiilit.fi\/et\/rekrytointi\/","og_site_name":"Nokian Profiilit Oy","article_publisher":"https:\/\/www.facebook.com\/Nokian-Profiilit-Oy-131383804412730\/","article_modified_time":"2019-04-30T18:09:06+00:00","twitter_card":"summary_large_image","twitter_misc":{"Est. reading time":"3 minutes"},"schema":{"@context":"https:\/\/schema.org","@graph":[{"@type":"WebPage","@id":"https:\/\/nokianprofiilit.fi\/rekrytointi\/","url":"https:\/\/nokianprofiilit.fi\/rekrytointi\/","name":"Rekrytointi | Nokian Profiilit Oy | Julkisivut ja alumiiniprofiilit eri tarpeisiin","isPartOf":{"@id":"https:\/\/nokianprofiilit.fi\/#website"},"datePublished":"2018-07-26T11:55:02+00:00","dateModified":"2019-04-30T18:09:06+00:00","description":"Rekrytointi - Kiinnostaisiko sinua tulla meille t\u00f6ihin?","breadcrumb":{"@id":"https:\/\/nokianprofiilit.fi\/rekrytointi\/#breadcrumb"},"inLanguage":"et","potentialAction":[{"@type":"ReadAction","target":["https:\/\/nokianprofiilit.fi\/rekrytointi\/"]}]},{"@type":"BreadcrumbList","@id":"https:\/\/nokianprofiilit.fi\/rekrytointi\/#breadcrumb","itemListElement":[{"@type":"ListItem","position":1,"name":"Home","item":"https:\/\/nokianprofiilit.fi\/"},{"@type":"ListItem","position":2,"name":"Rekrytointi"}]},{"@type":"WebSite","@id":"https:\/\/nokianprofiilit.fi\/#website","url":"https:\/\/nokianprofiilit.fi\/","name":"Nokian Profiilit Oy","description":"Julkisivut ja alumiiniprofiilit teollisuuden eri tarpeisiin","potentialAction":[{"@type":"SearchAction","target":{"@type":"EntryPoint","urlTemplate":"https:\/\/nokianprofiilit.fi\/?s={search_term_string}"},"query-input":"required name=search_term_string"}],"inLanguage":"et"}]}},"_links":{"self":[{"href":"https:\/\/nokianprofiilit.fi\/et\/wp-json\/wp\/v2\/pages\/1650"}],"collection":[{"href":"https:\/\/nokianprofiilit.fi\/et\/wp-json\/wp\/v2\/pages"}],"about":[{"href":"https:\/\/nokianprofiilit.fi\/et\/wp-json\/wp\/v2\/types\/page"}],"author":[{"embeddable":true,"href":"https:\/\/nokianprofiilit.fi\/et\/wp-json\/wp\/v2\/users\/1"}],"replies":[{"embeddable":true,"href":"https:\/\/nokianprofiilit.fi\/et\/wp-json\/wp\/v2\/comments?post=1650"}],"version-history":[{"count":13,"href":"https:\/\/nokianprofiilit.fi\/et\/wp-json\/wp\/v2\/pages\/1650\/revisions"}],"predecessor-version":[{"id":5055,"href":"https:\/\/nokianprofiilit.fi\/et\/wp-json\/wp\/v2\/pages\/1650\/revisions\/5055"}],"wp:attachment":[{"href":"https:\/\/nokianprofiilit.fi\/et\/wp-json\/wp\/v2\/media?parent=1650"}],"curies":[{"name":"wp","href":"https:\/\/api.w.org\/{rel}","templated":true}]}}