{"id":4105,"date":"2018-11-25T12:13:19","date_gmt":"2018-11-25T12:13:19","guid":{"rendered":"http:\/\/nokianprofiilit.fi\/?page_id=4105"},"modified":"2019-05-01T13:10:11","modified_gmt":"2019-05-01T13:10:11","slug":"ikkunahelat","status":"publish","type":"page","link":"https:\/\/nokianprofiilit.fi\/en\/ikkunahelat\/","title":{"rendered":"Window hinges"},"content":{"rendered":"<\/div><\/div><\/div><!-- close content main div --><\/div><\/div><div id='full_slider_1' class='avia-fullwidth-slider main_color avia-shadow   toimiala-slider container_wrap fullsize'   ><div  data-size='featured'  data-lightbox_size='large'  data-animation='slide'  data-conditional_play=''  data-ids='3661,3662,3663,3664'  data-video_counter='0'  data-autoplay='false'  data-bg_slider='false'  data-slide_height=''  data-handle='av_slideshow_full'  data-interval='5'  data-class=' '  data-css_id=''  data-scroll_down=''  data-control_layout='av-control-default'  data-custom_markup=''  data-perma_caption=''  data-autoplay_stopper=''  data-image_attachment=''  data-min_height='0px'  data-src=''  data-position='top left'  data-repeat='no-repeat'  data-attach='scroll'  data-stretch=''  data-default-height='28.666666666667'  class='avia-slideshow avia-slideshow-1  av-control-default av-default-height-applied avia-slideshow-featured av_slideshow_full   avia-slide-slider'  itemprop=\"ImageObject\" itemscope=\"itemscope\" itemtype=\"https:\/\/schema.org\/ImageObject\" ><ul class='avia-slideshow-inner' style='padding-bottom: 28.666666666667%;' ><li  class='slide-1' ><div data-rel='slideshow-1' class='avia-slide-wrap'   ><div class = \"caption_fullwidth av-slideshow-caption caption_bottom\"><div class = \"container caption_container\"><div class = \"slideshow_caption\"><div class = \"slideshow_inner_caption\"><div class = \"slideshow_align_caption\"><h2  class='avia-caption-title'  itemprop=\"name\" >Products<\/h2><\/div><\/div><\/div><\/div><\/div><img src='https:\/\/nokianprofiilit.fi\/wp-content\/uploads\/2018\/11\/652-1500x430.jpg' width='1500' height='430' title='julkisivut' alt='julkisivut'  itemprop=\"thumbnailUrl\"   \/><\/div><\/li><\/ul><\/div><\/div>\r\n\r\n<div class=\"flex_column av_one_full  flex_column_div av-zero-column-padding first\" style='border-radius:0px; '><div style='padding-bottom:50px; color:#44aae4;font-size:28px;' class='av-special-heading av-special-heading-h1 custom-color-heading blockquote modern-quote modern-centered  h1-default-style av-inherit-size'><h1 class='av-special-heading-tag'  itemprop=\"headline\"  >Window hinges<\/h1><div class='special-heading-border'><div class='special-heading-inner-border' style='border-color:#44aae4'><\/div><\/div><\/div><\/div>\r\n\r\n<div class='flex_column_table av-equal-height-column-flextable -flextable' ><div class=\"flex_column av_one_half  flex_column_table_cell av-equal-height-column av-align-top av-zero-column-padding first  helat\" style='background: #ffffff; background-color:#ffffff; border-radius:0px; '><div  data-size='featured'  data-lightbox_size='large'  data-animation='slide'  data-conditional_play=''  data-ids='3903'  data-video_counter='0'  data-autoplay='false'  data-bg_slider='false'  data-slide_height=''  data-handle='av_slideshow'  data-interval='5'  data-class='  '  data-css_id=''  data-scroll_down=''  data-control_layout='av-control-default'  data-custom_markup=''  data-perma_caption=''  data-autoplay_stopper=''  data-image_attachment=''  data-min_height='0px'  data-default-height='28.666666666667'  class='avia-slideshow avia-slideshow-2  av-control-default av-default-height-applied avia-slideshow-featured av_slideshow    avia-slide-slider'  itemprop=\"ImageObject\" itemscope=\"itemscope\" itemtype=\"https:\/\/schema.org\/ImageObject\" ><ul class='avia-slideshow-inner' style='padding-bottom: 36.348267117498%;' ><li  class='av-single-slide slide-1' ><a href='https:\/\/nokianprofiilit.fi\/en\/savio-ikkunahelat\/' data-rel='slideshow-2' class='avia-slide-wrap'   ><img src='https:\/\/nokianprofiilit.fi\/wp-content\/uploads\/2018\/11\/Savio-10-1183x430.jpg' width='1183' height='430' title='Savio ikkunahelat 10' alt=''  itemprop=\"thumbnailUrl\"   \/><\/a><\/li><\/ul><\/div>\n<section class=\"av_textblock_section\"  itemscope=\"itemscope\" itemtype=\"https:\/\/schema.org\/CreativeWork\" ><div class='avia_textblock'  style='font-size:13px; '  itemprop=\"text\" ><p style=\"text-align: center;\"><a href=\"https:\/\/nokianprofiilit.fi\/en\/savio-ikkunahelat\/\"><strong>SAVIO IKKUNAHELAT<\/strong><\/a><\/p>\n<\/div><\/section>\n<div class='avia-button-wrap avia-button-center'><a href='https:\/\/nokianprofiilit.fi\/en\/roto-ikkunahelat\/'  class='avia-button   avia-icon_select-no avia-color-theme-color avia-size-medium avia-position-center'   ><span class='avia_iconbox_title' >Read More<\/span><\/a><\/div><\/div><\/div><!--close column table wrapper. Autoclose: 1 --><div class='flex_column_table av-equal-height-column-flextable -flextable' ><div class='av-flex-placeholder'><\/div><div class=\"flex_column av_one_half  flex_column_table_cell av-equal-height-column av-align-top av-zero-column-padding   helat\" style='background: #ffffff; background-color:#ffffff; border-radius:0px; '><div  data-size='featured'  data-lightbox_size='large'  data-animation='slide'  data-conditional_play=''  data-ids='3951'  data-video_counter='0'  data-autoplay='false'  data-bg_slider='false'  data-slide_height=''  data-handle='av_slideshow'  data-interval='5'  data-class='  '  data-css_id=''  data-scroll_down=''  data-control_layout='av-control-default'  data-custom_markup=''  data-perma_caption=''  data-autoplay_stopper=''  data-image_attachment=''  data-min_height='0px'  data-default-height='28.666666666667'  class='avia-slideshow avia-slideshow-3  av-control-default av-default-height-applied avia-slideshow-featured av_slideshow    avia-slide-slider'  itemprop=\"ImageObject\" itemscope=\"itemscope\" itemtype=\"https:\/\/schema.org\/ImageObject\" ><ul class='avia-slideshow-inner' style='padding-bottom: 36.440677966102%;' ><li  class='av-single-slide slide-1' ><a href='https:\/\/nokianprofiilit.fi\/en\/roto-ikkunahelat\/' data-rel='slideshow-3' class='avia-slide-wrap'   ><img src='https:\/\/nokianprofiilit.fi\/wp-content\/uploads\/2018\/11\/2-1-1180x430.png' width='1180' height='430' title='Roto ikkunahelat 2' alt=''  itemprop=\"thumbnailUrl\"   \/><\/a><\/li><\/ul><\/div>\n<section class=\"av_textblock_section\"  itemscope=\"itemscope\" itemtype=\"https:\/\/schema.org\/CreativeWork\" ><div class='avia_textblock'  style='font-size:13px; '  itemprop=\"text\" ><p style=\"text-align: center;\"><a href=\"https:\/\/nokianprofiilit.fi\/en\/roto-ikkunahelat\/\"><strong>ROTO IKKUNAHELAT<\/strong><\/a><\/p>\n<\/div><\/section>\n<div class='avia-button-wrap avia-button-center'><a href='https:\/\/nokianprofiilit.fi\/en\/roto-ikkunahelat\/'  class='avia-button   avia-icon_select-no avia-color-theme-color avia-size-medium avia-position-center'   ><span class='avia_iconbox_title' >Read More<\/span><\/a><\/div><\/div><\/div><!--close column table wrapper. Autoclose: 1 -->","protected":false},"excerpt":{"rendered":"","protected":false},"author":1,"featured_media":0,"parent":0,"menu_order":0,"comment_status":"closed","ping_status":"closed","template":"","meta":{"footnotes":""},"yoast_head":"<!-- This site is optimized with the Yoast SEO plugin v22.1 - https:\/\/yoast.com\/wordpress\/plugins\/seo\/ -->\n<title>Ikkunahelat | Nokian Profiilit Oy<\/title>\n<meta name=\"description\" content=\"Meilt\u00e4 l\u00f6ytyy laaja valikoima ikkunaheloja. Tuote valikoimaan kuuluu mm. savion-, sek\u00e4 roton ikkunaheloja. Kysy lis\u00e4\u00e4 tuotteistamme!\" \/>\n<meta name=\"robots\" content=\"index, follow, max-snippet:-1, max-image-preview:large, max-video-preview:-1\" \/>\n<link rel=\"canonical\" href=\"https:\/\/nokianprofiilit.fi\/en\/ikkunahelat\/\" \/>\n<meta property=\"og:locale\" content=\"en_GB\" \/>\n<meta property=\"og:type\" content=\"article\" \/>\n<meta property=\"og:title\" content=\"Ikkunahelat | Nokian Profiilit Oy\" \/>\n<meta property=\"og:description\" content=\"Meilt\u00e4 l\u00f6ytyy laaja valikoima ikkunaheloja. Tuote valikoimaan kuuluu mm. savion-, sek\u00e4 roton ikkunaheloja. Kysy lis\u00e4\u00e4 tuotteistamme!\" \/>\n<meta property=\"og:url\" content=\"https:\/\/nokianprofiilit.fi\/en\/ikkunahelat\/\" \/>\n<meta property=\"og:site_name\" content=\"Nokian Profiilit Oy\" \/>\n<meta property=\"article:publisher\" content=\"https:\/\/www.facebook.com\/Nokian-Profiilit-Oy-131383804412730\/\" \/>\n<meta property=\"article:modified_time\" content=\"2019-05-01T13:10:11+00:00\" \/>\n<meta name=\"twitter:card\" content=\"summary_large_image\" \/>\n<meta name=\"twitter:label1\" content=\"Est. reading time\" \/>\n\t<meta name=\"twitter:data1\" content=\"6 minutes\" \/>\n<script type=\"application\/ld+json\" class=\"yoast-schema-graph\">{\"@context\":\"https:\/\/schema.org\",\"@graph\":[{\"@type\":\"WebPage\",\"@id\":\"https:\/\/nokianprofiilit.fi\/ikkunahelat\/\",\"url\":\"https:\/\/nokianprofiilit.fi\/ikkunahelat\/\",\"name\":\"Ikkunahelat | Nokian Profiilit Oy\",\"isPartOf\":{\"@id\":\"https:\/\/nokianprofiilit.fi\/#website\"},\"datePublished\":\"2018-11-25T12:13:19+00:00\",\"dateModified\":\"2019-05-01T13:10:11+00:00\",\"description\":\"Meilt\u00e4 l\u00f6ytyy laaja valikoima ikkunaheloja. Tuote valikoimaan kuuluu mm. savion-, sek\u00e4 roton ikkunaheloja. Kysy lis\u00e4\u00e4 tuotteistamme!\",\"breadcrumb\":{\"@id\":\"https:\/\/nokianprofiilit.fi\/ikkunahelat\/#breadcrumb\"},\"inLanguage\":\"en-GB\",\"potentialAction\":[{\"@type\":\"ReadAction\",\"target\":[\"https:\/\/nokianprofiilit.fi\/ikkunahelat\/\"]}]},{\"@type\":\"BreadcrumbList\",\"@id\":\"https:\/\/nokianprofiilit.fi\/ikkunahelat\/#breadcrumb\",\"itemListElement\":[{\"@type\":\"ListItem\",\"position\":1,\"name\":\"Home\",\"item\":\"https:\/\/nokianprofiilit.fi\/\"},{\"@type\":\"ListItem\",\"position\":2,\"name\":\"Ikkunahelat\"}]},{\"@type\":\"WebSite\",\"@id\":\"https:\/\/nokianprofiilit.fi\/#website\",\"url\":\"https:\/\/nokianprofiilit.fi\/\",\"name\":\"Nokian Profiilit Oy\",\"description\":\"Julkisivut ja alumiiniprofiilit teollisuuden eri tarpeisiin\",\"potentialAction\":[{\"@type\":\"SearchAction\",\"target\":{\"@type\":\"EntryPoint\",\"urlTemplate\":\"https:\/\/nokianprofiilit.fi\/?s={search_term_string}\"},\"query-input\":\"required name=search_term_string\"}],\"inLanguage\":\"en-GB\"}]}<\/script>\n<!-- \/ Yoast SEO plugin. -->","yoast_head_json":{"title":"Ikkunahelat | Nokian Profiilit Oy","description":"Meilt\u00e4 l\u00f6ytyy laaja valikoima ikkunaheloja. Tuote valikoimaan kuuluu mm. savion-, sek\u00e4 roton ikkunaheloja. Kysy lis\u00e4\u00e4 tuotteistamme!","robots":{"index":"index","follow":"follow","max-snippet":"max-snippet:-1","max-image-preview":"max-image-preview:large","max-video-preview":"max-video-preview:-1"},"canonical":"https:\/\/nokianprofiilit.fi\/en\/ikkunahelat\/","og_locale":"en_GB","og_type":"article","og_title":"Ikkunahelat | Nokian Profiilit Oy","og_description":"Meilt\u00e4 l\u00f6ytyy laaja valikoima ikkunaheloja. Tuote valikoimaan kuuluu mm. savion-, sek\u00e4 roton ikkunaheloja. Kysy lis\u00e4\u00e4 tuotteistamme!","og_url":"https:\/\/nokianprofiilit.fi\/en\/ikkunahelat\/","og_site_name":"Nokian Profiilit Oy","article_publisher":"https:\/\/www.facebook.com\/Nokian-Profiilit-Oy-131383804412730\/","article_modified_time":"2019-05-01T13:10:11+00:00","twitter_card":"summary_large_image","twitter_misc":{"Est. reading time":"6 minutes"},"schema":{"@context":"https:\/\/schema.org","@graph":[{"@type":"WebPage","@id":"https:\/\/nokianprofiilit.fi\/ikkunahelat\/","url":"https:\/\/nokianprofiilit.fi\/ikkunahelat\/","name":"Ikkunahelat | Nokian Profiilit Oy","isPartOf":{"@id":"https:\/\/nokianprofiilit.fi\/#website"},"datePublished":"2018-11-25T12:13:19+00:00","dateModified":"2019-05-01T13:10:11+00:00","description":"Meilt\u00e4 l\u00f6ytyy laaja valikoima ikkunaheloja. Tuote valikoimaan kuuluu mm. savion-, sek\u00e4 roton ikkunaheloja. Kysy lis\u00e4\u00e4 tuotteistamme!","breadcrumb":{"@id":"https:\/\/nokianprofiilit.fi\/ikkunahelat\/#breadcrumb"},"inLanguage":"en-GB","potentialAction":[{"@type":"ReadAction","target":["https:\/\/nokianprofiilit.fi\/ikkunahelat\/"]}]},{"@type":"BreadcrumbList","@id":"https:\/\/nokianprofiilit.fi\/ikkunahelat\/#breadcrumb","itemListElement":[{"@type":"ListItem","position":1,"name":"Home","item":"https:\/\/nokianprofiilit.fi\/"},{"@type":"ListItem","position":2,"name":"Ikkunahelat"}]},{"@type":"WebSite","@id":"https:\/\/nokianprofiilit.fi\/#website","url":"https:\/\/nokianprofiilit.fi\/","name":"Nokian Profiilit Oy","description":"Julkisivut ja alumiiniprofiilit teollisuuden eri tarpeisiin","potentialAction":[{"@type":"SearchAction","target":{"@type":"EntryPoint","urlTemplate":"https:\/\/nokianprofiilit.fi\/?s={search_term_string}"},"query-input":"required name=search_term_string"}],"inLanguage":"en-GB"}]}},"_links":{"self":[{"href":"https:\/\/nokianprofiilit.fi\/en\/wp-json\/wp\/v2\/pages\/4105"}],"collection":[{"href":"https:\/\/nokianprofiilit.fi\/en\/wp-json\/wp\/v2\/pages"}],"about":[{"href":"https:\/\/nokianprofiilit.fi\/en\/wp-json\/wp\/v2\/types\/page"}],"author":[{"embeddable":true,"href":"https:\/\/nokianprofiilit.fi\/en\/wp-json\/wp\/v2\/users\/1"}],"replies":[{"embeddable":true,"href":"https:\/\/nokianprofiilit.fi\/en\/wp-json\/wp\/v2\/comments?post=4105"}],"version-history":[{"count":27,"href":"https:\/\/nokianprofiilit.fi\/en\/wp-json\/wp\/v2\/pages\/4105\/revisions"}],"predecessor-version":[{"id":5447,"href":"https:\/\/nokianprofiilit.fi\/en\/wp-json\/wp\/v2\/pages\/4105\/revisions\/5447"}],"wp:attachment":[{"href":"https:\/\/nokianprofiilit.fi\/en\/wp-json\/wp\/v2\/media?parent=4105"}],"curies":[{"name":"wp","href":"https:\/\/api.w.org\/{rel}","templated":true}]}}