{"id":3742,"date":"2018-11-16T18:29:31","date_gmt":"2018-11-16T18:29:31","guid":{"rendered":"http:\/\/nokianprofiilit.fi\/?page_id=3742"},"modified":"2019-05-01T13:32:36","modified_gmt":"2019-05-01T13:32:36","slug":"lasikatot","status":"publish","type":"page","link":"https:\/\/nokianprofiilit.fi\/en\/lasikatot\/","title":{"rendered":"Glass ceilings"},"content":{"rendered":"<\/div><\/div><\/div><!-- close content main div --><\/div><\/div><div id='full_slider_1' class='avia-fullwidth-slider main_color avia-shadow   toimiala-slider container_wrap fullsize'   ><div  data-size='featured'  data-lightbox_size='large'  data-animation='slide'  data-conditional_play=''  data-ids='3661,3662,3663,3664'  data-video_counter='0'  data-autoplay='false'  data-bg_slider='false'  data-slide_height=''  data-handle='av_slideshow_full'  data-interval='5'  data-class=' '  data-css_id=''  data-scroll_down=''  data-control_layout='av-control-default'  data-custom_markup=''  data-perma_caption=''  data-autoplay_stopper=''  data-image_attachment=''  data-min_height='0px'  data-src=''  data-position='top left'  data-repeat='no-repeat'  data-attach='scroll'  data-stretch=''  data-default-height='28.666666666667'  class='avia-slideshow avia-slideshow-1  av-control-default av-default-height-applied avia-slideshow-featured av_slideshow_full   avia-slide-slider'  itemprop=\"ImageObject\" itemscope=\"itemscope\" itemtype=\"https:\/\/schema.org\/ImageObject\" ><ul class='avia-slideshow-inner' style='padding-bottom: 28.666666666667%;' ><li  class='slide-1' ><div data-rel='slideshow-1' class='avia-slide-wrap'   ><div class = \"caption_fullwidth av-slideshow-caption caption_bottom\"><div class = \"container caption_container\"><div class = \"slideshow_caption\"><div class = \"slideshow_inner_caption\"><div class = \"slideshow_align_caption\"><h2  class='avia-caption-title'  itemprop=\"name\" >Products<\/h2><\/div><\/div><\/div><\/div><\/div><img src='https:\/\/nokianprofiilit.fi\/wp-content\/uploads\/2018\/11\/652-1500x430.jpg' width='1500' height='430' title='julkisivut' alt='julkisivut'  itemprop=\"thumbnailUrl\"   \/><\/div><\/li><\/ul><\/div><\/div>\r\n\r\n<div class=\"flex_column av_one_full  flex_column_div av-zero-column-padding first\" style='border-radius:0px; '><div style='padding-bottom:50px; color:#44aae4;font-size:28px;' class='av-special-heading av-special-heading-h1 custom-color-heading blockquote modern-quote modern-centered  h1-default-style av-inherit-size'><h1 class='av-special-heading-tag'  itemprop=\"headline\"  >GLASS CEILINGS<\/h1><div class='special-heading-border'><div class='special-heading-inner-border' style='border-color:#44aae4'><\/div><\/div><\/div><\/div>\r\n\r\n<div class='flex_column_table av-equal-height-column-flextable -flextable' style='margin-top:0px; margin-bottom:50px; '><div class=\"flex_column av_one_third  flex_column_table_cell av-equal-height-column av-align-top av-zero-column-padding first  tuotteet\" style='border-radius:0px; '><div class='avia-image-container  av-styling-no-styling     avia-align-center'  itemprop=\"ImageObject\" itemscope=\"itemscope\" itemtype=\"https:\/\/schema.org\/ImageObject\"  ><div class='avia-image-container-inner'><div class='avia-image-overlay-wrap'><a href='https:\/\/nokianprofiilit.fi\/en\/r53-vertex-valokattojarjestelma\/' class='avia_image'  ><img class='avia_image' src='https:\/\/nokianprofiilit.fi\/wp-content\/uploads\/2018\/10\/kuva25.1-300x167.png' alt='' title='R53 VERTEX valokattoj\u00e4rjestelm\u00e4 1'  itemprop=\"thumbnailUrl\"  \/><\/a><\/div><\/div><\/div>\n<section class=\"av_textblock_section\"  itemscope=\"itemscope\" itemtype=\"https:\/\/schema.org\/CreativeWork\" ><div class='avia_textblock'  style='font-size:13px; '  itemprop=\"text\" ><p style=\"text-align: center;\"><a href=\"https:\/\/nokianprofiilit.fi\/en\/r53-vertex-valokattojarjestelma\/\"><strong>R53 VERTEX VALOKATTOJ\u00c4RJESTELM\u00c4<\/strong><\/a><\/p>\n<hr \/>\n<p style=\"text-align: center;\">Runkoprofiilin n\u00e4kyv\u00e4 leveys 50 mm<br \/>\nRunkosyvyydet 40\u2026180 mm<\/p>\n<\/div><\/section>\n<div class='avia-button-wrap avia-button-center  tuotteet-btn'><a href='https:\/\/nokianprofiilit.fi\/en\/r53-vertex-valokattojarjestelma\/'  class='avia-button   avia-icon_select-no avia-color-theme-color avia-size-medium avia-position-center'   ><span class='avia_iconbox_title' >Read More<\/span><\/a><\/div><\/div><\/div><!--close column table wrapper. Autoclose: 1 --><div class='flex_column_table av-equal-height-column-flextable -flextable' style='margin-top:0px; margin-bottom:50px; '><div class='av-flex-placeholder'><\/div><div class=\"flex_column av_one_third  flex_column_table_cell av-equal-height-column av-align-top av-zero-column-padding   tuotteet\" style='border-radius:0px; '><div class='avia-image-container  av-styling-no-styling     avia-align-center'  itemprop=\"ImageObject\" itemscope=\"itemscope\" itemtype=\"https:\/\/schema.org\/ImageObject\"  ><div class='avia-image-container-inner'><div class='avia-image-overlay-wrap'><a href='https:\/\/nokianprofiilit.fi\/en\/r54-terassikatto\/' class='avia_image'  ><img class='avia_image' src='https:\/\/nokianprofiilit.fi\/wp-content\/uploads\/2018\/10\/kuva26.1-300x167.png' alt='' title='R54 terassikatto 1'  itemprop=\"thumbnailUrl\"  \/><\/a><\/div><\/div><\/div>\n<section class=\"av_textblock_section\"  itemscope=\"itemscope\" itemtype=\"https:\/\/schema.org\/CreativeWork\" ><div class='avia_textblock'  style='font-size:13px; '  itemprop=\"text\" ><p style=\"text-align: center;\"><a href=\"https:\/\/nokianprofiilit.fi\/en\/r54-terassikatto\/\"><strong>R54 TERASSIKATTO<\/strong><\/a><\/p>\n<hr \/>\n<p style=\"text-align: center;\">Runkoprofiilin n\u00e4kyv\u00e4 leveys 50 mm<br \/>\nRunkosyvyydet 8,5\u2026270 mm<\/p>\n<\/div><\/section>\n<div class='avia-button-wrap avia-button-center  tuotteet-btn'><a href='https:\/\/nokianprofiilit.fi\/en\/r54-terassikatto\/'  class='avia-button   avia-icon_select-no avia-color-theme-color avia-size-medium avia-position-center'   ><span class='avia_iconbox_title' >Read More<\/span><\/a><\/div><\/div><\/div><!--close column table wrapper. Autoclose: 1 --><div class='flex_column_table av-equal-height-column-flextable -flextable' style='margin-top:0px; margin-bottom:50px; '><div class='av-flex-placeholder'><\/div><div class=\"flex_column av_one_third  flex_column_table_cell av-equal-height-column av-align-top av-zero-column-padding   tuotteet\" style='border-radius:0px; '><div class='avia-image-container  av-styling-no-styling     avia-align-center'  itemprop=\"ImageObject\" itemscope=\"itemscope\" itemtype=\"https:\/\/schema.org\/ImageObject\"  ><div class='avia-image-container-inner'><div class='avia-image-overlay-wrap'><a href='https:\/\/nokianprofiilit.fi\/en\/roof-vent-kattoluukut-ja-savunpoistoluukut\/' class='avia_image'  ><img class='avia_image' src='https:\/\/nokianprofiilit.fi\/wp-content\/uploads\/2018\/10\/kuva27.1-300x167.png' alt='' title='ROOF VENT kattoluukut ja savunpoistoluukut 1'  itemprop=\"thumbnailUrl\"  \/><\/a><\/div><\/div><\/div>\n<section class=\"av_textblock_section\"  itemscope=\"itemscope\" itemtype=\"https:\/\/schema.org\/CreativeWork\" ><div class='avia_textblock'  style='font-size:13px; '  itemprop=\"text\" ><p style=\"text-align: center;\"><a href=\"https:\/\/nokianprofiilit.fi\/en\/roof-vent-kattoluukut-ja-savunpoistoluukut\/\"><strong>ROOF VENT KATTOLUUKUT JA SAVUNPOISTOLUUKUT<\/strong><\/a><\/p>\n<hr \/>\n<p style=\"text-align: center;\">Lasipaksuus 24\u202652 mm<\/p>\n<\/div><\/section>\n<div class='avia-button-wrap avia-button-center  tuotteet-btn'><a href='https:\/\/nokianprofiilit.fi\/en\/roof-vent-kattoluukut-ja-savunpoistoluukut\/'  class='avia-button   avia-icon_select-no avia-color-theme-color avia-size-medium avia-position-center'   ><span class='avia_iconbox_title' >Read More<\/span><\/a><\/div><\/div><\/div><!--close column table wrapper. Autoclose: 1 -->","protected":false},"excerpt":{"rendered":"","protected":false},"author":1,"featured_media":0,"parent":0,"menu_order":0,"comment_status":"closed","ping_status":"closed","template":"","meta":{"footnotes":""},"yoast_head":"<!-- This site is optimized with the Yoast SEO plugin v22.1 - https:\/\/yoast.com\/wordpress\/plugins\/seo\/ -->\n<title>Lasikatot | Nokian Profiilit Oy<\/title>\n<meta name=\"description\" content=\"Meilt\u00e4 l\u00f6ytyy laaja valikoima erilaisia lasikattoja. Tuote valikoimaan kuuluu mm. Roof Vent-, R54-, sek\u00e4 R53 lasikattoja.\" \/>\n<meta name=\"robots\" content=\"index, follow, max-snippet:-1, max-image-preview:large, max-video-preview:-1\" \/>\n<link rel=\"canonical\" href=\"https:\/\/nokianprofiilit.fi\/en\/lasikatot\/\" \/>\n<meta property=\"og:locale\" content=\"en_GB\" \/>\n<meta property=\"og:type\" content=\"article\" \/>\n<meta property=\"og:title\" content=\"Lasikatot | Nokian Profiilit Oy\" \/>\n<meta property=\"og:description\" content=\"Meilt\u00e4 l\u00f6ytyy laaja valikoima erilaisia lasikattoja. Tuote valikoimaan kuuluu mm. Roof Vent-, R54-, sek\u00e4 R53 lasikattoja.\" \/>\n<meta property=\"og:url\" content=\"https:\/\/nokianprofiilit.fi\/en\/lasikatot\/\" \/>\n<meta property=\"og:site_name\" content=\"Nokian Profiilit Oy\" \/>\n<meta property=\"article:publisher\" content=\"https:\/\/www.facebook.com\/Nokian-Profiilit-Oy-131383804412730\/\" \/>\n<meta property=\"article:modified_time\" content=\"2019-05-01T13:32:36+00:00\" \/>\n<meta name=\"twitter:card\" content=\"summary_large_image\" \/>\n<meta name=\"twitter:label1\" content=\"Est. reading time\" \/>\n\t<meta name=\"twitter:data1\" content=\"7 minutes\" \/>\n<script type=\"application\/ld+json\" class=\"yoast-schema-graph\">{\"@context\":\"https:\/\/schema.org\",\"@graph\":[{\"@type\":\"WebPage\",\"@id\":\"https:\/\/nokianprofiilit.fi\/sv\/lasikatot\/\",\"url\":\"https:\/\/nokianprofiilit.fi\/sv\/lasikatot\/\",\"name\":\"Lasikatot | Nokian Profiilit Oy\",\"isPartOf\":{\"@id\":\"https:\/\/nokianprofiilit.fi\/#website\"},\"datePublished\":\"2018-11-16T18:29:31+00:00\",\"dateModified\":\"2019-05-01T13:32:36+00:00\",\"description\":\"Meilt\u00e4 l\u00f6ytyy laaja valikoima erilaisia lasikattoja. Tuote valikoimaan kuuluu mm. Roof Vent-, R54-, sek\u00e4 R53 lasikattoja.\",\"breadcrumb\":{\"@id\":\"https:\/\/nokianprofiilit.fi\/sv\/lasikatot\/#breadcrumb\"},\"inLanguage\":\"en-GB\",\"potentialAction\":[{\"@type\":\"ReadAction\",\"target\":[\"https:\/\/nokianprofiilit.fi\/sv\/lasikatot\/\"]}]},{\"@type\":\"BreadcrumbList\",\"@id\":\"https:\/\/nokianprofiilit.fi\/sv\/lasikatot\/#breadcrumb\",\"itemListElement\":[{\"@type\":\"ListItem\",\"position\":1,\"name\":\"Home\",\"item\":\"https:\/\/nokianprofiilit.fi\/\"},{\"@type\":\"ListItem\",\"position\":2,\"name\":\"Lasikatot\"}]},{\"@type\":\"WebSite\",\"@id\":\"https:\/\/nokianprofiilit.fi\/#website\",\"url\":\"https:\/\/nokianprofiilit.fi\/\",\"name\":\"Nokian Profiilit Oy\",\"description\":\"Julkisivut ja alumiiniprofiilit teollisuuden eri tarpeisiin\",\"potentialAction\":[{\"@type\":\"SearchAction\",\"target\":{\"@type\":\"EntryPoint\",\"urlTemplate\":\"https:\/\/nokianprofiilit.fi\/?s={search_term_string}\"},\"query-input\":\"required name=search_term_string\"}],\"inLanguage\":\"en-GB\"}]}<\/script>\n<!-- \/ Yoast SEO plugin. -->","yoast_head_json":{"title":"Lasikatot | Nokian Profiilit Oy","description":"Meilt\u00e4 l\u00f6ytyy laaja valikoima erilaisia lasikattoja. Tuote valikoimaan kuuluu mm. Roof Vent-, R54-, sek\u00e4 R53 lasikattoja.","robots":{"index":"index","follow":"follow","max-snippet":"max-snippet:-1","max-image-preview":"max-image-preview:large","max-video-preview":"max-video-preview:-1"},"canonical":"https:\/\/nokianprofiilit.fi\/en\/lasikatot\/","og_locale":"en_GB","og_type":"article","og_title":"Lasikatot | Nokian Profiilit Oy","og_description":"Meilt\u00e4 l\u00f6ytyy laaja valikoima erilaisia lasikattoja. Tuote valikoimaan kuuluu mm. Roof Vent-, R54-, sek\u00e4 R53 lasikattoja.","og_url":"https:\/\/nokianprofiilit.fi\/en\/lasikatot\/","og_site_name":"Nokian Profiilit Oy","article_publisher":"https:\/\/www.facebook.com\/Nokian-Profiilit-Oy-131383804412730\/","article_modified_time":"2019-05-01T13:32:36+00:00","twitter_card":"summary_large_image","twitter_misc":{"Est. reading time":"7 minutes"},"schema":{"@context":"https:\/\/schema.org","@graph":[{"@type":"WebPage","@id":"https:\/\/nokianprofiilit.fi\/sv\/lasikatot\/","url":"https:\/\/nokianprofiilit.fi\/sv\/lasikatot\/","name":"Lasikatot | Nokian Profiilit Oy","isPartOf":{"@id":"https:\/\/nokianprofiilit.fi\/#website"},"datePublished":"2018-11-16T18:29:31+00:00","dateModified":"2019-05-01T13:32:36+00:00","description":"Meilt\u00e4 l\u00f6ytyy laaja valikoima erilaisia lasikattoja. Tuote valikoimaan kuuluu mm. Roof Vent-, R54-, sek\u00e4 R53 lasikattoja.","breadcrumb":{"@id":"https:\/\/nokianprofiilit.fi\/sv\/lasikatot\/#breadcrumb"},"inLanguage":"en-GB","potentialAction":[{"@type":"ReadAction","target":["https:\/\/nokianprofiilit.fi\/sv\/lasikatot\/"]}]},{"@type":"BreadcrumbList","@id":"https:\/\/nokianprofiilit.fi\/sv\/lasikatot\/#breadcrumb","itemListElement":[{"@type":"ListItem","position":1,"name":"Home","item":"https:\/\/nokianprofiilit.fi\/"},{"@type":"ListItem","position":2,"name":"Lasikatot"}]},{"@type":"WebSite","@id":"https:\/\/nokianprofiilit.fi\/#website","url":"https:\/\/nokianprofiilit.fi\/","name":"Nokian Profiilit Oy","description":"Julkisivut ja alumiiniprofiilit teollisuuden eri tarpeisiin","potentialAction":[{"@type":"SearchAction","target":{"@type":"EntryPoint","urlTemplate":"https:\/\/nokianprofiilit.fi\/?s={search_term_string}"},"query-input":"required name=search_term_string"}],"inLanguage":"en-GB"}]}},"_links":{"self":[{"href":"https:\/\/nokianprofiilit.fi\/en\/wp-json\/wp\/v2\/pages\/3742"}],"collection":[{"href":"https:\/\/nokianprofiilit.fi\/en\/wp-json\/wp\/v2\/pages"}],"about":[{"href":"https:\/\/nokianprofiilit.fi\/en\/wp-json\/wp\/v2\/types\/page"}],"author":[{"embeddable":true,"href":"https:\/\/nokianprofiilit.fi\/en\/wp-json\/wp\/v2\/users\/1"}],"replies":[{"embeddable":true,"href":"https:\/\/nokianprofiilit.fi\/en\/wp-json\/wp\/v2\/comments?post=3742"}],"version-history":[{"count":7,"href":"https:\/\/nokianprofiilit.fi\/en\/wp-json\/wp\/v2\/pages\/3742\/revisions"}],"predecessor-version":[{"id":5238,"href":"https:\/\/nokianprofiilit.fi\/en\/wp-json\/wp\/v2\/pages\/3742\/revisions\/5238"}],"wp:attachment":[{"href":"https:\/\/nokianprofiilit.fi\/en\/wp-json\/wp\/v2\/media?parent=3742"}],"curies":[{"name":"wp","href":"https:\/\/api.w.org\/{rel}","templated":true}]}}