{"id":3572,"date":"2018-11-10T12:56:45","date_gmt":"2018-11-10T12:56:45","guid":{"rendered":"http:\/\/nokianprofiilit.fi\/?page_id=3572"},"modified":"2019-04-30T13:49:10","modified_gmt":"2019-04-30T13:49:10","slug":"alumiini","status":"publish","type":"page","link":"https:\/\/nokianprofiilit.fi\/en\/alumiini\/","title":{"rendered":"Aluminium"},"content":{"rendered":"<div class=\"flex_column av_one_full  flex_column_div av-zero-column-padding first\" style='border-radius:0px; '><div style='padding-bottom:10px; font-size:28px;' class='av-special-heading av-special-heading-h2  blockquote modern-quote modern-centered   av-inherit-size'><h2 class='av-special-heading-tag'  itemprop=\"headline\"  >Aluminium<\/h2><div class='special-heading-border'><div class='special-heading-inner-border' ><\/div><\/div><\/div>\n<div  data-size='featured_large'  data-lightbox_size='large'  data-animation='slide'  data-conditional_play=''  data-ids='3569'  data-video_counter='0'  data-autoplay='false'  data-bg_slider='false'  data-slide_height=''  data-handle='av_slideshow'  data-interval='5'  data-class=' avia-easyslider '  data-css_id=''  data-scroll_down=''  data-control_layout='av-control-default'  data-custom_markup=''  data-perma_caption=''  data-autoplay_stopper=''  data-image_attachment=''  data-min_height='0px'  data-default-height='42'  class='avia-slideshow avia-slideshow-1  av-control-default av-default-height-applied avia-slideshow-featured_large av_slideshow  avia-easyslider  avia-slide-slider'  itemprop=\"ImageObject\" itemscope=\"itemscope\" itemtype=\"https:\/\/schema.org\/ImageObject\" ><ul class='avia-slideshow-inner' style='padding-bottom: 42%;' ><li  class='av-single-slide slide-1' ><div data-rel='slideshow-1' class='avia-slide-wrap'   ><img src='https:\/\/nokianprofiilit.fi\/wp-content\/uploads\/2018\/11\/1855-1500x630.jpg' width='1500' height='630' title='Metal texture background vector illustration' alt=''  itemprop=\"thumbnailUrl\"   \/><\/div><\/li><\/ul><\/div><\/div><div class=\"flex_column av_one_full  av-animated-generic right-to-left  flex_column_div av-zero-column-padding first\" style='border-radius:0px; '><div style='padding-bottom:10px; color:#40a8e4;' class='av-special-heading av-special-heading-h3 custom-color-heading'><h3 class='av-special-heading-tag'  itemprop=\"headline\"  >Alumiinista<\/h3><div class='special-heading-border'><div class='special-heading-inner-border' style='border-color:#40a8e4'><\/div><\/div><\/div>\n<section class=\"av_textblock_section\"  itemscope=\"itemscope\" itemtype=\"https:\/\/schema.org\/CreativeWork\" ><div class='avia_textblock'   itemprop=\"text\" ><p>Alumiini on luja, ruostumaton ja kierr\u00e4tett\u00e4v\u00e4 metalli, josta voi puristaa hyvin monimuotoisia profiileja. Alumiini materiaalina tekee rakenteista keveit\u00e4, kest\u00e4vi\u00e4 ja n\u00e4ytt\u00e4vi\u00e4. Nokian Profiilit Oy:n rakennusj\u00e4rjestelmi\u00e4 on saatavissa kirkkaana, anodisoittuina tai pulverimaalattuina halutun s\u00e4vyisiksi. Alumiiniseoksia on erilaisia eri tarpeisiin. Seoksia voi olla esimerkiksi kovia ja kest\u00e4vi\u00e4 tai pehme\u00e4mpi\u00e4 riippuen k\u00e4ytt\u00f6tarkoituksesta. Alumiini on materiaalina ymp\u00e4rist\u00f6yst\u00e4v\u00e4llinen. Se on 100 % kierr\u00e4tett\u00e4viss\u00e4 eik\u00e4 se menet\u00e4 kierr\u00e4tysprosessissa mit\u00e4\u00e4n alkuper\u00e4isist\u00e4 ominaisuuksistaan. Alumiinirakenteet kest\u00e4v\u00e4t k\u00e4yt\u00e4nn\u00f6ss\u00e4 ikuisesti eiv\u00e4tk\u00e4 tarvitse huolenpitoa. Noudatamme laadunvalvonnassa ISO9001 ja ymp\u00e4rist\u00f6asioissa ISO14001 periaatteita.<\/p>\n<\/div><\/section><\/div>","protected":false},"excerpt":{"rendered":"","protected":false},"author":1,"featured_media":0,"parent":0,"menu_order":0,"comment_status":"closed","ping_status":"closed","template":"","meta":{"footnotes":""},"yoast_head":"<!-- This site is optimized with the Yoast SEO plugin v22.1 - https:\/\/yoast.com\/wordpress\/plugins\/seo\/ -->\n<title>Alumiinit ja Alumiiniprofiilit | Nokian Profiilit Oy<\/title>\n<meta name=\"description\" content=\"Alumiini on luja, ruostumaton ja kierr\u00e4tett\u00e4v\u00e4 metalli, josta voi puristaa hyvin monimuotoisia alumiiniprofiileja. Alumiini materiaalina tekee rakenteista keveit\u00e4, kest\u00e4vi\u00e4 ja n\u00e4ytt\u00e4vi\u00e4. Nokian Profiilit Oy:n rakennusj\u00e4rjestelmi\u00e4 on saatavissa kirkkaana, anodisoittuina tai pulverimaalattuina halutun s\u00e4vyisiksi.\" \/>\n<meta name=\"robots\" content=\"index, follow, max-snippet:-1, max-image-preview:large, max-video-preview:-1\" \/>\n<link rel=\"canonical\" href=\"https:\/\/nokianprofiilit.fi\/en\/alumiini\/\" \/>\n<meta property=\"og:locale\" content=\"en_GB\" \/>\n<meta property=\"og:type\" content=\"article\" \/>\n<meta property=\"og:title\" content=\"Alumiinit ja Alumiiniprofiilit | Nokian Profiilit Oy\" \/>\n<meta property=\"og:description\" content=\"Alumiini on luja, ruostumaton ja kierr\u00e4tett\u00e4v\u00e4 metalli, josta voi puristaa hyvin monimuotoisia alumiiniprofiileja. Alumiini materiaalina tekee rakenteista keveit\u00e4, kest\u00e4vi\u00e4 ja n\u00e4ytt\u00e4vi\u00e4. Nokian Profiilit Oy:n rakennusj\u00e4rjestelmi\u00e4 on saatavissa kirkkaana, anodisoittuina tai pulverimaalattuina halutun s\u00e4vyisiksi.\" \/>\n<meta property=\"og:url\" content=\"https:\/\/nokianprofiilit.fi\/en\/alumiini\/\" \/>\n<meta property=\"og:site_name\" content=\"Nokian Profiilit Oy\" \/>\n<meta property=\"article:publisher\" content=\"https:\/\/www.facebook.com\/Nokian-Profiilit-Oy-131383804412730\/\" \/>\n<meta property=\"article:modified_time\" content=\"2019-04-30T13:49:10+00:00\" \/>\n<meta name=\"twitter:card\" content=\"summary_large_image\" \/>\n<meta name=\"twitter:label1\" content=\"Est. reading time\" \/>\n\t<meta name=\"twitter:data1\" content=\"3 minutes\" \/>\n<script type=\"application\/ld+json\" class=\"yoast-schema-graph\">{\"@context\":\"https:\/\/schema.org\",\"@graph\":[{\"@type\":\"WebPage\",\"@id\":\"https:\/\/nokianprofiilit.fi\/alumiini\/\",\"url\":\"https:\/\/nokianprofiilit.fi\/alumiini\/\",\"name\":\"Alumiinit ja Alumiiniprofiilit | Nokian Profiilit Oy\",\"isPartOf\":{\"@id\":\"https:\/\/nokianprofiilit.fi\/#website\"},\"datePublished\":\"2018-11-10T12:56:45+00:00\",\"dateModified\":\"2019-04-30T13:49:10+00:00\",\"description\":\"Alumiini on luja, ruostumaton ja kierr\u00e4tett\u00e4v\u00e4 metalli, josta voi puristaa hyvin monimuotoisia alumiiniprofiileja. Alumiini materiaalina tekee rakenteista keveit\u00e4, kest\u00e4vi\u00e4 ja n\u00e4ytt\u00e4vi\u00e4. Nokian Profiilit Oy:n rakennusj\u00e4rjestelmi\u00e4 on saatavissa kirkkaana, anodisoittuina tai pulverimaalattuina halutun s\u00e4vyisiksi.\",\"breadcrumb\":{\"@id\":\"https:\/\/nokianprofiilit.fi\/alumiini\/#breadcrumb\"},\"inLanguage\":\"en-GB\",\"potentialAction\":[{\"@type\":\"ReadAction\",\"target\":[\"https:\/\/nokianprofiilit.fi\/alumiini\/\"]}]},{\"@type\":\"BreadcrumbList\",\"@id\":\"https:\/\/nokianprofiilit.fi\/alumiini\/#breadcrumb\",\"itemListElement\":[{\"@type\":\"ListItem\",\"position\":1,\"name\":\"Home\",\"item\":\"https:\/\/nokianprofiilit.fi\/\"},{\"@type\":\"ListItem\",\"position\":2,\"name\":\"Alumiini\"}]},{\"@type\":\"WebSite\",\"@id\":\"https:\/\/nokianprofiilit.fi\/#website\",\"url\":\"https:\/\/nokianprofiilit.fi\/\",\"name\":\"Nokian Profiilit Oy\",\"description\":\"Julkisivut ja alumiiniprofiilit teollisuuden eri tarpeisiin\",\"potentialAction\":[{\"@type\":\"SearchAction\",\"target\":{\"@type\":\"EntryPoint\",\"urlTemplate\":\"https:\/\/nokianprofiilit.fi\/?s={search_term_string}\"},\"query-input\":\"required name=search_term_string\"}],\"inLanguage\":\"en-GB\"}]}<\/script>\n<!-- \/ Yoast SEO plugin. -->","yoast_head_json":{"title":"Alumiinit ja Alumiiniprofiilit | Nokian Profiilit Oy","description":"Alumiini on luja, ruostumaton ja kierr\u00e4tett\u00e4v\u00e4 metalli, josta voi puristaa hyvin monimuotoisia alumiiniprofiileja. Alumiini materiaalina tekee rakenteista keveit\u00e4, kest\u00e4vi\u00e4 ja n\u00e4ytt\u00e4vi\u00e4. Nokian Profiilit Oy:n rakennusj\u00e4rjestelmi\u00e4 on saatavissa kirkkaana, anodisoittuina tai pulverimaalattuina halutun s\u00e4vyisiksi.","robots":{"index":"index","follow":"follow","max-snippet":"max-snippet:-1","max-image-preview":"max-image-preview:large","max-video-preview":"max-video-preview:-1"},"canonical":"https:\/\/nokianprofiilit.fi\/en\/alumiini\/","og_locale":"en_GB","og_type":"article","og_title":"Alumiinit ja Alumiiniprofiilit | Nokian Profiilit Oy","og_description":"Alumiini on luja, ruostumaton ja kierr\u00e4tett\u00e4v\u00e4 metalli, josta voi puristaa hyvin monimuotoisia alumiiniprofiileja. Alumiini materiaalina tekee rakenteista keveit\u00e4, kest\u00e4vi\u00e4 ja n\u00e4ytt\u00e4vi\u00e4. Nokian Profiilit Oy:n rakennusj\u00e4rjestelmi\u00e4 on saatavissa kirkkaana, anodisoittuina tai pulverimaalattuina halutun s\u00e4vyisiksi.","og_url":"https:\/\/nokianprofiilit.fi\/en\/alumiini\/","og_site_name":"Nokian Profiilit Oy","article_publisher":"https:\/\/www.facebook.com\/Nokian-Profiilit-Oy-131383804412730\/","article_modified_time":"2019-04-30T13:49:10+00:00","twitter_card":"summary_large_image","twitter_misc":{"Est. reading time":"3 minutes"},"schema":{"@context":"https:\/\/schema.org","@graph":[{"@type":"WebPage","@id":"https:\/\/nokianprofiilit.fi\/alumiini\/","url":"https:\/\/nokianprofiilit.fi\/alumiini\/","name":"Alumiinit ja Alumiiniprofiilit | Nokian Profiilit Oy","isPartOf":{"@id":"https:\/\/nokianprofiilit.fi\/#website"},"datePublished":"2018-11-10T12:56:45+00:00","dateModified":"2019-04-30T13:49:10+00:00","description":"Alumiini on luja, ruostumaton ja kierr\u00e4tett\u00e4v\u00e4 metalli, josta voi puristaa hyvin monimuotoisia alumiiniprofiileja. Alumiini materiaalina tekee rakenteista keveit\u00e4, kest\u00e4vi\u00e4 ja n\u00e4ytt\u00e4vi\u00e4. Nokian Profiilit Oy:n rakennusj\u00e4rjestelmi\u00e4 on saatavissa kirkkaana, anodisoittuina tai pulverimaalattuina halutun s\u00e4vyisiksi.","breadcrumb":{"@id":"https:\/\/nokianprofiilit.fi\/alumiini\/#breadcrumb"},"inLanguage":"en-GB","potentialAction":[{"@type":"ReadAction","target":["https:\/\/nokianprofiilit.fi\/alumiini\/"]}]},{"@type":"BreadcrumbList","@id":"https:\/\/nokianprofiilit.fi\/alumiini\/#breadcrumb","itemListElement":[{"@type":"ListItem","position":1,"name":"Home","item":"https:\/\/nokianprofiilit.fi\/"},{"@type":"ListItem","position":2,"name":"Alumiini"}]},{"@type":"WebSite","@id":"https:\/\/nokianprofiilit.fi\/#website","url":"https:\/\/nokianprofiilit.fi\/","name":"Nokian Profiilit Oy","description":"Julkisivut ja alumiiniprofiilit teollisuuden eri tarpeisiin","potentialAction":[{"@type":"SearchAction","target":{"@type":"EntryPoint","urlTemplate":"https:\/\/nokianprofiilit.fi\/?s={search_term_string}"},"query-input":"required name=search_term_string"}],"inLanguage":"en-GB"}]}},"_links":{"self":[{"href":"https:\/\/nokianprofiilit.fi\/en\/wp-json\/wp\/v2\/pages\/3572"}],"collection":[{"href":"https:\/\/nokianprofiilit.fi\/en\/wp-json\/wp\/v2\/pages"}],"about":[{"href":"https:\/\/nokianprofiilit.fi\/en\/wp-json\/wp\/v2\/types\/page"}],"author":[{"embeddable":true,"href":"https:\/\/nokianprofiilit.fi\/en\/wp-json\/wp\/v2\/users\/1"}],"replies":[{"embeddable":true,"href":"https:\/\/nokianprofiilit.fi\/en\/wp-json\/wp\/v2\/comments?post=3572"}],"version-history":[{"count":9,"href":"https:\/\/nokianprofiilit.fi\/en\/wp-json\/wp\/v2\/pages\/3572\/revisions"}],"predecessor-version":[{"id":5503,"href":"https:\/\/nokianprofiilit.fi\/en\/wp-json\/wp\/v2\/pages\/3572\/revisions\/5503"}],"wp:attachment":[{"href":"https:\/\/nokianprofiilit.fi\/en\/wp-json\/wp\/v2\/media?parent=3572"}],"curies":[{"name":"wp","href":"https:\/\/api.w.org\/{rel}","templated":true}]}}