{"id":3540,"date":"2018-11-10T10:38:10","date_gmt":"2018-11-10T10:38:10","guid":{"rendered":"http:\/\/nokianprofiilit.fi\/?page_id=3540"},"modified":"2019-04-30T18:43:29","modified_gmt":"2019-04-30T18:43:29","slug":"pinnoitus","status":"publish","type":"page","link":"https:\/\/nokianprofiilit.fi\/en\/pinnoitus\/","title":{"rendered":"Coating"},"content":{"rendered":"<div class=\"flex_column av_one_full  flex_column_div av-zero-column-padding first\" style='border-radius:0px; '><div style='padding-bottom:10px; font-size:28px;' class='av-special-heading av-special-heading-h1  blockquote modern-quote modern-centered   av-inherit-size'><h1 class='av-special-heading-tag'  itemprop=\"headline\"  >Coating<\/h1><div class='special-heading-border'><div class='special-heading-inner-border' ><\/div><\/div><\/div><\/div>\r\n\r\n<div class=\"flex_column av_one_full  av-animated-generic right-to-left  flex_column_div av-zero-column-padding first\" style='border-radius:0px; '><div class='avia-gallery  avia-gallery-1 avia_lazyload avia_animate_when_visible'  itemprop=\"ImageObject\" itemscope=\"itemscope\" itemtype=\"https:\/\/schema.org\/ImageObject\" ><div class='avia-gallery-thumb'> <a href='https:\/\/nokianprofiilit.fi\/wp-content\/uploads\/2018\/11\/pinnoitus1.png' data-rel='gallery-1' data-prev-img='https:\/\/nokianprofiilit.fi\/wp-content\/uploads\/2018\/11\/pinnoitus1.png' class='first_thumb lightbox' data-onclick='1' title=''  itemprop=\"thumbnailUrl\" ><img  src='https:\/\/nokianprofiilit.fi\/wp-content\/uploads\/2018\/11\/pinnoitus1.png' width='210' height='135'  title='pinnoitus1' alt='' \/><\/a> <a href='https:\/\/nokianprofiilit.fi\/wp-content\/uploads\/2018\/11\/pinnoitus2.png' data-rel='gallery-1' data-prev-img='https:\/\/nokianprofiilit.fi\/wp-content\/uploads\/2018\/11\/pinnoitus2.png' class='lightbox' data-onclick='2' title=''  itemprop=\"thumbnailUrl\" ><img  src='https:\/\/nokianprofiilit.fi\/wp-content\/uploads\/2018\/11\/pinnoitus2.png' width='210' height='135'  title='pinnoitus2' alt='' \/><\/a> <a href='https:\/\/nokianprofiilit.fi\/wp-content\/uploads\/2018\/11\/pinnoitus4.png' data-rel='gallery-1' data-prev-img='https:\/\/nokianprofiilit.fi\/wp-content\/uploads\/2018\/11\/pinnoitus4.png' class='lightbox' data-onclick='3' title=''  itemprop=\"thumbnailUrl\" ><img  src='https:\/\/nokianprofiilit.fi\/wp-content\/uploads\/2018\/11\/pinnoitus4.png' width='210' height='135'  title='pinnoitus4' alt='' \/><\/a> <a href='https:\/\/nokianprofiilit.fi\/wp-content\/uploads\/2018\/11\/pinnoitus3.png' data-rel='gallery-1' data-prev-img='https:\/\/nokianprofiilit.fi\/wp-content\/uploads\/2018\/11\/pinnoitus3.png' class='lightbox' data-onclick='4' title=''  itemprop=\"thumbnailUrl\" ><img  src='https:\/\/nokianprofiilit.fi\/wp-content\/uploads\/2018\/11\/pinnoitus3.png' width='210' height='135'  title='pinnoitus3' alt='' \/><\/a><\/div><\/div>\n<section class=\"av_textblock_section\"  itemscope=\"itemscope\" itemtype=\"https:\/\/schema.org\/CreativeWork\" ><div class='avia_textblock'   itemprop=\"text\" ><div class=\"flex_column av_one_full flex_column_div av-zero-column-padding first avia-builder-el-3 el_after_av_iconlist el_before_av_one_half\">\n<section class=\"av_textblock_section\">\n<div class=\"avia_textblock\">\n<p>Komponentit voidaan toimittaa kaikilla markkinoilla saatavilla olevilla pinnoitustavoilla, kuten<br \/>\npulverimaalaus, anodisointi, decoral ja aito puupinnoitus.<\/p>\n<p>Pulverimaalauksen yleisimmin k\u00e4ytetyt v\u00e4rit l\u00f6ytyv\u00e4t RR-, RAL- ja NCS-v\u00e4rikartoista.<\/p>\n<\/div>\n<\/section>\n<\/div>\n<div class=\"flex_column av_one_half av-animated-generic bottom-to-top flex_column_div av-zero-column-padding first avia-builder-el-5 el_after_av_one_full el_before_av_one_half column-top-margin\">\n<div class=\"av-special-heading av-special-heading-h3 custom-color-heading blockquote modern-quote avia-builder-el-6 el_before_av_textblock avia-builder-el-first av-inherit-size\"><\/div>\n<\/div>\n<\/div><\/section><\/div>","protected":false},"excerpt":{"rendered":"","protected":false},"author":1,"featured_media":0,"parent":0,"menu_order":0,"comment_status":"closed","ping_status":"closed","template":"","meta":{"footnotes":""},"yoast_head":"<!-- This site is optimized with the Yoast SEO plugin v22.1 - https:\/\/yoast.com\/wordpress\/plugins\/seo\/ -->\n<title>Pinnoitus | Nokian Profiilit Oy<\/title>\n<meta name=\"description\" content=\"Komponentit voidaan toimittaa kaikilla markkinoilla saatavilla olevilla pinnoitustavoilla, kuten pulverimaalaus, anodisointi, decoral ja aito puupinnoitus.\" \/>\n<meta name=\"robots\" content=\"index, follow, max-snippet:-1, max-image-preview:large, max-video-preview:-1\" \/>\n<link rel=\"canonical\" href=\"https:\/\/nokianprofiilit.fi\/en\/pinnoitus\/\" \/>\n<meta property=\"og:locale\" content=\"en_GB\" \/>\n<meta property=\"og:type\" content=\"article\" \/>\n<meta property=\"og:title\" content=\"Pinnoitus | Nokian Profiilit Oy\" \/>\n<meta property=\"og:description\" content=\"Komponentit voidaan toimittaa kaikilla markkinoilla saatavilla olevilla pinnoitustavoilla, kuten pulverimaalaus, anodisointi, decoral ja aito puupinnoitus.\" \/>\n<meta property=\"og:url\" content=\"https:\/\/nokianprofiilit.fi\/en\/pinnoitus\/\" \/>\n<meta property=\"og:site_name\" content=\"Nokian Profiilit Oy\" \/>\n<meta property=\"article:publisher\" content=\"https:\/\/www.facebook.com\/Nokian-Profiilit-Oy-131383804412730\/\" \/>\n<meta property=\"article:modified_time\" content=\"2019-04-30T18:43:29+00:00\" \/>\n<meta name=\"twitter:card\" content=\"summary_large_image\" \/>\n<meta name=\"twitter:label1\" content=\"Est. reading time\" \/>\n\t<meta name=\"twitter:data1\" content=\"2 minutes\" \/>\n<script type=\"application\/ld+json\" class=\"yoast-schema-graph\">{\"@context\":\"https:\/\/schema.org\",\"@graph\":[{\"@type\":\"WebPage\",\"@id\":\"https:\/\/nokianprofiilit.fi\/pinnoitus\/\",\"url\":\"https:\/\/nokianprofiilit.fi\/pinnoitus\/\",\"name\":\"Pinnoitus | Nokian Profiilit Oy\",\"isPartOf\":{\"@id\":\"https:\/\/nokianprofiilit.fi\/#website\"},\"datePublished\":\"2018-11-10T10:38:10+00:00\",\"dateModified\":\"2019-04-30T18:43:29+00:00\",\"description\":\"Komponentit voidaan toimittaa kaikilla markkinoilla saatavilla olevilla pinnoitustavoilla, kuten pulverimaalaus, anodisointi, decoral ja aito puupinnoitus.\",\"breadcrumb\":{\"@id\":\"https:\/\/nokianprofiilit.fi\/pinnoitus\/#breadcrumb\"},\"inLanguage\":\"en-GB\",\"potentialAction\":[{\"@type\":\"ReadAction\",\"target\":[\"https:\/\/nokianprofiilit.fi\/pinnoitus\/\"]}]},{\"@type\":\"BreadcrumbList\",\"@id\":\"https:\/\/nokianprofiilit.fi\/pinnoitus\/#breadcrumb\",\"itemListElement\":[{\"@type\":\"ListItem\",\"position\":1,\"name\":\"Home\",\"item\":\"https:\/\/nokianprofiilit.fi\/\"},{\"@type\":\"ListItem\",\"position\":2,\"name\":\"Pinnoitus\"}]},{\"@type\":\"WebSite\",\"@id\":\"https:\/\/nokianprofiilit.fi\/#website\",\"url\":\"https:\/\/nokianprofiilit.fi\/\",\"name\":\"Nokian Profiilit Oy\",\"description\":\"Julkisivut ja alumiiniprofiilit teollisuuden eri tarpeisiin\",\"potentialAction\":[{\"@type\":\"SearchAction\",\"target\":{\"@type\":\"EntryPoint\",\"urlTemplate\":\"https:\/\/nokianprofiilit.fi\/?s={search_term_string}\"},\"query-input\":\"required name=search_term_string\"}],\"inLanguage\":\"en-GB\"}]}<\/script>\n<!-- \/ Yoast SEO plugin. -->","yoast_head_json":{"title":"Pinnoitus | Nokian Profiilit Oy","description":"Komponentit voidaan toimittaa kaikilla markkinoilla saatavilla olevilla pinnoitustavoilla, kuten pulverimaalaus, anodisointi, decoral ja aito puupinnoitus.","robots":{"index":"index","follow":"follow","max-snippet":"max-snippet:-1","max-image-preview":"max-image-preview:large","max-video-preview":"max-video-preview:-1"},"canonical":"https:\/\/nokianprofiilit.fi\/en\/pinnoitus\/","og_locale":"en_GB","og_type":"article","og_title":"Pinnoitus | Nokian Profiilit Oy","og_description":"Komponentit voidaan toimittaa kaikilla markkinoilla saatavilla olevilla pinnoitustavoilla, kuten pulverimaalaus, anodisointi, decoral ja aito puupinnoitus.","og_url":"https:\/\/nokianprofiilit.fi\/en\/pinnoitus\/","og_site_name":"Nokian Profiilit Oy","article_publisher":"https:\/\/www.facebook.com\/Nokian-Profiilit-Oy-131383804412730\/","article_modified_time":"2019-04-30T18:43:29+00:00","twitter_card":"summary_large_image","twitter_misc":{"Est. reading time":"2 minutes"},"schema":{"@context":"https:\/\/schema.org","@graph":[{"@type":"WebPage","@id":"https:\/\/nokianprofiilit.fi\/pinnoitus\/","url":"https:\/\/nokianprofiilit.fi\/pinnoitus\/","name":"Pinnoitus | Nokian Profiilit Oy","isPartOf":{"@id":"https:\/\/nokianprofiilit.fi\/#website"},"datePublished":"2018-11-10T10:38:10+00:00","dateModified":"2019-04-30T18:43:29+00:00","description":"Komponentit voidaan toimittaa kaikilla markkinoilla saatavilla olevilla pinnoitustavoilla, kuten pulverimaalaus, anodisointi, decoral ja aito puupinnoitus.","breadcrumb":{"@id":"https:\/\/nokianprofiilit.fi\/pinnoitus\/#breadcrumb"},"inLanguage":"en-GB","potentialAction":[{"@type":"ReadAction","target":["https:\/\/nokianprofiilit.fi\/pinnoitus\/"]}]},{"@type":"BreadcrumbList","@id":"https:\/\/nokianprofiilit.fi\/pinnoitus\/#breadcrumb","itemListElement":[{"@type":"ListItem","position":1,"name":"Home","item":"https:\/\/nokianprofiilit.fi\/"},{"@type":"ListItem","position":2,"name":"Pinnoitus"}]},{"@type":"WebSite","@id":"https:\/\/nokianprofiilit.fi\/#website","url":"https:\/\/nokianprofiilit.fi\/","name":"Nokian Profiilit Oy","description":"Julkisivut ja alumiiniprofiilit teollisuuden eri tarpeisiin","potentialAction":[{"@type":"SearchAction","target":{"@type":"EntryPoint","urlTemplate":"https:\/\/nokianprofiilit.fi\/?s={search_term_string}"},"query-input":"required name=search_term_string"}],"inLanguage":"en-GB"}]}},"_links":{"self":[{"href":"https:\/\/nokianprofiilit.fi\/en\/wp-json\/wp\/v2\/pages\/3540"}],"collection":[{"href":"https:\/\/nokianprofiilit.fi\/en\/wp-json\/wp\/v2\/pages"}],"about":[{"href":"https:\/\/nokianprofiilit.fi\/en\/wp-json\/wp\/v2\/types\/page"}],"author":[{"embeddable":true,"href":"https:\/\/nokianprofiilit.fi\/en\/wp-json\/wp\/v2\/users\/1"}],"replies":[{"embeddable":true,"href":"https:\/\/nokianprofiilit.fi\/en\/wp-json\/wp\/v2\/comments?post=3540"}],"version-history":[{"count":10,"href":"https:\/\/nokianprofiilit.fi\/en\/wp-json\/wp\/v2\/pages\/3540\/revisions"}],"predecessor-version":[{"id":5340,"href":"https:\/\/nokianprofiilit.fi\/en\/wp-json\/wp\/v2\/pages\/3540\/revisions\/5340"}],"wp:attachment":[{"href":"https:\/\/nokianprofiilit.fi\/en\/wp-json\/wp\/v2\/media?parent=3540"}],"curies":[{"name":"wp","href":"https:\/\/api.w.org\/{rel}","templated":true}]}}