{"id":2431,"date":"2018-10-04T18:12:44","date_gmt":"2018-10-04T18:12:44","guid":{"rendered":"http:\/\/nokianprofiilit.fi\/?page_id=2431"},"modified":"2019-04-30T18:40:08","modified_gmt":"2019-04-30T18:40:08","slug":"valmiit-profiilituotteet","status":"publish","type":"page","link":"https:\/\/nokianprofiilit.fi\/en\/valmiit-profiilituotteet\/","title":{"rendered":"Complete products"},"content":{"rendered":"<div class=\"flex_column av_one_full  flex_column_div av-zero-column-padding first\" style='border-radius:0px; '><div style='padding-bottom:10px; font-size:28px;' class='av-special-heading av-special-heading-h1  blockquote modern-quote modern-centered   av-inherit-size'><h1 class='av-special-heading-tag'  itemprop=\"headline\"  >Complete profiles<\/h1><div class='special-heading-border'><div class='special-heading-inner-border' ><\/div><\/div><\/div>\n<div  data-size='featured'  data-lightbox_size='large'  data-animation='slide'  data-conditional_play=''  data-ids='2804'  data-video_counter='0'  data-autoplay='false'  data-bg_slider='false'  data-slide_height=''  data-handle='av_slideshow'  data-interval='5'  data-class=' avia-easyslider '  data-css_id=''  data-scroll_down=''  data-control_layout='av-control-default'  data-custom_markup=''  data-perma_caption=''  data-autoplay_stopper=''  data-image_attachment=''  data-min_height='0px'  data-default-height='28.666666666667'  class='avia-slideshow avia-slideshow-1  av-control-default av-default-height-applied avia-slideshow-featured av_slideshow  avia-easyslider  avia-slide-slider'  itemprop=\"ImageObject\" itemscope=\"itemscope\" itemtype=\"https:\/\/schema.org\/ImageObject\" ><ul class='avia-slideshow-inner' style='padding-bottom: 41.9921875%;' ><li  class='av-single-slide slide-1' ><div data-rel='slideshow-1' class='avia-slide-wrap'   ><img src='https:\/\/nokianprofiilit.fi\/wp-content\/uploads\/2018\/10\/valmiit-tuotteet2-1024x430.jpg' width='1024' height='430' title='valmiit tuotteet2' alt=''  itemprop=\"thumbnailUrl\"   \/><\/div><\/li><\/ul><\/div><\/div>\r\n\r\n<div class=\"flex_column av_one_full  av-animated-generic right-to-left  flex_column_div av-zero-column-padding first\" style='border-radius:0px; '><div style='padding-bottom:10px; color:#40a8e4;' class='av-special-heading av-special-heading-h3 custom-color-heading'><h3 class='av-special-heading-tag'  itemprop=\"headline\"  >Valmiit rakennuselementit<\/h3><div class='special-heading-border'><div class='special-heading-inner-border' style='border-color:#40a8e4'><\/div><\/div><\/div>\n<section class=\"av_textblock_section\"  itemscope=\"itemscope\" itemtype=\"https:\/\/schema.org\/CreativeWork\" ><div class='avia_textblock'   itemprop=\"text\" ><p>Toimitamme tarvittaessa valmiit ovet, ikkunat, liukuovet ja julkisivut asiakkaan hallille tai suoraan ty\u00f6maalle asennusvalmiina elementtein\u00e4.<\/p>\n<p>Valmiiden tuotteiden toimituskohteet voivat olla toimistoja, teollisuushalleja, asuntoja tai periaatteessa mit\u00e4 tahansa kohteita, joissa alumiinisia rakennusj\u00e4rjestelmi\u00e4 voidaan k\u00e4ytt\u00e4\u00e4.<\/p>\n<\/div><\/section><\/div>\r\n\r\n<div class='flex_column_table av-equal-height-column-flextable -flextable' ><div class=\"flex_column av_one_half  av-animated-generic right-to-left  flex_column_table_cell av-equal-height-column av-align-top av-zero-column-padding first  valmiit-tuotteet\" style='border-radius:0px; '><section class=\"av_textblock_section\"  itemscope=\"itemscope\" itemtype=\"https:\/\/schema.org\/CreativeWork\" ><div class='avia_textblock'   itemprop=\"text\" ><p>Tapauskohtaisesti voimme j\u00e4rjest\u00e4\u00e4 my\u00f6s tuotteiden asennuksen. Kaikki valmiit tuotteet suunnitellaan ja valmistetaan asiakkaan antamien vaatimusten ja mittojen mukaisesti.<\/p>\n<p>Voimme tarvittaessa suunnitella kaikki elementit k\u00e4ytt\u00e4m\u00e4ll\u00e4 N-Pro laskentaohjelmaa, josta saadaan tulostettua mm. positioiden piirustukset mittatietoineen.<\/p>\n<p>Valmiiden elementtien tarjousprosessi etenee l\u00e4heisess\u00e4 yhteisty\u00f6ss\u00e4 asiakkaiden kanssa.<\/p>\n<\/div><\/section><\/div><\/div><!--close column table wrapper. Autoclose: 1 -->\r\n\r\n<div class='flex_column_table av-equal-height-column-flextable -flextable' ><div class='av-flex-placeholder'><\/div><div class=\"flex_column av_one_half  av-animated-generic right-to-left  flex_column_table_cell av-equal-height-column av-align-top av-zero-column-padding\" style='border-radius:0px; '><div class='avia-image-container  av-styling-     avia-align-center'  itemprop=\"ImageObject\" itemscope=\"itemscope\" itemtype=\"https:\/\/schema.org\/ImageObject\"  ><div class='avia-image-container-inner'><div class='avia-image-overlay-wrap'><img class='avia_image' src='https:\/\/nokianprofiilit.fi\/wp-content\/uploads\/2018\/10\/valmiit-tuotteet.jpg' alt='' title='valmiit tuotteet' height=\"601\"width=\"1276\"  itemprop=\"thumbnailUrl\"  \/><\/div><\/div><\/div><\/div><\/div><!--close column table wrapper. Autoclose: 1 -->\r\n\r\n<div class=\"flex_column av_one_full  av-animated-generic right-to-left  flex_column_div av-zero-column-padding first\" style='border-radius:0px; '><section class=\"av_textblock_section\"  itemscope=\"itemscope\" itemtype=\"https:\/\/schema.org\/CreativeWork\" ><div class='avia_textblock'   itemprop=\"text\" ><p>Tarjousprosessin nopeuttamiseksi tarjouspyynn\u00f6n ohessa olisi mahdollisuuksien mukaan hyv\u00e4 saada mm. seuraavia tietoja:<\/p>\n<ul>\n<li>asiakkaan yhteystiedot<\/li>\n<li>rakennuskohteen nimi ja osoite<\/li>\n<li>tarvittavien tuotteiden tyypit ja ulkomitat<\/li>\n<li>suunniteltu v\u00e4ri (karmin sis\u00e4- ja ulkov\u00e4ri voi olla erilainen)<\/li>\n<li>suunniteltu\/ toivottu U-arvo eli l\u00e4mm\u00f6eristystaso<\/li>\n<li>k\u00e4ytett\u00e4v\u00e4n lasielementin paksuus<\/li>\n<li>toimitusosoite<\/li>\n<li>toivottu toimitusaika<\/li>\n<\/ul>\n<p>Osana suunnitteluprosessia tulemme tarvittaessa k\u00e4ym\u00e4\u00e4n kohteen suunnittelupalaverissa tai ty\u00f6maalla asiakkaan kannalta parhaan mahdollisen lopputuloksen aikaansaamiseksi.<\/p>\n<\/div><\/section>\n<div class='avia-image-container  av-styling-     avia-align-center'  itemprop=\"ImageObject\" itemscope=\"itemscope\" itemtype=\"https:\/\/schema.org\/ImageObject\"  ><div class='avia-image-container-inner'><div class='avia-image-overlay-wrap'><img class='avia_image' src='https:\/\/nokianprofiilit.fi\/wp-content\/uploads\/2018\/10\/suunnitteluprosessi-1049x430.jpg' alt='' title='valmiit tuotteet3' height=\"430\"width=\"1049\"  itemprop=\"thumbnailUrl\"  \/><\/div><\/div><\/div><\/div>\r\n\r\n<div class=\"flex_column av_one_full  av-animated-generic right-to-left  flex_column_div av-zero-column-padding first\" style='border-radius:0px; '><div style='padding-bottom:10px; color:#40a8e4;' class='av-special-heading av-special-heading-h3 custom-color-heading'><h3 class='av-special-heading-tag'  itemprop=\"headline\"  >Valmiit profiilituotteet \/ komponentit<\/h3><div class='special-heading-border'><div class='special-heading-inner-border' style='border-color:#40a8e4'><\/div><\/div><\/div>\n<section class=\"av_textblock_section\"  itemscope=\"itemscope\" itemtype=\"https:\/\/schema.org\/CreativeWork\" ><div class='avia_textblock'   itemprop=\"text\" ><p>Voimme toimittaa valmiit profiilikomponentit asiakkaan suunnitelmien mukaisesti valmistettuna.<\/p>\n<p>Komponenttien ja profiilituotteiden suunnittelu tehd\u00e4\u00e4n sekin eritt\u00e4in tiiviiss\u00e4 yhteisty\u00f6ss\u00e4 asiakkaiden kanssa.<\/p>\n<p>Profiilikomponentit voidaan toimittaa hyvinkin pitk\u00e4lle jalostettuna.<\/p>\n<\/div><\/section><\/div>\r\n\r\n<div style='padding-bottom:10px; ' class='av-special-heading av-special-heading-h3'><h3 class='av-special-heading-tag'  itemprop=\"headline\"  >Ladattavat Tiedot<\/h3><div class='special-heading-border'><div class='special-heading-inner-border' ><\/div><\/div><\/div>\r\n\r\n<div class=\"flex_column av_one_full  av-animated-generic bottom-to-top  flex_column_div av-zero-column-padding first  pdf\" style='border-radius:0px; '><section class=\"av_textblock_section\"  itemscope=\"itemscope\" itemtype=\"https:\/\/schema.org\/CreativeWork\" ><div class='avia_textblock pdf'   itemprop=\"text\" ><p>ESITE<\/p>\n<\/div><\/section>\n<section class=\"av_textblock_section\"  itemscope=\"itemscope\" itemtype=\"https:\/\/schema.org\/CreativeWork\" ><div class='avia_textblock pdf-button'   itemprop=\"text\" >\n<div class='avia-button-wrap avia-button-center'><a href='http:\/\/nokianprofiilit.fi\/wp-content\/uploads\/2019\/04\/Nokian-Profiles-Letter.pdf'  class='avia-button   avia-icon_select-yes-left-icon avia-color-theme-color-highlight avia-size-large avia-position-center'  target=\"_blank\"   ><span class='avia_button_icon avia_button_icon_left' aria-hidden='true' data-av_icon='\ue82d' data-av_iconfont='entypo-fontello'><\/span><span class='avia_iconbox_title' >PDF<\/span><\/a><\/div>\n\n\n\n<\/div><\/section><\/div>","protected":false},"excerpt":{"rendered":"","protected":false},"author":1,"featured_media":0,"parent":0,"menu_order":0,"comment_status":"closed","ping_status":"closed","template":"","meta":{"footnotes":""},"yoast_head":"<!-- This site is optimized with the Yoast SEO plugin v22.1 - https:\/\/yoast.com\/wordpress\/plugins\/seo\/ -->\n<title>Valmiit Profiilituotteet | Nokian Profiilit Oy<\/title>\n<meta name=\"description\" content=\"Komponenttien ja profiilituotteiden suunnittelu tehd\u00e4\u00e4n sekin eritt\u00e4in tiiviiss\u00e4 yhteisty\u00f6ss\u00e4 asiakkaiden kanssa.\" \/>\n<meta name=\"robots\" content=\"index, follow, max-snippet:-1, max-image-preview:large, max-video-preview:-1\" \/>\n<link rel=\"canonical\" href=\"https:\/\/nokianprofiilit.fi\/en\/valmiit-profiilituotteet\/\" \/>\n<meta property=\"og:locale\" content=\"en_GB\" \/>\n<meta property=\"og:type\" content=\"article\" \/>\n<meta property=\"og:title\" content=\"Valmiit Profiilituotteet | Nokian Profiilit Oy\" \/>\n<meta property=\"og:description\" content=\"Komponenttien ja profiilituotteiden suunnittelu tehd\u00e4\u00e4n sekin eritt\u00e4in tiiviiss\u00e4 yhteisty\u00f6ss\u00e4 asiakkaiden kanssa.\" \/>\n<meta property=\"og:url\" content=\"https:\/\/nokianprofiilit.fi\/en\/valmiit-profiilituotteet\/\" \/>\n<meta property=\"og:site_name\" content=\"Nokian Profiilit Oy\" \/>\n<meta property=\"article:publisher\" content=\"https:\/\/www.facebook.com\/Nokian-Profiilit-Oy-131383804412730\/\" \/>\n<meta property=\"article:modified_time\" content=\"2019-04-30T18:40:08+00:00\" \/>\n<meta name=\"twitter:card\" content=\"summary_large_image\" \/>\n<meta name=\"twitter:label1\" content=\"Est. reading time\" \/>\n\t<meta name=\"twitter:data1\" content=\"9 minutes\" \/>\n<script type=\"application\/ld+json\" class=\"yoast-schema-graph\">{\"@context\":\"https:\/\/schema.org\",\"@graph\":[{\"@type\":\"WebPage\",\"@id\":\"https:\/\/nokianprofiilit.fi\/valmiit-profiilituotteet\/\",\"url\":\"https:\/\/nokianprofiilit.fi\/valmiit-profiilituotteet\/\",\"name\":\"Valmiit Profiilituotteet | Nokian Profiilit Oy\",\"isPartOf\":{\"@id\":\"https:\/\/nokianprofiilit.fi\/#website\"},\"datePublished\":\"2018-10-04T18:12:44+00:00\",\"dateModified\":\"2019-04-30T18:40:08+00:00\",\"description\":\"Komponenttien ja profiilituotteiden suunnittelu tehd\u00e4\u00e4n sekin eritt\u00e4in tiiviiss\u00e4 yhteisty\u00f6ss\u00e4 asiakkaiden kanssa.\",\"breadcrumb\":{\"@id\":\"https:\/\/nokianprofiilit.fi\/valmiit-profiilituotteet\/#breadcrumb\"},\"inLanguage\":\"en-GB\",\"potentialAction\":[{\"@type\":\"ReadAction\",\"target\":[\"https:\/\/nokianprofiilit.fi\/valmiit-profiilituotteet\/\"]}]},{\"@type\":\"BreadcrumbList\",\"@id\":\"https:\/\/nokianprofiilit.fi\/valmiit-profiilituotteet\/#breadcrumb\",\"itemListElement\":[{\"@type\":\"ListItem\",\"position\":1,\"name\":\"Home\",\"item\":\"https:\/\/nokianprofiilit.fi\/\"},{\"@type\":\"ListItem\",\"position\":2,\"name\":\"Valmiit Tuotteet\"}]},{\"@type\":\"WebSite\",\"@id\":\"https:\/\/nokianprofiilit.fi\/#website\",\"url\":\"https:\/\/nokianprofiilit.fi\/\",\"name\":\"Nokian Profiilit Oy\",\"description\":\"Julkisivut ja alumiiniprofiilit teollisuuden eri tarpeisiin\",\"potentialAction\":[{\"@type\":\"SearchAction\",\"target\":{\"@type\":\"EntryPoint\",\"urlTemplate\":\"https:\/\/nokianprofiilit.fi\/?s={search_term_string}\"},\"query-input\":\"required name=search_term_string\"}],\"inLanguage\":\"en-GB\"}]}<\/script>\n<!-- \/ Yoast SEO plugin. -->","yoast_head_json":{"title":"Valmiit Profiilituotteet | Nokian Profiilit Oy","description":"Komponenttien ja profiilituotteiden suunnittelu tehd\u00e4\u00e4n sekin eritt\u00e4in tiiviiss\u00e4 yhteisty\u00f6ss\u00e4 asiakkaiden kanssa.","robots":{"index":"index","follow":"follow","max-snippet":"max-snippet:-1","max-image-preview":"max-image-preview:large","max-video-preview":"max-video-preview:-1"},"canonical":"https:\/\/nokianprofiilit.fi\/en\/valmiit-profiilituotteet\/","og_locale":"en_GB","og_type":"article","og_title":"Valmiit Profiilituotteet | Nokian Profiilit Oy","og_description":"Komponenttien ja profiilituotteiden suunnittelu tehd\u00e4\u00e4n sekin eritt\u00e4in tiiviiss\u00e4 yhteisty\u00f6ss\u00e4 asiakkaiden kanssa.","og_url":"https:\/\/nokianprofiilit.fi\/en\/valmiit-profiilituotteet\/","og_site_name":"Nokian Profiilit Oy","article_publisher":"https:\/\/www.facebook.com\/Nokian-Profiilit-Oy-131383804412730\/","article_modified_time":"2019-04-30T18:40:08+00:00","twitter_card":"summary_large_image","twitter_misc":{"Est. reading time":"9 minutes"},"schema":{"@context":"https:\/\/schema.org","@graph":[{"@type":"WebPage","@id":"https:\/\/nokianprofiilit.fi\/valmiit-profiilituotteet\/","url":"https:\/\/nokianprofiilit.fi\/valmiit-profiilituotteet\/","name":"Valmiit Profiilituotteet | Nokian Profiilit Oy","isPartOf":{"@id":"https:\/\/nokianprofiilit.fi\/#website"},"datePublished":"2018-10-04T18:12:44+00:00","dateModified":"2019-04-30T18:40:08+00:00","description":"Komponenttien ja profiilituotteiden suunnittelu tehd\u00e4\u00e4n sekin eritt\u00e4in tiiviiss\u00e4 yhteisty\u00f6ss\u00e4 asiakkaiden kanssa.","breadcrumb":{"@id":"https:\/\/nokianprofiilit.fi\/valmiit-profiilituotteet\/#breadcrumb"},"inLanguage":"en-GB","potentialAction":[{"@type":"ReadAction","target":["https:\/\/nokianprofiilit.fi\/valmiit-profiilituotteet\/"]}]},{"@type":"BreadcrumbList","@id":"https:\/\/nokianprofiilit.fi\/valmiit-profiilituotteet\/#breadcrumb","itemListElement":[{"@type":"ListItem","position":1,"name":"Home","item":"https:\/\/nokianprofiilit.fi\/"},{"@type":"ListItem","position":2,"name":"Valmiit Tuotteet"}]},{"@type":"WebSite","@id":"https:\/\/nokianprofiilit.fi\/#website","url":"https:\/\/nokianprofiilit.fi\/","name":"Nokian Profiilit Oy","description":"Julkisivut ja alumiiniprofiilit teollisuuden eri tarpeisiin","potentialAction":[{"@type":"SearchAction","target":{"@type":"EntryPoint","urlTemplate":"https:\/\/nokianprofiilit.fi\/?s={search_term_string}"},"query-input":"required name=search_term_string"}],"inLanguage":"en-GB"}]}},"_links":{"self":[{"href":"https:\/\/nokianprofiilit.fi\/en\/wp-json\/wp\/v2\/pages\/2431"}],"collection":[{"href":"https:\/\/nokianprofiilit.fi\/en\/wp-json\/wp\/v2\/pages"}],"about":[{"href":"https:\/\/nokianprofiilit.fi\/en\/wp-json\/wp\/v2\/types\/page"}],"author":[{"embeddable":true,"href":"https:\/\/nokianprofiilit.fi\/en\/wp-json\/wp\/v2\/users\/1"}],"replies":[{"embeddable":true,"href":"https:\/\/nokianprofiilit.fi\/en\/wp-json\/wp\/v2\/comments?post=2431"}],"version-history":[{"count":44,"href":"https:\/\/nokianprofiilit.fi\/en\/wp-json\/wp\/v2\/pages\/2431\/revisions"}],"predecessor-version":[{"id":5276,"href":"https:\/\/nokianprofiilit.fi\/en\/wp-json\/wp\/v2\/pages\/2431\/revisions\/5276"}],"wp:attachment":[{"href":"https:\/\/nokianprofiilit.fi\/en\/wp-json\/wp\/v2\/media?parent=2431"}],"curies":[{"name":"wp","href":"https:\/\/api.w.org\/{rel}","templated":true}]}}