{"id":2054,"date":"2018-08-05T07:48:52","date_gmt":"2018-08-05T07:48:52","guid":{"rendered":"http:\/\/nokianprofiilit.fi\/?page_id=2054"},"modified":"2019-04-30T18:08:21","modified_gmt":"2019-04-30T18:08:21","slug":"historia","status":"publish","type":"page","link":"https:\/\/nokianprofiilit.fi\/en\/historia\/","title":{"rendered":"History"},"content":{"rendered":"<\/div><\/div><\/div><!-- close content main div --><\/div><\/div><div id='full_slider_1' class='avia-fullwidth-slider main_color avia-shadow    container_wrap fullsize'   ><div  data-size='featured'  data-lightbox_size='large'  data-animation='slide'  data-conditional_play=''  data-ids='1291'  data-video_counter='0'  data-autoplay='false'  data-bg_slider='false'  data-slide_height=''  data-handle='av_slideshow_full'  data-interval='5'  data-class=' '  data-css_id=''  data-scroll_down=''  data-control_layout='av-control-default'  data-custom_markup=''  data-perma_caption=''  data-autoplay_stopper=''  data-image_attachment=''  data-min_height='0px'  data-src=''  data-position='top left'  data-repeat='no-repeat'  data-attach='scroll'  data-stretch=''  data-default-height='28.666666666667'  class='avia-slideshow avia-slideshow-1  av-control-default av-default-height-applied avia-slideshow-featured av_slideshow_full   avia-slide-slider'  itemprop=\"ImageObject\" itemscope=\"itemscope\" itemtype=\"https:\/\/schema.org\/ImageObject\" ><ul class='avia-slideshow-inner' style='padding-bottom: 28.666666666667%;' ><li  class='av-single-slide slide-1' ><div data-rel='slideshow-1' class='avia-slide-wrap'   ><div class = \"caption_fullwidth av-slideshow-caption caption_bottom\"><div class = \"container caption_container\"><div class = \"slideshow_caption\"><div class = \"slideshow_inner_caption\"><div class = \"slideshow_align_caption\"><h2  class='avia-caption-title'  itemprop=\"name\" >History<\/h2><\/div><\/div><\/div><\/div><\/div><img src='https:\/\/nokianprofiilit.fi\/wp-content\/uploads\/2018\/06\/high-rise-1565857_1920-1500x430.jpg' width='1500' height='430' title='Julkisivu' alt=''  itemprop=\"thumbnailUrl\"   \/><\/div><\/li><\/ul><\/div><\/div>\r\n\r\n<div class=\"flex_column av_one_full  flex_column_div av-zero-column-padding first\" style='border-radius:0px; '><div style='padding-bottom:10px; color:#44aae4;' class='av-special-heading av-special-heading-h3 custom-color-heading'><h3 class='av-special-heading-tag'  itemprop=\"headline\"  >Our history dating back up to 50 years<\/h3><div class='special-heading-border'><div class='special-heading-inner-border' style='border-color:#44aae4'><\/div><\/div><\/div>\n<section class=\"av_textblock_section\"  itemscope=\"itemscope\" itemtype=\"https:\/\/schema.org\/CreativeWork\" ><div class='avia_textblock'   itemprop=\"text\" ><p>Historiamme j\u00e4rjestelm\u00e4toimittajana. N\u00e4in kaikki\u00a0alkoi.<\/p>\n<\/div><\/section>\n<div id='avia-timeline-69d43a6127c4c' class='avia-timeline-container' ><ul class='avia-timeline avia-timeline-vertical av-milestone-placement-left avia-timeline-boxshadow avia_animate_when_almost_visible'>\n<li class='av-milestone av-animated-generic fade-in av-milestone-odd  av-milestone-valign-middle'><h2 class='av-milestone-date'  id='milestone-2010'><strong>2010<span class='av-milestone-indicator'style='background-color:#27343c; '><\/span><\/strong><\/h2><div class=\"av-milestone-icon-wrap\"><span class='milestone_icon milestone-icon-hasborder avia-font-entypo-fontello' style='background-color:#ffffff; '><span class='milestone_inner' style='background-color:#27343c; '><i class='milestone-char' aria-hidden='true' data-av_icon='\ue810' data-av_iconfont='entypo-fontello'><\/i><\/span><\/span><\/div><article class='av-milestone-content-wrap'><div class='av-milestone-contentbox' ><div class='av-milestone-content' ><p>Rakennusj\u00e4rjstelm\u00e4t liiketoiminta yhti\u00f6itet\u00e4\u00e4n Nokian Profiilit Oy:ksi.<\/p>\n<\/div><\/div><footer style='background-color:#27343c; ' class='entry-footer'><\/footer><\/article><\/li>\n<li class='av-milestone av-animated-generic fade-in av-milestone-even  av-milestone-valign-baseline'><h2 class='av-milestone-date'  id='milestone-1997'><strong>1997<span class='av-milestone-indicator'style='background-color:#44aae4; '><\/span><\/strong><\/h2><div class=\"av-milestone-icon-wrap\"><span class='milestone_icon milestone-icon-hasborder avia-font-entypo-fontello' style='background-color:#ffffff; '><span class='milestone_inner' style='background-color:#44aae4; '><i class='milestone-char' aria-hidden='true' data-av_icon='\ue810' data-av_iconfont='entypo-fontello'><\/i><\/span><\/span><\/div><article class='av-milestone-content-wrap'><div class='av-milestone-contentbox' ><div class='av-milestone-content' ><p>Nordic Aluminium Oy listautuu Helsingin P\u00f6rssiin.<\/p>\n<\/div><\/div><footer style='background-color:#44aae4; ' class='entry-footer'><\/footer><\/article><\/li>\n<li class='av-milestone av-animated-generic fade-in av-milestone-odd  av-milestone-valign-baseline'><h2 class='av-milestone-date'  id='milestone-1996'><strong>1996<span class='av-milestone-indicator'style='background-color:#27343c; '><\/span><\/strong><\/h2><div class=\"av-milestone-icon-wrap\"><span class='milestone_icon milestone-icon-hasborder avia-font-entypo-fontello' style='background-color:#ffffff; '><span class='milestone_inner' style='background-color:#27343c; '><i class='milestone-char' aria-hidden='true' data-av_icon='\ue810' data-av_iconfont='entypo-fontello'><\/i><\/span><\/span><\/div><article class='av-milestone-content-wrap'><div class='av-milestone-contentbox' ><div class='av-milestone-content' ><p>Yhti\u00f6n nimi muuttuu Nordic Aluminium Oy:ksi.<\/p>\n<\/div><\/div><footer style='background-color:#27343c; ' class='entry-footer'><\/footer><\/article><\/li>\n<li class='av-milestone av-animated-generic fade-in av-milestone-even  av-milestone-valign-baseline'><h2 class='av-milestone-date'  id='milestone-1990'><strong>1990<span class='av-milestone-indicator'style='background-color:#44aae4; '><\/span><\/strong><\/h2><div class=\"av-milestone-icon-wrap\"><span class='milestone_icon milestone-icon-hasborder avia-font-entypo-fontello' style='background-color:#ffffff; '><span class='milestone_inner' style='background-color:#44aae4; '><i class='milestone-char' aria-hidden='true' data-av_icon='\ue810' data-av_iconfont='entypo-fontello'><\/i><\/span><\/span><\/div><article class='av-milestone-content-wrap'><div class='av-milestone-contentbox' ><div class='av-milestone-content' ><p>Alumiiniprofiili liiketoiminta yhti\u00f6itet\u00e4\u00e4n Nokia Alumiini Oy:ksi.<\/p>\n<\/div><\/div><footer style='background-color:#44aae4; ' class='entry-footer'><\/footer><\/article><\/li>\n<li class='av-milestone av-animated-generic fade-in av-milestone-odd  av-milestone-valign-baseline'><h2 class='av-milestone-date'  id='milestone-1969'><strong>1969<span class='av-milestone-indicator'style='background-color:#27343c; '><\/span><\/strong><\/h2><div class=\"av-milestone-icon-wrap\"><span class='milestone_icon milestone-icon-hasborder avia-font-entypo-fontello' style='background-color:#ffffff; '><span class='milestone_inner' style='background-color:#27343c; '><i class='milestone-char' aria-hidden='true' data-av_icon='\ue810' data-av_iconfont='entypo-fontello'><\/i><\/span><\/span><\/div><article class='av-milestone-content-wrap'><div class='av-milestone-contentbox' ><div class='av-milestone-content' ><p>T\u00e4ydellisten rakennusj\u00e4rjestelmien toimitukset aloitetaan. Nokian Profiilit -rakennusj\u00e4rjestelm\u00e4 on markkinoiden ensimm\u00e4inen t\u00e4ysin suomalainen alumiininen rakennusj\u00e4rjestelm\u00e4<\/p>\n<\/div><\/div><footer style='background-color:#27343c; ' class='entry-footer'><\/footer><\/article><\/li>\n<li class='av-milestone av-animated-generic fade-in av-milestone-even  av-milestone-valign-baseline'><h2 class='av-milestone-date'  id='milestone-1966'><strong>1966<span class='av-milestone-indicator'style='background-color:#44aae4; '><\/span><\/strong><\/h2><div class=\"av-milestone-icon-wrap\"><span class='milestone_icon milestone-icon-hasborder avia-font-entypo-fontello' style='background-color:#ffffff; '><span class='milestone_inner' style='background-color:#44aae4; '><i class='milestone-char' aria-hidden='true' data-av_icon='\ue810' data-av_iconfont='entypo-fontello'><\/i><\/span><\/span><\/div><article class='av-milestone-content-wrap'><div class='av-milestone-contentbox' ><div class='av-milestone-content' ><p>Suomen Kaapelitehdas Oy ja Suomen Kumitehdas Oy fuusioidaan mets\u00e4teollisuusyhti\u00f6 Nokia Oy:\u00f6\u00f6n. Oy Nokia Ab syntyy (31.12.1966).<\/p>\n<\/div><\/div><footer style='background-color:#44aae4; ' class='entry-footer'><\/footer><\/article><\/li>\n<li class='av-milestone av-animated-generic fade-in av-milestone-odd  av-milestone-valign-baseline'><h2 class='av-milestone-date'  id='milestone-1962'><strong>1962<span class='av-milestone-indicator'style='background-color:#27343c; '><\/span><\/strong><\/h2><div class=\"av-milestone-icon-wrap\"><span class='milestone_icon milestone-icon-hasborder avia-font-entypo-fontello' style='background-color:#ffffff; '><span class='milestone_inner' style='background-color:#27343c; '><i class='milestone-char' aria-hidden='true' data-av_icon='\ue810' data-av_iconfont='entypo-fontello'><\/i><\/span><\/span><\/div><article class='av-milestone-content-wrap'><div class='av-milestone-contentbox' ><div class='av-milestone-content' ><p>Alumiiniprofiilien ja -tuotteiden valmistus k\u00e4ynnistyy Suomen Kaapelitehtaan Helsingin tehtaalla. Ensimm\u00e4iset t\u00e4ysin suomalaiset alumiiniprofiilit valmistetaan.<\/p>\n<\/div><\/div><footer style='background-color:#27343c; ' class='entry-footer'><\/footer><\/article><\/li>\n<\/ul><\/div><\/div>","protected":false},"excerpt":{"rendered":"","protected":false},"author":1,"featured_media":0,"parent":0,"menu_order":0,"comment_status":"closed","ping_status":"closed","template":"","meta":{"footnotes":""},"yoast_head":"<!-- This site is optimized with the Yoast SEO plugin v22.1 - https:\/\/yoast.com\/wordpress\/plugins\/seo\/ -->\n<title>Historia | Nokian Profiilit Oy | Julkisivut ja alumiiniprofiilit eri tarpeisiin<\/title>\n<meta name=\"description\" content=\"Historiamme j\u00e4rjestelm\u00e4toimittajana. N\u00e4in kaikki\u00a0alkoi.\" \/>\n<meta name=\"robots\" content=\"index, follow, max-snippet:-1, max-image-preview:large, max-video-preview:-1\" \/>\n<link rel=\"canonical\" href=\"https:\/\/nokianprofiilit.fi\/en\/historia\/\" \/>\n<meta property=\"og:locale\" content=\"en_GB\" \/>\n<meta property=\"og:type\" content=\"article\" \/>\n<meta property=\"og:title\" content=\"Historia | Nokian Profiilit Oy | Julkisivut ja alumiiniprofiilit eri tarpeisiin\" \/>\n<meta property=\"og:description\" content=\"Historiamme j\u00e4rjestelm\u00e4toimittajana. N\u00e4in kaikki\u00a0alkoi.\" \/>\n<meta property=\"og:url\" content=\"https:\/\/nokianprofiilit.fi\/en\/historia\/\" \/>\n<meta property=\"og:site_name\" content=\"Nokian Profiilit Oy\" \/>\n<meta property=\"article:publisher\" content=\"https:\/\/www.facebook.com\/Nokian-Profiilit-Oy-131383804412730\/\" \/>\n<meta property=\"article:modified_time\" content=\"2019-04-30T18:08:21+00:00\" \/>\n<meta name=\"twitter:card\" content=\"summary_large_image\" \/>\n<meta name=\"twitter:label1\" content=\"Est. reading time\" \/>\n\t<meta name=\"twitter:data1\" content=\"5 minutes\" \/>\n<script type=\"application\/ld+json\" class=\"yoast-schema-graph\">{\"@context\":\"https:\/\/schema.org\",\"@graph\":[{\"@type\":\"WebPage\",\"@id\":\"https:\/\/nokianprofiilit.fi\/sv\/historia\/\",\"url\":\"https:\/\/nokianprofiilit.fi\/sv\/historia\/\",\"name\":\"Historia | Nokian Profiilit Oy | Julkisivut ja alumiiniprofiilit eri tarpeisiin\",\"isPartOf\":{\"@id\":\"https:\/\/nokianprofiilit.fi\/#website\"},\"datePublished\":\"2018-08-05T07:48:52+00:00\",\"dateModified\":\"2019-04-30T18:08:21+00:00\",\"description\":\"Historiamme j\u00e4rjestelm\u00e4toimittajana. N\u00e4in kaikki\u00a0alkoi.\",\"breadcrumb\":{\"@id\":\"https:\/\/nokianprofiilit.fi\/sv\/historia\/#breadcrumb\"},\"inLanguage\":\"en-GB\",\"potentialAction\":[{\"@type\":\"ReadAction\",\"target\":[\"https:\/\/nokianprofiilit.fi\/sv\/historia\/\"]}]},{\"@type\":\"BreadcrumbList\",\"@id\":\"https:\/\/nokianprofiilit.fi\/sv\/historia\/#breadcrumb\",\"itemListElement\":[{\"@type\":\"ListItem\",\"position\":1,\"name\":\"Home\",\"item\":\"https:\/\/nokianprofiilit.fi\/\"},{\"@type\":\"ListItem\",\"position\":2,\"name\":\"Historia\"}]},{\"@type\":\"WebSite\",\"@id\":\"https:\/\/nokianprofiilit.fi\/#website\",\"url\":\"https:\/\/nokianprofiilit.fi\/\",\"name\":\"Nokian Profiilit Oy\",\"description\":\"Julkisivut ja alumiiniprofiilit teollisuuden eri tarpeisiin\",\"potentialAction\":[{\"@type\":\"SearchAction\",\"target\":{\"@type\":\"EntryPoint\",\"urlTemplate\":\"https:\/\/nokianprofiilit.fi\/?s={search_term_string}\"},\"query-input\":\"required name=search_term_string\"}],\"inLanguage\":\"en-GB\"}]}<\/script>\n<!-- \/ Yoast SEO plugin. -->","yoast_head_json":{"title":"Historia | Nokian Profiilit Oy | Julkisivut ja alumiiniprofiilit eri tarpeisiin","description":"Historiamme j\u00e4rjestelm\u00e4toimittajana. N\u00e4in kaikki\u00a0alkoi.","robots":{"index":"index","follow":"follow","max-snippet":"max-snippet:-1","max-image-preview":"max-image-preview:large","max-video-preview":"max-video-preview:-1"},"canonical":"https:\/\/nokianprofiilit.fi\/en\/historia\/","og_locale":"en_GB","og_type":"article","og_title":"Historia | Nokian Profiilit Oy | Julkisivut ja alumiiniprofiilit eri tarpeisiin","og_description":"Historiamme j\u00e4rjestelm\u00e4toimittajana. N\u00e4in kaikki\u00a0alkoi.","og_url":"https:\/\/nokianprofiilit.fi\/en\/historia\/","og_site_name":"Nokian Profiilit Oy","article_publisher":"https:\/\/www.facebook.com\/Nokian-Profiilit-Oy-131383804412730\/","article_modified_time":"2019-04-30T18:08:21+00:00","twitter_card":"summary_large_image","twitter_misc":{"Est. reading time":"5 minutes"},"schema":{"@context":"https:\/\/schema.org","@graph":[{"@type":"WebPage","@id":"https:\/\/nokianprofiilit.fi\/sv\/historia\/","url":"https:\/\/nokianprofiilit.fi\/sv\/historia\/","name":"Historia | Nokian Profiilit Oy | Julkisivut ja alumiiniprofiilit eri tarpeisiin","isPartOf":{"@id":"https:\/\/nokianprofiilit.fi\/#website"},"datePublished":"2018-08-05T07:48:52+00:00","dateModified":"2019-04-30T18:08:21+00:00","description":"Historiamme j\u00e4rjestelm\u00e4toimittajana. N\u00e4in kaikki\u00a0alkoi.","breadcrumb":{"@id":"https:\/\/nokianprofiilit.fi\/sv\/historia\/#breadcrumb"},"inLanguage":"en-GB","potentialAction":[{"@type":"ReadAction","target":["https:\/\/nokianprofiilit.fi\/sv\/historia\/"]}]},{"@type":"BreadcrumbList","@id":"https:\/\/nokianprofiilit.fi\/sv\/historia\/#breadcrumb","itemListElement":[{"@type":"ListItem","position":1,"name":"Home","item":"https:\/\/nokianprofiilit.fi\/"},{"@type":"ListItem","position":2,"name":"Historia"}]},{"@type":"WebSite","@id":"https:\/\/nokianprofiilit.fi\/#website","url":"https:\/\/nokianprofiilit.fi\/","name":"Nokian Profiilit Oy","description":"Julkisivut ja alumiiniprofiilit teollisuuden eri tarpeisiin","potentialAction":[{"@type":"SearchAction","target":{"@type":"EntryPoint","urlTemplate":"https:\/\/nokianprofiilit.fi\/?s={search_term_string}"},"query-input":"required name=search_term_string"}],"inLanguage":"en-GB"}]}},"_links":{"self":[{"href":"https:\/\/nokianprofiilit.fi\/en\/wp-json\/wp\/v2\/pages\/2054"}],"collection":[{"href":"https:\/\/nokianprofiilit.fi\/en\/wp-json\/wp\/v2\/pages"}],"about":[{"href":"https:\/\/nokianprofiilit.fi\/en\/wp-json\/wp\/v2\/types\/page"}],"author":[{"embeddable":true,"href":"https:\/\/nokianprofiilit.fi\/en\/wp-json\/wp\/v2\/users\/1"}],"replies":[{"embeddable":true,"href":"https:\/\/nokianprofiilit.fi\/en\/wp-json\/wp\/v2\/comments?post=2054"}],"version-history":[{"count":47,"href":"https:\/\/nokianprofiilit.fi\/en\/wp-json\/wp\/v2\/pages\/2054\/revisions"}],"predecessor-version":[{"id":5338,"href":"https:\/\/nokianprofiilit.fi\/en\/wp-json\/wp\/v2\/pages\/2054\/revisions\/5338"}],"wp:attachment":[{"href":"https:\/\/nokianprofiilit.fi\/en\/wp-json\/wp\/v2\/media?parent=2054"}],"curies":[{"name":"wp","href":"https:\/\/api.w.org\/{rel}","templated":true}]}}