{"id":1646,"date":"2018-07-26T11:54:28","date_gmt":"2018-07-26T11:54:28","guid":{"rendered":"http:\/\/nokianprofiilit.fi\/?page_id=1646"},"modified":"2022-03-02T12:47:23","modified_gmt":"2022-03-02T12:47:23","slug":"nokian-profillit-oy","status":"publish","type":"page","link":"https:\/\/nokianprofiilit.fi\/en\/nokian-profillit-oy\/","title":{"rendered":"Nokian Profiles Oy"},"content":{"rendered":"<\/div><\/div><\/div><!-- close content main div --><\/div><\/div><div id='full_slider_1' class='avia-fullwidth-slider main_color avia-shadow    container_wrap fullsize'   ><div  data-size='featured'  data-lightbox_size='large'  data-animation='slide'  data-conditional_play=''  data-ids='1282'  data-video_counter='0'  data-autoplay='false'  data-bg_slider='false'  data-slide_height=''  data-handle='av_slideshow_full'  data-interval='5'  data-class=' '  data-css_id=''  data-scroll_down=''  data-control_layout='av-control-default'  data-custom_markup=''  data-perma_caption=''  data-autoplay_stopper=''  data-image_attachment=''  data-min_height='0px'  data-src=''  data-position='top left'  data-repeat='no-repeat'  data-attach='scroll'  data-stretch=''  data-default-height='28.666666666667'  class='avia-slideshow avia-slideshow-1  av-control-default av-default-height-applied avia-slideshow-featured av_slideshow_full   avia-slide-slider'  itemprop=\"ImageObject\" itemscope=\"itemscope\" itemtype=\"https:\/\/schema.org\/ImageObject\" ><ul class='avia-slideshow-inner' style='padding-bottom: 28.666666666667%;' ><li  class='av-single-slide slide-1' ><div data-rel='slideshow-1' class='avia-slide-wrap'   ><div class = \"caption_fullwidth av-slideshow-caption caption_bottom\"><div class = \"container caption_container\"><div class = \"slideshow_caption\"><div class = \"slideshow_inner_caption\"><div class = \"slideshow_align_caption\"><h2  class='avia-caption-title'  itemprop=\"name\" >Nokian Profiles Oy<\/h2><\/div><\/div><\/div><\/div><\/div><img src='https:\/\/nokianprofiilit.fi\/wp-content\/uploads\/2018\/06\/buildings-984195_1920-1500x430.jpg' width='1500' height='430' title='Julkisivu' alt=''  itemprop=\"thumbnailUrl\"   \/><\/div><\/li><\/ul><\/div><\/div>\r\n\r\n<div class=\"flex_column av_one_full  flex_column_div av-zero-column-padding first\" style='border-radius:0px; '><div style='padding-bottom:30px; color:#44aae4;' class='av-special-heading av-special-heading-h3 custom-color-heading'><h3 class='av-special-heading-tag'  itemprop=\"headline\"  >About Us<\/h3><div class='special-heading-border'><div class='special-heading-inner-border' style='border-color:#44aae4'><\/div><\/div><\/div>\n<section class=\"av_textblock_section\"  itemscope=\"itemscope\" itemtype=\"https:\/\/schema.org\/CreativeWork\" ><div class='avia_textblock'   itemprop=\"text\" ><p>Nokian Profiilit Oy on Lohjalla toimiva yhti\u00f6, joka myy, markkinoi, suunnittelee ja toimittaa alumiiniprofiileista valmistettuja ratkaisuja rakennus- ja muun teollisuuden eri tarpeisiin. Lis\u00e4ksi valikoimiimme kuuluu rakennusj\u00e4rjestelmiin liittyv\u00e4t materiaalit ja komponentit. Toimitamme my\u00f6s asiakkaan omilla spekseill\u00e4 suunniteltuja tuotteita.<\/p>\n<p>Keskusvarastomme sijaitsee osoitteessa Per\u00e4simentie 3, 03100 Nummela.<\/p>\n<\/div><\/section>\n<div class='avia-image-container  av-styling-     avia-align-left'  itemprop=\"ImageObject\" itemscope=\"itemscope\" itemtype=\"https:\/\/schema.org\/ImageObject\"  ><div class='avia-image-container-inner'><div class='avia-image-overlay-wrap'><img class='avia_image' src='https:\/\/nokianprofiilit.fi\/wp-content\/uploads\/2018\/10\/nokianprofiilitkuva.png' alt='nokianprofiilit' title='nokianprofiilit' height=\"477\"width=\"1494\"  itemprop=\"thumbnailUrl\"  \/><\/div><\/div><\/div><\/div><div class=\"flex_column av_one_half  av-animated-generic bottom-to-top  flex_column_div first\" style='padding:30px 0px 0px 0px ; border-radius:0px; '><div style='padding-bottom:20px; color:#44aae4;' class='av-special-heading av-special-heading-h3 custom-color-heading blockquote modern-quote'><h3 class='av-special-heading-tag'  itemprop=\"headline\"  >Briefly<\/h3><div class='special-heading-border'><div class='special-heading-inner-border' style='border-color:#44aae4'><\/div><\/div><\/div>\n<section class=\"av_textblock_section\"  itemscope=\"itemscope\" itemtype=\"https:\/\/schema.org\/CreativeWork\" ><div class='avia_textblock'   itemprop=\"text\" ><p>Harjoitamme alumiiniprofiilien tukku- ja v\u00e4hitt\u00e4iskauppaa. Olemme j\u00e4rjestelm\u00e4toimittaja niin ovi-, -ikkuna kuin julkisivuj\u00e4rjestelmillekin. Valikoimiimme kuuluu lis\u00e4ksi profiileja valokattoihin, sis\u00e4- ja ulkoliukuoviin, kaiteisiin sek\u00e4 luodinkest\u00e4viin ikkunarakenteisiin. Nokian Profiilit Oy:n alumiiniset rakennusj\u00e4rjestelm\u00e4t on suunniteltu vaativiin olosuhteihin sopiviksi jatkuvaan tuotekehitykseen ja laajaan kokemukseen perustuen. Ne ovat teknisesti erinomaisia ja laadultaan korkealuokkaisia.<\/p>\n<\/div><\/section><\/div>\r\n\r\n<div class=\"flex_column av_one_half  av-animated-generic bottom-to-top  flex_column_div\" style='padding:30px 0px 0px 0px ; border-radius:0px; '><div style='padding-bottom:20px; color:#44aae4;' class='av-special-heading av-special-heading-h3 custom-color-heading blockquote modern-quote'><h3 class='av-special-heading-tag'  itemprop=\"headline\"  >Our background<\/h3><div class='special-heading-border'><div class='special-heading-inner-border' style='border-color:#44aae4'><\/div><\/div><\/div>\n<section class=\"av_textblock_section\"  itemscope=\"itemscope\" itemtype=\"https:\/\/schema.org\/CreativeWork\" ><div class='avia_textblock'   itemprop=\"text\" ><p>Nokian Profiilit Oy jatkaa alumiinisten rakennusj\u00e4rjestelmien kehitys- ja myyntity\u00f6t\u00e4, joka on aloitettu Nokia Oy:ss\u00e4 jo yli 50 vuotta sitten.<\/p>\n<\/div><\/section><\/div>\r\n\r\n<div class='flex_column_table av-equal-height-column-flextable -flextable' ><div class=\"flex_column av_three_fifth  flex_column_table_cell av-equal-height-column av-align-middle av-zero-column-padding first\" style='border-radius:0px; '><section class=\"av_textblock_section\"  itemscope=\"itemscope\" itemtype=\"https:\/\/schema.org\/CreativeWork\" ><div class='avia_textblock'   itemprop=\"text\" ><p>Asiakasl\u00e4ht\u00f6isyys ja huippulaatuun t\u00e4ht\u00e4\u00e4minen niin tuotteissa kuin toiminnassakin ovat Nokian Profiilit Oy:n keskeiset periaatteet. Noudatamme toiminnassamme ISO 9001 -laadunhallintaj\u00e4rjestelm\u00e4n sek\u00e4 ISO 14001 -ymp\u00e4rist\u00f6j\u00e4rjestelm\u00e4n periaatteita.<\/p>\n<p>Nokian Profiilien ymp\u00e4rist\u00f6j\u00e4rjestelm\u00e4n tavoitteena on tuottaa mahdollisimman v\u00e4h\u00e4n j\u00e4tett\u00e4 ja kierr\u00e4tt\u00e4\u00e4 kest\u00e4v\u00e4n kehityksen periaatteella k\u00e4ytett\u00e4v\u00e4t materiaalit mahdollisimman pitk\u00e4\u00e4n. Itse alumiini onkin eritt\u00e4in hyvin kierr\u00e4tykseen sopiva materiaali. Nokian Profiilit Oy:n pakkauksissa k\u00f6ytett\u00e4v\u00e4t materiaalit valitaan kierr\u00e4tyksen kannalta mahdollisimman ymp\u00e4rist\u00f6my\u00f6nteiseksi. Nokian Profiilit Oy:n hallikiinteist\u00f6 l\u00e4mmitet\u00e4\u00e4n bioenergialla, joten hiilijalanj\u00e4lki yhti\u00f6n toiminnasta on mahdollisimman pieni.<\/p>\n<\/div><\/section><\/div><\/div><!--close column table wrapper. Autoclose: 1 -->\r\n\r\n<div class='flex_column_table av-equal-height-column-flextable -flextable' ><div class='av-flex-placeholder'><\/div><div class=\"flex_column av_two_fifth  flex_column_table_cell av-equal-height-column av-align-middle av-zero-column-padding\" style='border-radius:0px; '><div class='avia-image-container  av-styling-     avia-align-center'  itemprop=\"ImageObject\" itemscope=\"itemscope\" itemtype=\"https:\/\/schema.org\/ImageObject\"  ><div class='avia-image-container-inner'><div class='avia-image-overlay-wrap'><img class='avia_image' src='https:\/\/nokianprofiilit.fi\/wp-content\/uploads\/2018\/10\/nokianprofiilitrecycle.png' alt='' title='nokianprofiilitrecycle' height=\"225\"width=\"225\"  itemprop=\"thumbnailUrl\"  \/><\/div><\/div><\/div><\/div><\/div><!--close column table wrapper. Autoclose: 1 -->\r\n\r\n<div class='flex_column_table av-equal-height-column-flextable -flextable' ><div class=\"flex_column av_one_full  flex_column_table_cell av-equal-height-column av-align-middle av-zero-column-padding first\" style='border-radius:0px; '><section class=\"av_textblock_section\"  itemscope=\"itemscope\" itemtype=\"https:\/\/schema.org\/CreativeWork\" ><div class='avia_textblock'   itemprop=\"text\" ><p>Nokian Profiilit Oy jatkaa 60-luvulla perustetun Nokia Oy:n rakennusj\u00e4rjestelm\u00e4yksik\u00f6n toimintaa. T\u00e4m\u00e4 60-luvulla perustettu yksikk\u00f6 kehitti ensimm\u00e4isen\u00e4 Suomessa t\u00e4ysin kotimaisen alumiinisen rakennusj\u00e4rjestelm\u00e4n. \u00a0Toimintamme on ollut vastuullista vuosikymmenien ajan ja pyrimme tulevaisuudessa kehittym\u00e4\u00e4n entist\u00e4kin ymp\u00e4rist\u00f6my\u00f6nteisemm\u00e4ksi ja laatutietoisemmaksi yhti\u00f6ksi.<\/p>\n<\/div><\/section><\/div><\/div><!--close column table wrapper. Autoclose: 1 -->\r\n\r\n<div class='avia-gallery  avia-gallery-1 avia_lazyload avia_animate_when_visible'  itemprop=\"ImageObject\" itemscope=\"itemscope\" itemtype=\"https:\/\/schema.org\/ImageObject\" ><div class='avia-gallery-thumb'> <a href='https:\/\/nokianprofiilit.fi\/wp-content\/uploads\/2018\/09\/Picture10.png' data-rel='gallery-1' data-prev-img='https:\/\/nokianprofiilit.fi\/wp-content\/uploads\/2018\/09\/Picture10-674x321.png' class='first_thumb lightbox' data-onclick='1' title='Nokian Profiles Oy'  itemprop=\"thumbnailUrl\" ><img data-avia-tooltip='Nokian Profiilit Oy' src='https:\/\/nokianprofiilit.fi\/wp-content\/uploads\/2018\/09\/Picture10-495x400.png' width='495' height='400'  title='Nokian Profiles Oy' alt='' \/><\/a> <a href='https:\/\/nokianprofiilit.fi\/wp-content\/uploads\/2018\/09\/Picture11.png' data-rel='gallery-1' data-prev-img='https:\/\/nokianprofiilit.fi\/wp-content\/uploads\/2018\/09\/Picture11-845x321.png' class='lightbox' data-onclick='2' title='Tuotanto'  itemprop=\"thumbnailUrl\" ><img data-avia-tooltip='Tuotanto' src='https:\/\/nokianprofiilit.fi\/wp-content\/uploads\/2018\/09\/Picture11-495x400.png' width='495' height='400'  title='Tuotanto' alt='' \/><\/a><\/div><\/div>","protected":false},"excerpt":{"rendered":"","protected":false},"author":1,"featured_media":0,"parent":0,"menu_order":0,"comment_status":"closed","ping_status":"closed","template":"","meta":{"footnotes":""},"yoast_head":"<!-- This site is optimized with the Yoast SEO plugin v22.1 - https:\/\/yoast.com\/wordpress\/plugins\/seo\/ -->\n<title>Yritys | Nokian Profiilit Oy | Julkisivut ja alumiiniprofiilit eri tarpeisiin<\/title>\n<meta name=\"description\" content=\"Nokian Profiilit Oy on Lohjalla toimiva yhti\u00f6, joka myy, markkinoi, suunnittelee ja toimittaa alumiiniprofiileista valmistettuja ratkaisuja\" \/>\n<meta name=\"robots\" content=\"index, follow, max-snippet:-1, max-image-preview:large, max-video-preview:-1\" \/>\n<link rel=\"canonical\" href=\"https:\/\/nokianprofiilit.fi\/en\/nokian-profillit-oy\/\" \/>\n<meta property=\"og:locale\" content=\"en_GB\" \/>\n<meta property=\"og:type\" content=\"article\" \/>\n<meta property=\"og:title\" content=\"Yritys | Nokian Profiilit Oy | Julkisivut ja alumiiniprofiilit eri tarpeisiin\" \/>\n<meta property=\"og:description\" content=\"Nokian Profiilit Oy on Lohjalla toimiva yhti\u00f6, joka myy, markkinoi, suunnittelee ja toimittaa alumiiniprofiileista valmistettuja ratkaisuja\" \/>\n<meta property=\"og:url\" content=\"https:\/\/nokianprofiilit.fi\/en\/nokian-profillit-oy\/\" \/>\n<meta property=\"og:site_name\" content=\"Nokian Profiilit Oy\" \/>\n<meta property=\"article:publisher\" content=\"https:\/\/www.facebook.com\/Nokian-Profiilit-Oy-131383804412730\/\" \/>\n<meta property=\"article:modified_time\" content=\"2022-03-02T12:47:23+00:00\" \/>\n<meta name=\"twitter:card\" content=\"summary_large_image\" \/>\n<meta name=\"twitter:label1\" content=\"Est. reading time\" \/>\n\t<meta name=\"twitter:data1\" content=\"7 minutes\" \/>\n<script type=\"application\/ld+json\" class=\"yoast-schema-graph\">{\"@context\":\"https:\/\/schema.org\",\"@graph\":[{\"@type\":\"WebPage\",\"@id\":\"https:\/\/nokianprofiilit.fi\/nokian-profillit-oy\/\",\"url\":\"https:\/\/nokianprofiilit.fi\/nokian-profillit-oy\/\",\"name\":\"Yritys | Nokian Profiilit Oy | Julkisivut ja alumiiniprofiilit eri tarpeisiin\",\"isPartOf\":{\"@id\":\"https:\/\/nokianprofiilit.fi\/#website\"},\"datePublished\":\"2018-07-26T11:54:28+00:00\",\"dateModified\":\"2022-03-02T12:47:23+00:00\",\"description\":\"Nokian Profiilit Oy on Lohjalla toimiva yhti\u00f6, joka myy, markkinoi, suunnittelee ja toimittaa alumiiniprofiileista valmistettuja ratkaisuja\",\"breadcrumb\":{\"@id\":\"https:\/\/nokianprofiilit.fi\/nokian-profillit-oy\/#breadcrumb\"},\"inLanguage\":\"en-GB\",\"potentialAction\":[{\"@type\":\"ReadAction\",\"target\":[\"https:\/\/nokianprofiilit.fi\/nokian-profillit-oy\/\"]}]},{\"@type\":\"BreadcrumbList\",\"@id\":\"https:\/\/nokianprofiilit.fi\/nokian-profillit-oy\/#breadcrumb\",\"itemListElement\":[{\"@type\":\"ListItem\",\"position\":1,\"name\":\"Home\",\"item\":\"https:\/\/nokianprofiilit.fi\/\"},{\"@type\":\"ListItem\",\"position\":2,\"name\":\"Nokian Profiilit Oy\"}]},{\"@type\":\"WebSite\",\"@id\":\"https:\/\/nokianprofiilit.fi\/#website\",\"url\":\"https:\/\/nokianprofiilit.fi\/\",\"name\":\"Nokian Profiilit Oy\",\"description\":\"Julkisivut ja alumiiniprofiilit teollisuuden eri tarpeisiin\",\"potentialAction\":[{\"@type\":\"SearchAction\",\"target\":{\"@type\":\"EntryPoint\",\"urlTemplate\":\"https:\/\/nokianprofiilit.fi\/?s={search_term_string}\"},\"query-input\":\"required name=search_term_string\"}],\"inLanguage\":\"en-GB\"}]}<\/script>\n<!-- \/ Yoast SEO plugin. -->","yoast_head_json":{"title":"Yritys | Nokian Profiilit Oy | Julkisivut ja alumiiniprofiilit eri tarpeisiin","description":"Nokian Profiilit Oy on Lohjalla toimiva yhti\u00f6, joka myy, markkinoi, suunnittelee ja toimittaa alumiiniprofiileista valmistettuja ratkaisuja","robots":{"index":"index","follow":"follow","max-snippet":"max-snippet:-1","max-image-preview":"max-image-preview:large","max-video-preview":"max-video-preview:-1"},"canonical":"https:\/\/nokianprofiilit.fi\/en\/nokian-profillit-oy\/","og_locale":"en_GB","og_type":"article","og_title":"Yritys | Nokian Profiilit Oy | Julkisivut ja alumiiniprofiilit eri tarpeisiin","og_description":"Nokian Profiilit Oy on Lohjalla toimiva yhti\u00f6, joka myy, markkinoi, suunnittelee ja toimittaa alumiiniprofiileista valmistettuja ratkaisuja","og_url":"https:\/\/nokianprofiilit.fi\/en\/nokian-profillit-oy\/","og_site_name":"Nokian Profiilit Oy","article_publisher":"https:\/\/www.facebook.com\/Nokian-Profiilit-Oy-131383804412730\/","article_modified_time":"2022-03-02T12:47:23+00:00","twitter_card":"summary_large_image","twitter_misc":{"Est. reading time":"7 minutes"},"schema":{"@context":"https:\/\/schema.org","@graph":[{"@type":"WebPage","@id":"https:\/\/nokianprofiilit.fi\/nokian-profillit-oy\/","url":"https:\/\/nokianprofiilit.fi\/nokian-profillit-oy\/","name":"Yritys | Nokian Profiilit Oy | Julkisivut ja alumiiniprofiilit eri tarpeisiin","isPartOf":{"@id":"https:\/\/nokianprofiilit.fi\/#website"},"datePublished":"2018-07-26T11:54:28+00:00","dateModified":"2022-03-02T12:47:23+00:00","description":"Nokian Profiilit Oy on Lohjalla toimiva yhti\u00f6, joka myy, markkinoi, suunnittelee ja toimittaa alumiiniprofiileista valmistettuja ratkaisuja","breadcrumb":{"@id":"https:\/\/nokianprofiilit.fi\/nokian-profillit-oy\/#breadcrumb"},"inLanguage":"en-GB","potentialAction":[{"@type":"ReadAction","target":["https:\/\/nokianprofiilit.fi\/nokian-profillit-oy\/"]}]},{"@type":"BreadcrumbList","@id":"https:\/\/nokianprofiilit.fi\/nokian-profillit-oy\/#breadcrumb","itemListElement":[{"@type":"ListItem","position":1,"name":"Home","item":"https:\/\/nokianprofiilit.fi\/"},{"@type":"ListItem","position":2,"name":"Nokian Profiilit Oy"}]},{"@type":"WebSite","@id":"https:\/\/nokianprofiilit.fi\/#website","url":"https:\/\/nokianprofiilit.fi\/","name":"Nokian Profiilit Oy","description":"Julkisivut ja alumiiniprofiilit teollisuuden eri tarpeisiin","potentialAction":[{"@type":"SearchAction","target":{"@type":"EntryPoint","urlTemplate":"https:\/\/nokianprofiilit.fi\/?s={search_term_string}"},"query-input":"required name=search_term_string"}],"inLanguage":"en-GB"}]}},"_links":{"self":[{"href":"https:\/\/nokianprofiilit.fi\/en\/wp-json\/wp\/v2\/pages\/1646"}],"collection":[{"href":"https:\/\/nokianprofiilit.fi\/en\/wp-json\/wp\/v2\/pages"}],"about":[{"href":"https:\/\/nokianprofiilit.fi\/en\/wp-json\/wp\/v2\/types\/page"}],"author":[{"embeddable":true,"href":"https:\/\/nokianprofiilit.fi\/en\/wp-json\/wp\/v2\/users\/1"}],"replies":[{"embeddable":true,"href":"https:\/\/nokianprofiilit.fi\/en\/wp-json\/wp\/v2\/comments?post=1646"}],"version-history":[{"count":39,"href":"https:\/\/nokianprofiilit.fi\/en\/wp-json\/wp\/v2\/pages\/1646\/revisions"}],"predecessor-version":[{"id":5506,"href":"https:\/\/nokianprofiilit.fi\/en\/wp-json\/wp\/v2\/pages\/1646\/revisions\/5506"}],"wp:attachment":[{"href":"https:\/\/nokianprofiilit.fi\/en\/wp-json\/wp\/v2\/media?parent=1646"}],"curies":[{"name":"wp","href":"https:\/\/api.w.org\/{rel}","templated":true}]}}