{"id":1640,"date":"2018-07-26T11:53:22","date_gmt":"2018-07-26T11:53:22","guid":{"rendered":"http:\/\/nokianprofiilit.fi\/?page_id=1640"},"modified":"2019-05-01T19:51:35","modified_gmt":"2019-05-01T19:51:35","slug":"referenssit-suomessa","status":"publish","type":"page","link":"https:\/\/nokianprofiilit.fi\/en\/referenssit-suomessa\/","title":{"rendered":"In Finland"},"content":{"rendered":"<\/div><\/div><\/div><!-- close content main div --><\/div><\/div><div id='full_slider_1' class='avia-fullwidth-slider main_color avia-shadow    container_wrap fullsize'   ><div  data-size='featured'  data-lightbox_size='large'  data-animation='slide'  data-conditional_play=''  data-ids='2211'  data-video_counter='0'  data-autoplay='false'  data-bg_slider='false'  data-slide_height=''  data-handle='av_slideshow_full'  data-interval='5'  data-class=' '  data-css_id=''  data-scroll_down=''  data-control_layout='av-control-default'  data-custom_markup=''  data-perma_caption=''  data-autoplay_stopper=''  data-image_attachment=''  data-min_height='0px'  data-src=''  data-position='top left'  data-repeat='no-repeat'  data-attach='scroll'  data-stretch=''  data-default-height='28.666666666667'  class='avia-slideshow avia-slideshow-1  av-control-default av-default-height-applied avia-slideshow-featured av_slideshow_full   avia-slide-slider'  itemprop=\"ImageObject\" itemscope=\"itemscope\" itemtype=\"https:\/\/schema.org\/ImageObject\" ><ul class='avia-slideshow-inner' style='padding-bottom: 28.666666666667%;' ><li  class='av-single-slide slide-1' ><div data-rel='slideshow-1' class='avia-slide-wrap'   ><div class = \"caption_fullwidth av-slideshow-caption caption_bottom\"><div class = \"container caption_container\"><div class = \"slideshow_caption\"><div class = \"slideshow_inner_caption\"><div class = \"slideshow_align_caption\"><h2  class='avia-caption-title'  itemprop=\"name\" >In Finland<\/h2><\/div><\/div><\/div><\/div><\/div><img src='https:\/\/nokianprofiilit.fi\/wp-content\/uploads\/2018\/09\/AdobeStock_109254268-1500x430.jpeg' width='1500' height='430' title='Referenssit Helsingiss\u00e4' alt='Referenssit Helsingiss\u00e4'  itemprop=\"thumbnailUrl\"   \/><\/div><\/li><\/ul><\/div><\/div>\r\n\r\n<div style='padding-bottom:10px; color:#40a8e4;' class='av-special-heading av-special-heading-h3 custom-color-heading'><h3 class='av-special-heading-tag'  itemprop=\"headline\"  >References in Finland<\/h3><div class='special-heading-border'><div class='special-heading-inner-border' style='border-color:#40a8e4'><\/div><\/div><\/div>\r\n\r\n<div  data-size='featured_large'  data-lightbox_size='large'  data-animation='slide'  data-conditional_play=''  data-ids='2843,2842,2841,2840,2839,4221,4222'  data-video_counter='0'  data-autoplay='false'  data-bg_slider='false'  data-slide_height=''  data-handle='av_slideshow'  data-interval='5'  data-class='  '  data-css_id=''  data-scroll_down=''  data-control_layout='av-control-default'  data-custom_markup=''  data-perma_caption=''  data-autoplay_stopper=''  data-image_attachment=''  data-min_height='0px'  data-default-height='42'  class='avia-slideshow avia-slideshow-2  av-control-default av-default-height-applied avia-slideshow-featured_large av_slideshow    avia-slide-slider'  itemprop=\"ImageObject\" itemscope=\"itemscope\" itemtype=\"https:\/\/schema.org\/ImageObject\" ><ul class='avia-slideshow-inner' style='padding-bottom: 42%;' ><li  class='slide-1' ><a href='https:\/\/nokianprofiilit.fi\/wp-content\/uploads\/2018\/10\/WP_20150827_14_06_23_Pro-1030x579.jpg' data-rel='slideshow-2' class='avia-slide-wrap'   ><img src='https:\/\/nokianprofiilit.fi\/wp-content\/uploads\/2018\/10\/WP_20150827_14_06_23_Pro-1500x630.jpg' width='1500' height='630' title='julksivut' alt=''  itemprop=\"thumbnailUrl\"   \/><\/a><\/li><li  class='slide-2' ><a href='https:\/\/nokianprofiilit.fi\/wp-content\/uploads\/2018\/10\/WP_20150827_16_17_55_Pro-1030x579.jpg' data-rel='slideshow-2' class='avia-slide-wrap'   ><img src='https:\/\/nokianprofiilit.fi\/wp-content\/uploads\/2018\/10\/WP_20150827_16_17_55_Pro-1500x630.jpg' width='1500' height='630' title='WP_20150827_16_17_55_Pro' alt=''  itemprop=\"thumbnailUrl\"   \/><\/a><\/li><li  class='slide-3' ><a href='https:\/\/nokianprofiilit.fi\/wp-content\/uploads\/2018\/10\/WP_20150827_14_46_27_Pro-1030x579.jpg' data-rel='slideshow-2' class='avia-slide-wrap'   ><img src='https:\/\/nokianprofiilit.fi\/wp-content\/uploads\/2018\/10\/WP_20150827_14_46_27_Pro-1500x630.jpg' width='1500' height='630' title='WP_20150827_14_46_27_Pro' alt=''  itemprop=\"thumbnailUrl\"   \/><\/a><\/li><li  class='slide-4' ><a href='https:\/\/nokianprofiilit.fi\/wp-content\/uploads\/2018\/10\/WP_20150827_15_38_50_Pro-1030x579.jpg' data-rel='slideshow-2' class='avia-slide-wrap'   ><img src='https:\/\/nokianprofiilit.fi\/wp-content\/uploads\/2018\/10\/WP_20150827_15_38_50_Pro-1500x630.jpg' width='1500' height='630' title='WP_20150827_15_38_50_Pro' alt=''  itemprop=\"thumbnailUrl\"   \/><\/a><\/li><li  class='slide-5' ><a href='https:\/\/nokianprofiilit.fi\/wp-content\/uploads\/2018\/10\/WP_20150827_15_33_41_Pro-1030x579.jpg' data-rel='slideshow-2' class='avia-slide-wrap'   ><img src='https:\/\/nokianprofiilit.fi\/wp-content\/uploads\/2018\/10\/WP_20150827_15_33_41_Pro-1500x630.jpg' width='1500' height='630' title='WP_20150827_15_33_41_Pro' alt=''  itemprop=\"thumbnailUrl\"   \/><\/a><\/li><li  class='slide-6' ><div data-rel='slideshow-2' class='avia-slide-wrap'   ><img src='https:\/\/nokianprofiilit.fi\/wp-content\/uploads\/2018\/12\/204-Tecnotree-Oyj-Espoo-1500x630.jpg' width='1500' height='630' title='Tecnotree Oyj, Espoo' alt=''  itemprop=\"thumbnailUrl\"   \/><\/div><\/li><li  class='slide-7' ><div data-rel='slideshow-2' class='avia-slide-wrap'   ><img src='https:\/\/nokianprofiilit.fi\/wp-content\/uploads\/2018\/12\/205-Luhdan-p\u00e4\u00e4konttori-Lahti-1500x630.jpg' width='1500' height='630' title='Luhdan p\u00e4\u00e4konttori, Lahti' alt=''  itemprop=\"thumbnailUrl\"   \/><\/div><\/li><\/ul><div class='avia-slideshow-arrows avia-slideshow-controls'><a href='#prev' class='prev-slide' aria-hidden='true' data-av_icon='\ue87c' data-av_iconfont='entypo-fontello'>Previous<\/a><a href='#next' class='next-slide' aria-hidden='true' data-av_icon='\ue87d' data-av_iconfont='entypo-fontello'>Next<\/a><\/div><div class='avia-slideshow-dots avia-slideshow-controls'><a href='#1' class='goto-slide active' >1<\/a><a href='#2' class='goto-slide' >2<\/a><a href='#3' class='goto-slide' >3<\/a><a href='#4' class='goto-slide' >4<\/a><a href='#5' class='goto-slide' >5<\/a><a href='#6' class='goto-slide' >6<\/a><a href='#7' class='goto-slide' >7<\/a><\/div><\/div>\r\n\r\n<div class='avia-gallery  avia-gallery-1 deactivate_avia_lazyload avia_animate_when_visible'  itemprop=\"ImageObject\" itemscope=\"itemscope\" itemtype=\"https:\/\/schema.org\/ImageObject\" ><div class='avia-gallery-thumb'> <a href='https:\/\/nokianprofiilit.fi\/wp-content\/uploads\/2018\/09\/Picture2.png' data-rel='gallery-1' data-prev-img='https:\/\/nokianprofiilit.fi\/wp-content\/uploads\/2018\/09\/Picture2-495x400.png' class='first_thumb lightbox' data-onclick='1' title='R53Vertex - Jaakko P\u00f6yry Oy, P\u00e4\u00e4konttori'  itemprop=\"thumbnailUrl\" ><img data-avia-tooltip='R53Vertex &#8211; Jaakko P\u00f6yry Oy, P\u00e4\u00e4konttori' src='https:\/\/nokianprofiilit.fi\/wp-content\/uploads\/2018\/09\/Picture2-260x185.png' width='260' height='185'  title='R53Vertex - Jaakko P\u00f6yry Oy - P\u00e4\u00e4konttori' alt='' \/><\/a> <a href='https:\/\/nokianprofiilit.fi\/wp-content\/uploads\/2018\/09\/R54-Physicum-1030x555.png' data-rel='gallery-1' data-prev-img='https:\/\/nokianprofiilit.fi\/wp-content\/uploads\/2018\/09\/R54-Physicum-495x400.png' class='lightbox' data-onclick='2' title='R54 Physicum'  itemprop=\"thumbnailUrl\" ><img data-avia-tooltip='R54 Physicum  ' src='https:\/\/nokianprofiilit.fi\/wp-content\/uploads\/2018\/09\/R54-Physicum-260x185.png' width='260' height='185'  title='R54 Physicum' alt='' \/><\/a> <a href='https:\/\/nokianprofiilit.fi\/wp-content\/uploads\/2018\/09\/R53Vertex-Bio-Medicum.png' data-rel='gallery-1' data-prev-img='https:\/\/nokianprofiilit.fi\/wp-content\/uploads\/2018\/09\/R53Vertex-Bio-Medicum-495x400.png' class='lightbox' data-onclick='3' title='R53Vertex - Bio Medicum'  itemprop=\"thumbnailUrl\" ><img data-avia-tooltip='R53Vertex &#8211; Bio Medicum ' src='https:\/\/nokianprofiilit.fi\/wp-content\/uploads\/2018\/09\/R53Vertex-Bio-Medicum-260x185.png' width='260' height='185'  title='R53Vertex Bio Medicum' alt='' \/><\/a> <a href='https:\/\/nokianprofiilit.fi\/wp-content\/uploads\/2018\/09\/R53Vertex-ja-R54-Innopoli.png' data-rel='gallery-1' data-prev-img='https:\/\/nokianprofiilit.fi\/wp-content\/uploads\/2018\/09\/R53Vertex-ja-R54-Innopoli-495x400.png' class='lightbox' data-onclick='4' title='R53Vertex ja R54 Innopoli'  itemprop=\"thumbnailUrl\" ><img data-avia-tooltip='R53Vertex ja R54 Innopoli  ' src='https:\/\/nokianprofiilit.fi\/wp-content\/uploads\/2018\/09\/R53Vertex-ja-R54-Innopoli-260x185.png' width='260' height='185'  title='R53Vertex ja R54 Innopoli' alt='' \/><\/a> <a href='https:\/\/nokianprofiilit.fi\/wp-content\/uploads\/2018\/09\/R53Vertex-Iso-Omena-kauppakeskus-Espoo.png' data-rel='gallery-1' data-prev-img='https:\/\/nokianprofiilit.fi\/wp-content\/uploads\/2018\/09\/R53Vertex-Iso-Omena-kauppakeskus-Espoo-495x400.png' class='first_thumb lightbox' data-onclick='5' title='R53Vertex - Iso Omena kauppakeskus, Espoo'  itemprop=\"thumbnailUrl\" ><img data-avia-tooltip='R53Vertex &#8211; Iso Omena kauppakeskus, Espoo  ' src='https:\/\/nokianprofiilit.fi\/wp-content\/uploads\/2018\/09\/R53Vertex-Iso-Omena-kauppakeskus-Espoo-260x185.png' width='260' height='185'  title='R53Vertex - Iso Omena kauppakeskus, Espoo' alt='' \/><\/a> <a href='https:\/\/nokianprofiilit.fi\/wp-content\/uploads\/2018\/09\/Picture4.png' data-rel='gallery-1' data-prev-img='https:\/\/nokianprofiilit.fi\/wp-content\/uploads\/2018\/09\/Picture4-495x400.png' class='lightbox' data-onclick='6' title=''  itemprop=\"thumbnailUrl\" ><img  src='https:\/\/nokianprofiilit.fi\/wp-content\/uploads\/2018\/09\/Picture4-260x185.png' width='260' height='185'  title='R54 ja R53Vertex - Ilmarinen Oy, P\u00e4\u00e4konttori' alt='' \/><\/a> <a href='https:\/\/nokianprofiilit.fi\/wp-content\/uploads\/2018\/09\/Picture2-1-1030x750.png' data-rel='gallery-1' data-prev-img='https:\/\/nokianprofiilit.fi\/wp-content\/uploads\/2018\/09\/Picture2-1-495x400.png' class='lightbox' data-onclick='7' title='R53Vertex - Kiinteist\u00f6 Oy, S\u00e4terinkatu 6'  itemprop=\"thumbnailUrl\" ><img data-avia-tooltip='R53Vertex &#8211; Kiinteist\u00f6 Oy, S\u00e4terinkatu 6  ' src='https:\/\/nokianprofiilit.fi\/wp-content\/uploads\/2018\/09\/Picture2-1-260x185.png' width='260' height='185'  title='R53Vertex - Kiinteist\u00f6 Oy, S\u00e4terinkatu 6' alt='' \/><\/a> <a href='https:\/\/nokianprofiilit.fi\/wp-content\/uploads\/2018\/09\/Picture3.png' data-rel='gallery-1' data-prev-img='https:\/\/nokianprofiilit.fi\/wp-content\/uploads\/2018\/09\/Picture3-495x400.png' class='lightbox' data-onclick='8' title='R53Vertex - Helsingin lentokonett\u00e4, Finnair'  itemprop=\"thumbnailUrl\" ><img data-avia-tooltip='R53Vertex &#8211; Helsingin lentokonett\u00e4, Finnair' src='https:\/\/nokianprofiilit.fi\/wp-content\/uploads\/2018\/09\/Picture3-260x185.png' width='260' height='185'  title='R53Vertex - Helsingin lentokonett\u00e4, Finnair' alt='' \/><\/a> <a href='https:\/\/nokianprofiilit.fi\/wp-content\/uploads\/2018\/09\/R54-Are-Sensus-House-1030x641.png' data-rel='gallery-1' data-prev-img='https:\/\/nokianprofiilit.fi\/wp-content\/uploads\/2018\/09\/R54-Are-Sensus-House-495x400.png' class='first_thumb lightbox' data-onclick='9' title='R54 - Are Sensus House'  itemprop=\"thumbnailUrl\" ><img data-avia-tooltip='R54 &#8211; Are Sensus House  ' src='https:\/\/nokianprofiilit.fi\/wp-content\/uploads\/2018\/09\/R54-Are-Sensus-House-260x185.png' width='260' height='185'  title='R54 - Are Sensus House' alt='' \/><\/a> <a href='https:\/\/nokianprofiilit.fi\/wp-content\/uploads\/2018\/09\/Picture1.jpg' data-rel='gallery-1' data-prev-img='https:\/\/nokianprofiilit.fi\/wp-content\/uploads\/2018\/09\/Picture1.jpg' class='lightbox' data-onclick='10' title='Nokia Oy - P\u00e4\u00e4konttori, Microsoft)'  itemprop=\"thumbnailUrl\" ><img data-avia-tooltip='Nokia Oy &#8211; P\u00e4\u00e4konttori, Microsoft)' src='https:\/\/nokianprofiilit.fi\/wp-content\/uploads\/2018\/09\/Picture1-260x185.jpg' width='260' height='185'  title='Nokia Oy - P\u00e4\u00e4konttori (Microsoft)' alt='' \/><\/a> <a href='https:\/\/nokianprofiilit.fi\/wp-content\/uploads\/2018\/12\/205-Luhdan-p\u00e4\u00e4konttori-Lahti-1030x710.jpg' data-rel='gallery-1' data-prev-img='https:\/\/nokianprofiilit.fi\/wp-content\/uploads\/2018\/12\/205-Luhdan-p\u00e4\u00e4konttori-Lahti-495x400.jpg' class='lightbox' data-onclick='11' title='Luhdan p\u00e4\u00e4konttori, Lahti'  itemprop=\"thumbnailUrl\" ><img data-avia-tooltip='Luhdan p\u00e4\u00e4konttori, Lahti' src='https:\/\/nokianprofiilit.fi\/wp-content\/uploads\/2018\/12\/205-Luhdan-p\u00e4\u00e4konttori-Lahti-260x185.jpg' width='260' height='185'  title='Luhdan p\u00e4\u00e4konttori, Lahti' alt='' \/><\/a> <a href='https:\/\/nokianprofiilit.fi\/wp-content\/uploads\/2018\/12\/204-Tecnotree-Oyj-Espoo-1030x687.jpg' data-rel='gallery-1' data-prev-img='https:\/\/nokianprofiilit.fi\/wp-content\/uploads\/2018\/12\/204-Tecnotree-Oyj-Espoo-495x400.jpg' class='lightbox' data-onclick='12' title='Tecnotree Oyj, Espoo'  itemprop=\"thumbnailUrl\" ><img data-avia-tooltip='Tecnotree Oyj, Espoo' src='https:\/\/nokianprofiilit.fi\/wp-content\/uploads\/2018\/12\/204-Tecnotree-Oyj-Espoo-260x185.jpg' width='260' height='185'  title='Tecnotree Oyj, Espoo' alt='' \/><\/a> <a href='https:\/\/nokianprofiilit.fi\/wp-content\/uploads\/2019\/04\/zsar-outlet-village-1030x773.jpg' data-rel='gallery-1' data-prev-img='https:\/\/nokianprofiilit.fi\/wp-content\/uploads\/2019\/04\/zsar-outlet-village-495x400.jpg' class='first_thumb lightbox' data-onclick='13' title='Zsar Outlet  Village, Vaalimaa.'  itemprop=\"thumbnailUrl\" ><img data-avia-tooltip='Zsar Outlet  Village, Vaalimaa.' src='https:\/\/nokianprofiilit.fi\/wp-content\/uploads\/2019\/04\/zsar-outlet-village-260x185.jpg' width='260' height='185'  title='zsar outlet village' alt='zsar outlet village' \/><\/a><\/div><\/div>\r\n\r\n<section class=\"av_textblock_section\"  itemscope=\"itemscope\" itemtype=\"https:\/\/schema.org\/CreativeWork\" ><div class='avia_textblock'   itemprop=\"text\" ><div class=\"col-md-9 col-sm-9 col-xs-12 block\">\n<div class=\"e-block\">\n<p style=\"font-weight: 400;\">Yli 50 vuoden toimintavuotemme aikana olemme olleet toimittamassa rakennusj\u00e4rjestelmi\u00e4 tuhansiin kohteisiin ymp\u00e4ri Suomea.<\/p>\n<p style=\"font-weight: 400;\">Kohteina ovat olleet niin toimistorakennukset, liikehuoneistot, sairaalat, lentoasemat, kauppakeskukset, teollisuushallit, asuntoyhti\u00f6t kuin pientalotkin.<\/p>\n<p style=\"font-weight: 400;\">Kysy alueesi referenssej\u00e4 meilt\u00e4 s\u00e4hk\u00f6postitse\u00a0<a href=\"mailto:myynti@nokianprofiilit.fi\">myynti@nokianprofiilit.fi<\/a>, niin voimme l\u00e4hett\u00e4\u00e4 luettelon uusimmista referensseist\u00e4mme.<\/p>\n<\/div>\n<\/div>\n<\/div><\/section>","protected":false},"excerpt":{"rendered":"","protected":false},"author":1,"featured_media":0,"parent":0,"menu_order":0,"comment_status":"closed","ping_status":"closed","template":"","meta":{"footnotes":""},"yoast_head":"<!-- This site is optimized with the Yoast SEO plugin v22.1 - https:\/\/yoast.com\/wordpress\/plugins\/seo\/ -->\n<title>Referenssit Suomessa | Nokian Profiilit Oy<\/title>\n<meta name=\"description\" content=\"Yli 50 vuoden toimintavuotemme aikana olemme olleet toimittamassa rakennusj\u00e4rjestelmi\u00e4 tuhansiin kohteisiin ymp\u00e4ri Suomea.\" \/>\n<meta name=\"robots\" content=\"index, follow, max-snippet:-1, max-image-preview:large, max-video-preview:-1\" \/>\n<link rel=\"canonical\" href=\"https:\/\/nokianprofiilit.fi\/en\/referenssit-suomessa\/\" \/>\n<meta property=\"og:locale\" content=\"en_GB\" \/>\n<meta property=\"og:type\" content=\"article\" \/>\n<meta property=\"og:title\" content=\"Referenssit Suomessa | Nokian Profiilit Oy\" \/>\n<meta property=\"og:description\" content=\"Yli 50 vuoden toimintavuotemme aikana olemme olleet toimittamassa rakennusj\u00e4rjestelmi\u00e4 tuhansiin kohteisiin ymp\u00e4ri Suomea.\" \/>\n<meta property=\"og:url\" content=\"https:\/\/nokianprofiilit.fi\/en\/referenssit-suomessa\/\" \/>\n<meta property=\"og:site_name\" content=\"Nokian Profiilit Oy\" \/>\n<meta property=\"article:publisher\" content=\"https:\/\/www.facebook.com\/Nokian-Profiilit-Oy-131383804412730\/\" \/>\n<meta property=\"article:modified_time\" content=\"2019-05-01T19:51:35+00:00\" \/>\n<meta name=\"twitter:card\" content=\"summary_large_image\" \/>\n<meta name=\"twitter:label1\" content=\"Est. reading time\" \/>\n\t<meta name=\"twitter:data1\" content=\"4 minutes\" \/>\n<script type=\"application\/ld+json\" class=\"yoast-schema-graph\">{\"@context\":\"https:\/\/schema.org\",\"@graph\":[{\"@type\":\"WebPage\",\"@id\":\"https:\/\/nokianprofiilit.fi\/referenssit-suomessa\/\",\"url\":\"https:\/\/nokianprofiilit.fi\/referenssit-suomessa\/\",\"name\":\"Referenssit Suomessa | Nokian Profiilit Oy\",\"isPartOf\":{\"@id\":\"https:\/\/nokianprofiilit.fi\/#website\"},\"datePublished\":\"2018-07-26T11:53:22+00:00\",\"dateModified\":\"2019-05-01T19:51:35+00:00\",\"description\":\"Yli 50 vuoden toimintavuotemme aikana olemme olleet toimittamassa rakennusj\u00e4rjestelmi\u00e4 tuhansiin kohteisiin ymp\u00e4ri Suomea.\",\"breadcrumb\":{\"@id\":\"https:\/\/nokianprofiilit.fi\/referenssit-suomessa\/#breadcrumb\"},\"inLanguage\":\"en-GB\",\"potentialAction\":[{\"@type\":\"ReadAction\",\"target\":[\"https:\/\/nokianprofiilit.fi\/referenssit-suomessa\/\"]}]},{\"@type\":\"BreadcrumbList\",\"@id\":\"https:\/\/nokianprofiilit.fi\/referenssit-suomessa\/#breadcrumb\",\"itemListElement\":[{\"@type\":\"ListItem\",\"position\":1,\"name\":\"Home\",\"item\":\"https:\/\/nokianprofiilit.fi\/\"},{\"@type\":\"ListItem\",\"position\":2,\"name\":\"Suomessa\"}]},{\"@type\":\"WebSite\",\"@id\":\"https:\/\/nokianprofiilit.fi\/#website\",\"url\":\"https:\/\/nokianprofiilit.fi\/\",\"name\":\"Nokian Profiilit Oy\",\"description\":\"Julkisivut ja alumiiniprofiilit teollisuuden eri tarpeisiin\",\"potentialAction\":[{\"@type\":\"SearchAction\",\"target\":{\"@type\":\"EntryPoint\",\"urlTemplate\":\"https:\/\/nokianprofiilit.fi\/?s={search_term_string}\"},\"query-input\":\"required name=search_term_string\"}],\"inLanguage\":\"en-GB\"}]}<\/script>\n<!-- \/ Yoast SEO plugin. -->","yoast_head_json":{"title":"Referenssit Suomessa | Nokian Profiilit Oy","description":"Yli 50 vuoden toimintavuotemme aikana olemme olleet toimittamassa rakennusj\u00e4rjestelmi\u00e4 tuhansiin kohteisiin ymp\u00e4ri Suomea.","robots":{"index":"index","follow":"follow","max-snippet":"max-snippet:-1","max-image-preview":"max-image-preview:large","max-video-preview":"max-video-preview:-1"},"canonical":"https:\/\/nokianprofiilit.fi\/en\/referenssit-suomessa\/","og_locale":"en_GB","og_type":"article","og_title":"Referenssit Suomessa | Nokian Profiilit Oy","og_description":"Yli 50 vuoden toimintavuotemme aikana olemme olleet toimittamassa rakennusj\u00e4rjestelmi\u00e4 tuhansiin kohteisiin ymp\u00e4ri Suomea.","og_url":"https:\/\/nokianprofiilit.fi\/en\/referenssit-suomessa\/","og_site_name":"Nokian Profiilit Oy","article_publisher":"https:\/\/www.facebook.com\/Nokian-Profiilit-Oy-131383804412730\/","article_modified_time":"2019-05-01T19:51:35+00:00","twitter_card":"summary_large_image","twitter_misc":{"Est. reading time":"4 minutes"},"schema":{"@context":"https:\/\/schema.org","@graph":[{"@type":"WebPage","@id":"https:\/\/nokianprofiilit.fi\/referenssit-suomessa\/","url":"https:\/\/nokianprofiilit.fi\/referenssit-suomessa\/","name":"Referenssit Suomessa | Nokian Profiilit Oy","isPartOf":{"@id":"https:\/\/nokianprofiilit.fi\/#website"},"datePublished":"2018-07-26T11:53:22+00:00","dateModified":"2019-05-01T19:51:35+00:00","description":"Yli 50 vuoden toimintavuotemme aikana olemme olleet toimittamassa rakennusj\u00e4rjestelmi\u00e4 tuhansiin kohteisiin ymp\u00e4ri Suomea.","breadcrumb":{"@id":"https:\/\/nokianprofiilit.fi\/referenssit-suomessa\/#breadcrumb"},"inLanguage":"en-GB","potentialAction":[{"@type":"ReadAction","target":["https:\/\/nokianprofiilit.fi\/referenssit-suomessa\/"]}]},{"@type":"BreadcrumbList","@id":"https:\/\/nokianprofiilit.fi\/referenssit-suomessa\/#breadcrumb","itemListElement":[{"@type":"ListItem","position":1,"name":"Home","item":"https:\/\/nokianprofiilit.fi\/"},{"@type":"ListItem","position":2,"name":"Suomessa"}]},{"@type":"WebSite","@id":"https:\/\/nokianprofiilit.fi\/#website","url":"https:\/\/nokianprofiilit.fi\/","name":"Nokian Profiilit Oy","description":"Julkisivut ja alumiiniprofiilit teollisuuden eri tarpeisiin","potentialAction":[{"@type":"SearchAction","target":{"@type":"EntryPoint","urlTemplate":"https:\/\/nokianprofiilit.fi\/?s={search_term_string}"},"query-input":"required name=search_term_string"}],"inLanguage":"en-GB"}]}},"_links":{"self":[{"href":"https:\/\/nokianprofiilit.fi\/en\/wp-json\/wp\/v2\/pages\/1640"}],"collection":[{"href":"https:\/\/nokianprofiilit.fi\/en\/wp-json\/wp\/v2\/pages"}],"about":[{"href":"https:\/\/nokianprofiilit.fi\/en\/wp-json\/wp\/v2\/types\/page"}],"author":[{"embeddable":true,"href":"https:\/\/nokianprofiilit.fi\/en\/wp-json\/wp\/v2\/users\/1"}],"replies":[{"embeddable":true,"href":"https:\/\/nokianprofiilit.fi\/en\/wp-json\/wp\/v2\/comments?post=1640"}],"version-history":[{"count":48,"href":"https:\/\/nokianprofiilit.fi\/en\/wp-json\/wp\/v2\/pages\/1640\/revisions"}],"predecessor-version":[{"id":5501,"href":"https:\/\/nokianprofiilit.fi\/en\/wp-json\/wp\/v2\/pages\/1640\/revisions\/5501"}],"wp:attachment":[{"href":"https:\/\/nokianprofiilit.fi\/en\/wp-json\/wp\/v2\/media?parent=1640"}],"curies":[{"name":"wp","href":"https:\/\/api.w.org\/{rel}","templated":true}]}}